{"id":1345,"date":"2025-03-23T09:15:26","date_gmt":"2025-03-23T09:15:26","guid":{"rendered":"https:\/\/hispanicsociety.org\/about\/contact-us\/"},"modified":"2025-04-27T08:08:55","modified_gmt":"2025-04-27T08:08:55","slug":"contact-us","status":"publish","type":"page","link":"https:\/\/hispanicsociety.org\/es\/about\/contact-us\/","title":{"rendered":"Contacto"},"content":{"rendered":"\r\n<div id=\"full-width-image-block_248bfcfbd9c77da774b61918ae4bbd78\" class=\"block full-width-image height_half\">\r\n            <div class=\"image_container\">\r\n            <figure class=\"\">\r\n                <img loading=\"lazy\" decoding=\"async\" width=\"1440\" height=\"615\" src=\"https:\/\/hispanicsociety.org\/wp-content\/uploads\/2025\/04\/hsa_visit_contact_us.jpg\" class=\"\" alt=\"\" srcset=\"https:\/\/hispanicsociety.org\/wp-content\/uploads\/2025\/04\/hsa_visit_contact_us.jpg 1440w, https:\/\/hispanicsociety.org\/wp-content\/uploads\/2025\/04\/hsa_visit_contact_us-450x192.jpg 450w, https:\/\/hispanicsociety.org\/wp-content\/uploads\/2025\/04\/hsa_visit_contact_us-1200x513.jpg 1200w, https:\/\/hispanicsociety.org\/wp-content\/uploads\/2025\/04\/hsa_visit_contact_us-768x328.jpg 768w\" sizes=\"auto, (max-width: 1440px) 100vw, 1440px\" \/>            <\/figure>\r\n                            <figcaption class=\"\">\r\n                    LITOGRAF\u00cdA UTRILLO &amp; RIALP S. EN C., ca. 1902 Antoni Utrillo                <\/figcaption>\r\n                    <\/div>\r\n    <\/div>\r\n\n\n\r\n<div id=\"text-sections-block_34b75c89621c75ce81303c28fd6e28d1\" class=\"block text-sections\">\r\n            <div class=\"text-section site_width one_cols\">\r\n                            <h2 class=\"section_title\">\r\n                    Contacto                <\/h2>\r\n            \r\n                            <div class=\"text_content\">\r\n                    <p><strong>Direcci\u00f3n postal<br \/>\n<\/strong>The Hispanic Society Museum &amp; Library<br \/>\n613 West 155th Street<br \/>\nNew York, NY 10032<br \/>\nEstados Unidos<\/p>\n<p><strong>Informaci\u00f3n general<br \/>\n<\/strong>Tel.: (212) 926-2234<br \/>\nFax: (212) 690-0743<br \/>\nE-mail: <a href=\"mailto:info@hispanicsociety.org\">info@hispanicsociety.org<\/a><\/p>\n<p><strong>Departamento de Educaci\u00f3n<br \/>\n<\/strong>(Recorridos y visitas en grupo)<br \/>\nTel.: (212) 926-2234, extensi\u00f3n 209<br \/>\nE-mail: <a href=\"mailto:education@hispanicsociety.org\">education@hispanicsociety.org<\/a><\/p>\n<p><strong>Friends of the Hispanic Society of America<br \/>\n<\/strong>(Miembros de Friends of the Hispanic Society)<br \/>\nTel.: (212) 926-2234, extensi\u00f3n 247<br \/>\nE-mail: <a href=\"mailto:development@hispanicsociety.org\">development@hispanicsociety.org<\/a><\/p>\n<p><strong>Becas<br \/>\n<\/strong>Tel.: (212) 926-2234, extensi\u00f3n 212<br \/>\nE-mail: <a href=\"mailto:education@hispanicsociety.org\">education@hispanicsociety.org<\/a><\/p>\n<p><strong>Libros Impresos despu\u00e9s de 1830<br \/>\n<\/strong>Tel.: (212) 926-2234, extensi\u00f3n 260<br \/>\nE-mail: <a href=\"mailto:library@hispanicsociety.org\">library@hispanicsociety.org<\/a><\/p>\n<p><strong>Libros Raros y Manuscritos<br \/>\n<\/strong>Tel.: (212) 926-2234, extensi\u00f3n 251<br \/>\nE-mail: <a href=\"mailto:oldbooks@hispanicsociety.org\">oldbooks@hispanicsociety.org<\/a><\/p>\n<p><strong>Departamento de Museo<br \/>\n<\/strong>Tel.: (212) 926-2234, extensi\u00f3n 212<br \/>\nE-mail: <a href=\"mailto:museum@hispanicsociety.org\">museum@hispanicsociety.org<\/a><\/p>\n<p><strong>Departamento de Grabados y Fotograf\u00edas<br \/>\n<\/strong>Tel.: (212) 926-2234, extensi\u00f3n 282<br \/>\nE-mail: <a href=\"mailto:icon@hispanicsociety.org\">icon@hispanicsociety.og<\/a><\/p>\n<p><strong>Oficina de Prensa<br \/>\n<\/strong>Tel.: (212) 926-2234, extensi\u00f3n 226<br \/>\nE-mail: <a href=\"mailto:press@hispanicsociety.org\">press@hispanicsociety.org<\/a><\/p>\n<p><strong>Publicaciones &amp; Tienda<br \/>\n<\/strong>Tel.: (212) 926-2234<br \/>\nE-mail: <a href=\"mailto:shop@hispanicsociety.org\">shop@hispanicsociety.org<\/a><\/p>\n<p><strong>Eventos Especiales y Alquileres<br \/>\n<\/strong>Tel.: (212) 926-2234, extensi\u00f3n 226<br \/>\nE-mail: <a href=\"mailto:figueroa@hispanicsociety.org\">figueroa@hispanicsociety.org<\/a><\/p>\n                <\/div>\r\n                    <\/div>\r\n    <\/div>\r\n\r\n\n\n\r\n<div id=\"related-content-block_379b171a14fdc0e6e77e53be27e4f923\" class=\"block site_width related-content\">\r\n    <h3 class=\"related-content__heading\">Explorar M\u00e1s<\/h3>    <div class=\"content_cards_grid\">\n                    <article class=\"single_content_card\">\n                <div class=\"content_thumbnail\">\n                    <img loading=\"lazy\" decoding=\"async\" width=\"450\" height=\"339\" src=\"https:\/\/hispanicsociety.org\/wp-content\/uploads\/2025\/04\/history_cover-scaled-1-450x339.jpg\" class=\"attachment-medium size-medium wp-post-image\" alt=\"\" srcset=\"https:\/\/hispanicsociety.org\/wp-content\/uploads\/2025\/04\/history_cover-scaled-1-450x339.jpg 450w, https:\/\/hispanicsociety.org\/wp-content\/uploads\/2025\/04\/history_cover-scaled-1-1200x904.jpg 1200w, https:\/\/hispanicsociety.org\/wp-content\/uploads\/2025\/04\/history_cover-scaled-1-768x579.jpg 768w, https:\/\/hispanicsociety.org\/wp-content\/uploads\/2025\/04\/history_cover-scaled-1-1536x1157.jpg 1536w, https:\/\/hispanicsociety.org\/wp-content\/uploads\/2025\/04\/history_cover-scaled-1-2048x1543.jpg 2048w, https:\/\/hispanicsociety.org\/wp-content\/uploads\/2025\/04\/history_cover-scaled-1-1920x1447.jpg 1920w\" sizes=\"auto, (max-width: 450px) 100vw, 450px\" \/>                <\/div>\n                <div class=\"content_card_info\">\n                    <div class=\"content_card_title\">\n                        Historia                    <\/div>\n                    <div class=\"content_card_excerpt\">\n                                            <\/div>\n                <\/div>\n                <a href=\"https:\/\/hispanicsociety.org\/es\/about\/history-of-hsml\/\" class=\"cta_button small accent\">\n                    Read\n                <\/a>\n            <\/article>\n                    <article class=\"single_content_card\">\n                <div class=\"content_thumbnail\">\n                    <img loading=\"lazy\" decoding=\"async\" width=\"450\" height=\"237\" src=\"https:\/\/hispanicsociety.org\/wp-content\/uploads\/2025\/04\/a1780_madrazo-scaled-1-450x237.jpg\" class=\"attachment-medium size-medium wp-post-image\" alt=\"\" srcset=\"https:\/\/hispanicsociety.org\/wp-content\/uploads\/2025\/04\/a1780_madrazo-scaled-1-450x237.jpg 450w, https:\/\/hispanicsociety.org\/wp-content\/uploads\/2025\/04\/a1780_madrazo-scaled-1-1200x632.jpg 1200w, https:\/\/hispanicsociety.org\/wp-content\/uploads\/2025\/04\/a1780_madrazo-scaled-1-768x405.jpg 768w, https:\/\/hispanicsociety.org\/wp-content\/uploads\/2025\/04\/a1780_madrazo-scaled-1-1536x809.jpg 1536w, https:\/\/hispanicsociety.org\/wp-content\/uploads\/2025\/04\/a1780_madrazo-scaled-1-2048x1079.jpg 2048w, https:\/\/hispanicsociety.org\/wp-content\/uploads\/2025\/04\/a1780_madrazo-scaled-1-1920x1012.jpg 1920w\" sizes=\"auto, (max-width: 450px) 100vw, 450px\" \/>                <\/div>\n                <div class=\"content_card_info\">\n                    <div class=\"content_card_title\">\n                        HSML Global                    <\/div>\n                    <div class=\"content_card_excerpt\">\n                                            <\/div>\n                <\/div>\n                <a href=\"https:\/\/hispanicsociety.org\/es\/about\/hsml-global\/\" class=\"cta_button small accent\">\n                    Read\n                <\/a>\n            <\/article>\n                    <article class=\"single_content_card\">\n                <div class=\"content_thumbnail\">\n                    <img loading=\"lazy\" decoding=\"async\" width=\"450\" height=\"295\" src=\"https:\/\/hispanicsociety.org\/wp-content\/uploads\/2025\/04\/hsa_espana-moderna-5-scaled-1-450x295.jpg\" class=\"attachment-medium size-medium wp-post-image\" alt=\"\" srcset=\"https:\/\/hispanicsociety.org\/wp-content\/uploads\/2025\/04\/hsa_espana-moderna-5-scaled-1-450x295.jpg 450w, https:\/\/hispanicsociety.org\/wp-content\/uploads\/2025\/04\/hsa_espana-moderna-5-scaled-1-1200x786.jpg 1200w, https:\/\/hispanicsociety.org\/wp-content\/uploads\/2025\/04\/hsa_espana-moderna-5-scaled-1-768x503.jpg 768w, https:\/\/hispanicsociety.org\/wp-content\/uploads\/2025\/04\/hsa_espana-moderna-5-scaled-1-1536x1006.jpg 1536w, https:\/\/hispanicsociety.org\/wp-content\/uploads\/2025\/04\/hsa_espana-moderna-5-scaled-1-2048x1341.jpg 2048w, https:\/\/hispanicsociety.org\/wp-content\/uploads\/2025\/04\/hsa_espana-moderna-5-scaled-1-1920x1257.jpg 1920w\" sizes=\"auto, (max-width: 450px) 100vw, 450px\" \/>                <\/div>\n                <div class=\"content_card_info\">\n                    <div class=\"content_card_title\">\n                        Misi\u00f3n                    <\/div>\n                    <div class=\"content_card_excerpt\">\n                                            <\/div>\n                <\/div>\n                <a href=\"https:\/\/hispanicsociety.org\/es\/about\/mission-statement\/\" class=\"cta_button small accent\">\n                    Read\n                <\/a>\n            <\/article>\n                    <article class=\"single_content_card\">\n                <div class=\"content_thumbnail\">\n                    <img loading=\"lazy\" decoding=\"async\" width=\"450\" height=\"301\" src=\"https:\/\/hispanicsociety.org\/wp-content\/uploads\/2025\/04\/a300-450x301.jpg\" class=\"attachment-medium size-medium wp-post-image\" alt=\"\" srcset=\"https:\/\/hispanicsociety.org\/wp-content\/uploads\/2025\/04\/a300-450x301.jpg 450w, https:\/\/hispanicsociety.org\/wp-content\/uploads\/2025\/04\/a300-1200x803.jpg 1200w, https:\/\/hispanicsociety.org\/wp-content\/uploads\/2025\/04\/a300-768x514.jpg 768w, https:\/\/hispanicsociety.org\/wp-content\/uploads\/2025\/04\/a300-1536x1028.jpg 1536w, https:\/\/hispanicsociety.org\/wp-content\/uploads\/2025\/04\/a300-1920x1284.jpg 1920w, https:\/\/hispanicsociety.org\/wp-content\/uploads\/2025\/04\/a300.jpg 2000w\" sizes=\"auto, (max-width: 450px) 100vw, 450px\" \/>                <\/div>\n                <div class=\"content_card_info\">\n                    <div class=\"content_card_title\">\n                        Pol\u00edtica de Gesti\u00f3n de Colecciones e Im\u00e1genes                    <\/div>\n                    <div class=\"content_card_excerpt\">\n                                            <\/div>\n                <\/div>\n                <a href=\"https:\/\/hispanicsociety.org\/es\/about\/image-and-collections-policies\/\" class=\"cta_button small accent\">\n                    Read\n                <\/a>\n            <\/article>\n            <\/div>\n    <\/div>\r\n\n\n\n<p><\/p>\n","protected":false},"excerpt":{"rendered":"","protected":false},"author":1,"featured_media":929,"parent":1336,"menu_order":0,"comment_status":"closed","ping_status":"closed","template":"","meta":{"_acf_changed":false,"footnotes":""},"class_list":["post-1345","page","type-page","status-publish","has-post-thumbnail","hentry"],"acf":[],"yoast_head":"<!-- This site is optimized with the Yoast SEO plugin v26.9 - https:\/\/yoast.com\/product\/yoast-seo-wordpress\/ -->\n<title>Contacto - Hispanic Society Museum and Library<\/title>\n<meta name=\"robots\" content=\"index, follow, max-snippet:-1, max-image-preview:large, max-video-preview:-1\" \/>\n<link rel=\"canonical\" href=\"https:\/\/hispanicsociety.org\/about\/contact-us\/\" \/>\n<meta property=\"og:locale\" content=\"es_ES\" \/>\n<meta property=\"og:type\" content=\"article\" \/>\n<meta property=\"og:title\" content=\"Contacto - Hispanic Society Museum and Library\" \/>\n<meta property=\"og:url\" content=\"https:\/\/hispanicsociety.org\/about\/contact-us\/\" \/>\n<meta property=\"og:site_name\" content=\"Hispanic Society Museum and Library\" \/>\n<meta property=\"article:publisher\" content=\"https:\/\/www.facebook.com\/hispanicsociety\" \/>\n<meta property=\"article:modified_time\" content=\"2025-04-27T08:08:55+00:00\" \/>\n<meta property=\"og:image\" content=\"https:\/\/hispanicsociety.org\/wp-content\/uploads\/2025\/04\/hsa_visit_contact_us.jpg\" \/>\n\t<meta property=\"og:image:width\" content=\"1440\" \/>\n\t<meta property=\"og:image:height\" content=\"615\" \/>\n\t<meta property=\"og:image:type\" content=\"image\/jpeg\" \/>\n<meta name=\"twitter:card\" content=\"summary_large_image\" \/>\n<meta name=\"twitter:site\" content=\"@HSAmuseum\" \/>\n<script type=\"application\/ld+json\" class=\"yoast-schema-graph\">{\"@context\":\"https:\/\/schema.org\",\"@graph\":[{\"@type\":\"WebPage\",\"@id\":\"https:\/\/hispanicsociety.org\/about\/contact-us\/\",\"url\":\"https:\/\/hispanicsociety.org\/about\/contact-us\/\",\"name\":\"Contacto - Hispanic Society Museum and Library\",\"isPartOf\":{\"@id\":\"https:\/\/hispanicsociety.org\/#website\"},\"primaryImageOfPage\":{\"@id\":\"https:\/\/hispanicsociety.org\/about\/contact-us\/#primaryimage\"},\"image\":{\"@id\":\"https:\/\/hispanicsociety.org\/about\/contact-us\/#primaryimage\"},\"thumbnailUrl\":\"https:\/\/hispanicsociety.org\/wp-content\/uploads\/2025\/04\/hsa_visit_contact_us.jpg\",\"datePublished\":\"2025-03-23T09:15:26+00:00\",\"dateModified\":\"2025-04-27T08:08:55+00:00\",\"breadcrumb\":{\"@id\":\"https:\/\/hispanicsociety.org\/about\/contact-us\/#breadcrumb\"},\"inLanguage\":\"es\",\"potentialAction\":[{\"@type\":\"ReadAction\",\"target\":[\"https:\/\/hispanicsociety.org\/about\/contact-us\/\"]}]},{\"@type\":\"ImageObject\",\"inLanguage\":\"es\",\"@id\":\"https:\/\/hispanicsociety.org\/about\/contact-us\/#primaryimage\",\"url\":\"https:\/\/hispanicsociety.org\/wp-content\/uploads\/2025\/04\/hsa_visit_contact_us.jpg\",\"contentUrl\":\"https:\/\/hispanicsociety.org\/wp-content\/uploads\/2025\/04\/hsa_visit_contact_us.jpg\",\"width\":1440,\"height\":615},{\"@type\":\"BreadcrumbList\",\"@id\":\"https:\/\/hispanicsociety.org\/about\/contact-us\/#breadcrumb\",\"itemListElement\":[{\"@type\":\"ListItem\",\"position\":1,\"name\":\"Home\",\"item\":\"https:\/\/hispanicsociety.org\/\"},{\"@type\":\"ListItem\",\"position\":2,\"name\":\"Sobre Nosotros\",\"item\":\"https:\/\/hispanicsociety.org\/about\/\"},{\"@type\":\"ListItem\",\"position\":3,\"name\":\"Contacto\"}]},{\"@type\":\"WebSite\",\"@id\":\"https:\/\/hispanicsociety.org\/#website\",\"url\":\"https:\/\/hispanicsociety.org\/\",\"name\":\"Hispanic Society Museum and Library\",\"description\":\"\",\"publisher\":{\"@id\":\"https:\/\/hispanicsociety.org\/#organization\"},\"potentialAction\":[{\"@type\":\"SearchAction\",\"target\":{\"@type\":\"EntryPoint\",\"urlTemplate\":\"https:\/\/hispanicsociety.org\/?s={search_term_string}\"},\"query-input\":{\"@type\":\"PropertyValueSpecification\",\"valueRequired\":true,\"valueName\":\"search_term_string\"}}],\"inLanguage\":\"es\"},{\"@type\":\"Organization\",\"@id\":\"https:\/\/hispanicsociety.org\/#organization\",\"name\":\"Hispanic Society Museum and Library\",\"url\":\"https:\/\/hispanicsociety.org\/\",\"logo\":{\"@type\":\"ImageObject\",\"inLanguage\":\"es\",\"@id\":\"https:\/\/hispanicsociety.org\/#\/schema\/logo\/image\/\",\"url\":\"https:\/\/hispanicsociety.org\/wp-content\/uploads\/2025\/03\/hsa-logo-01.webp\",\"contentUrl\":\"https:\/\/hispanicsociety.org\/wp-content\/uploads\/2025\/03\/hsa-logo-01.webp\",\"width\":273,\"height\":68,\"caption\":\"Hispanic Society Museum and Library\"},\"image\":{\"@id\":\"https:\/\/hispanicsociety.org\/#\/schema\/logo\/image\/\"},\"sameAs\":[\"https:\/\/www.facebook.com\/hispanicsociety\",\"https:\/\/x.com\/HSAmuseum\",\"https:\/\/www.instagram.com\/hispanic_society\/\",\"https:\/\/www.youtube.com\/channel\/UCuEmouWL8wEMm24C-ScZwGg\"]}]}<\/script>\n<!-- \/ Yoast SEO plugin. -->","yoast_head_json":{"title":"Contacto - Hispanic Society Museum and Library","robots":{"index":"index","follow":"follow","max-snippet":"max-snippet:-1","max-image-preview":"max-image-preview:large","max-video-preview":"max-video-preview:-1"},"canonical":"https:\/\/hispanicsociety.org\/about\/contact-us\/","og_locale":"es_ES","og_type":"article","og_title":"Contacto - Hispanic Society Museum and Library","og_url":"https:\/\/hispanicsociety.org\/about\/contact-us\/","og_site_name":"Hispanic Society Museum and Library","article_publisher":"https:\/\/www.facebook.com\/hispanicsociety","article_modified_time":"2025-04-27T08:08:55+00:00","og_image":[{"width":1440,"height":615,"url":"https:\/\/hispanicsociety.org\/wp-content\/uploads\/2025\/04\/hsa_visit_contact_us.jpg","type":"image\/jpeg"}],"twitter_card":"summary_large_image","twitter_site":"@HSAmuseum","schema":{"@context":"https:\/\/schema.org","@graph":[{"@type":"WebPage","@id":"https:\/\/hispanicsociety.org\/about\/contact-us\/","url":"https:\/\/hispanicsociety.org\/about\/contact-us\/","name":"Contacto - Hispanic Society Museum and Library","isPartOf":{"@id":"https:\/\/hispanicsociety.org\/#website"},"primaryImageOfPage":{"@id":"https:\/\/hispanicsociety.org\/about\/contact-us\/#primaryimage"},"image":{"@id":"https:\/\/hispanicsociety.org\/about\/contact-us\/#primaryimage"},"thumbnailUrl":"https:\/\/hispanicsociety.org\/wp-content\/uploads\/2025\/04\/hsa_visit_contact_us.jpg","datePublished":"2025-03-23T09:15:26+00:00","dateModified":"2025-04-27T08:08:55+00:00","breadcrumb":{"@id":"https:\/\/hispanicsociety.org\/about\/contact-us\/#breadcrumb"},"inLanguage":"es","potentialAction":[{"@type":"ReadAction","target":["https:\/\/hispanicsociety.org\/about\/contact-us\/"]}]},{"@type":"ImageObject","inLanguage":"es","@id":"https:\/\/hispanicsociety.org\/about\/contact-us\/#primaryimage","url":"https:\/\/hispanicsociety.org\/wp-content\/uploads\/2025\/04\/hsa_visit_contact_us.jpg","contentUrl":"https:\/\/hispanicsociety.org\/wp-content\/uploads\/2025\/04\/hsa_visit_contact_us.jpg","width":1440,"height":615},{"@type":"BreadcrumbList","@id":"https:\/\/hispanicsociety.org\/about\/contact-us\/#breadcrumb","itemListElement":[{"@type":"ListItem","position":1,"name":"Home","item":"https:\/\/hispanicsociety.org\/"},{"@type":"ListItem","position":2,"name":"Sobre Nosotros","item":"https:\/\/hispanicsociety.org\/about\/"},{"@type":"ListItem","position":3,"name":"Contacto"}]},{"@type":"WebSite","@id":"https:\/\/hispanicsociety.org\/#website","url":"https:\/\/hispanicsociety.org\/","name":"Hispanic Society Museum and Library","description":"","publisher":{"@id":"https:\/\/hispanicsociety.org\/#organization"},"potentialAction":[{"@type":"SearchAction","target":{"@type":"EntryPoint","urlTemplate":"https:\/\/hispanicsociety.org\/?s={search_term_string}"},"query-input":{"@type":"PropertyValueSpecification","valueRequired":true,"valueName":"search_term_string"}}],"inLanguage":"es"},{"@type":"Organization","@id":"https:\/\/hispanicsociety.org\/#organization","name":"Hispanic Society Museum and Library","url":"https:\/\/hispanicsociety.org\/","logo":{"@type":"ImageObject","inLanguage":"es","@id":"https:\/\/hispanicsociety.org\/#\/schema\/logo\/image\/","url":"https:\/\/hispanicsociety.org\/wp-content\/uploads\/2025\/03\/hsa-logo-01.webp","contentUrl":"https:\/\/hispanicsociety.org\/wp-content\/uploads\/2025\/03\/hsa-logo-01.webp","width":273,"height":68,"caption":"Hispanic Society Museum and Library"},"image":{"@id":"https:\/\/hispanicsociety.org\/#\/schema\/logo\/image\/"},"sameAs":["https:\/\/www.facebook.com\/hispanicsociety","https:\/\/x.com\/HSAmuseum","https:\/\/www.instagram.com\/hispanic_society\/","https:\/\/www.youtube.com\/channel\/UCuEmouWL8wEMm24C-ScZwGg"]}]}},"_links":{"self":[{"href":"https:\/\/hispanicsociety.org\/es\/wp-json\/wp\/v2\/pages\/1345","targetHints":{"allow":["GET"]}}],"collection":[{"href":"https:\/\/hispanicsociety.org\/es\/wp-json\/wp\/v2\/pages"}],"about":[{"href":"https:\/\/hispanicsociety.org\/es\/wp-json\/wp\/v2\/types\/page"}],"author":[{"embeddable":true,"href":"https:\/\/hispanicsociety.org\/es\/wp-json\/wp\/v2\/users\/1"}],"replies":[{"embeddable":true,"href":"https:\/\/hispanicsociety.org\/es\/wp-json\/wp\/v2\/comments?post=1345"}],"version-history":[{"count":1,"href":"https:\/\/hispanicsociety.org\/es\/wp-json\/wp\/v2\/pages\/1345\/revisions"}],"predecessor-version":[{"id":1347,"href":"https:\/\/hispanicsociety.org\/es\/wp-json\/wp\/v2\/pages\/1345\/revisions\/1347"}],"up":[{"embeddable":true,"href":"https:\/\/hispanicsociety.org\/es\/wp-json\/wp\/v2\/pages\/1336"}],"wp:featuredmedia":[{"embeddable":true,"href":"https:\/\/hispanicsociety.org\/es\/wp-json\/wp\/v2\/media\/929"}],"wp:attachment":[{"href":"https:\/\/hispanicsociety.org\/es\/wp-json\/wp\/v2\/media?parent=1345"}],"curies":[{"name":"wp","href":"https:\/\/api.w.org\/{rel}","templated":true}]}}