{"id":1378,"date":"2025-03-23T09:10:24","date_gmt":"2025-03-23T09:10:24","guid":{"rendered":"https:\/\/hispanicsociety.org\/collections\/library\/"},"modified":"2025-04-27T10:50:20","modified_gmt":"2025-04-27T10:50:20","slug":"library","status":"publish","type":"page","link":"https:\/\/hispanicsociety.org\/es\/collections\/library\/","title":{"rendered":"Biblioteca"},"content":{"rendered":"\r\n<div id=\"full-width-image-block_3eb50de6f2b57ec80e3fdb639f4aa24d\" class=\"block full-width-image height_half\">\r\n            <div class=\"image_container\">\r\n            <figure class=\"\">\r\n                <img loading=\"lazy\" decoding=\"async\" width=\"1920\" height=\"993\" src=\"https:\/\/hispanicsociety.org\/wp-content\/uploads\/2025\/04\/horizontal2-1920x993.jpg\" class=\"\" alt=\"\" srcset=\"https:\/\/hispanicsociety.org\/wp-content\/uploads\/2025\/04\/horizontal2-1920x993.jpg 1920w, https:\/\/hispanicsociety.org\/wp-content\/uploads\/2025\/04\/horizontal2-450x233.jpg 450w, https:\/\/hispanicsociety.org\/wp-content\/uploads\/2025\/04\/horizontal2-1200x621.jpg 1200w, https:\/\/hispanicsociety.org\/wp-content\/uploads\/2025\/04\/horizontal2-768x397.jpg 768w, https:\/\/hispanicsociety.org\/wp-content\/uploads\/2025\/04\/horizontal2-1536x795.jpg 1536w, https:\/\/hispanicsociety.org\/wp-content\/uploads\/2025\/04\/horizontal2-2048x1060.jpg 2048w\" sizes=\"auto, (max-width: 1920px) 100vw, 1920px\" \/>            <\/figure>\r\n                            <figcaption class=\"\">\r\n                    MAPAMUNDI, 1526 Juan Vespucci                <\/figcaption>\r\n                    <\/div>\r\n    <\/div>\r\n\n\n\r\n<div id=\"text-sections-block_7d0902e6c2b13b231fdde10f5cbfb153\" class=\"block text-sections\">\r\n            <div class=\"text-section site_width one_cols\">\r\n            \r\n                            <div class=\"text_content\">\r\n                    <h2 style=\"text-align: left;\"><a href=\"https:\/\/hispanicsociety.mlasolutions.com\/m5\/catalog\/(S(ctrrngzztwmi3bu4eubxt1lf))\/default.aspx?installation=Default\" target=\"_blank\" rel=\"noopener\">Buscar en el Cat\u00e1logo<\/a><\/h2>\n                <\/div>\r\n                    <\/div>\r\n            <div class=\"text-section site_width one_cols\">\r\n                            <h2 class=\"section_title\">\r\n                    Biblioteca                <\/h2>\r\n            \r\n                            <div class=\"text_content\">\r\n                    <p>La importante biblioteca de la Hispanic Society of America ofrece recursos sin paralelo para investigadores interesados en la historia y cultura de Espa\u00f1a, Portugal, y las Am\u00e9ricas. Las colecciones del Departamento de Manuscritos y Libros Raros est\u00e1n entre los m\u00e1s importante fuera de Espa\u00f1a, conteniendo m\u00e1s de 250,000 manuscritos, documentos, y cartas fechadas desde el siglo XI hasta el siglo XX, junto con 30,000 libros impresos antes de 1830, los cuales incluyen unos 250 <em>incunabula<\/em> (libros impresos antes 1500). Adem\u00e1s de los libros raros, la Hispanic Society mantiene una moderna biblioteca para investigaci\u00f3n sobre la literatura, bellas artes, geograf\u00eda, historia, y cultura de Espa\u00f1a, Portugal, Latino Am\u00e9rica, y las Filipinas; actualmente contiene m\u00e1s de 300,000 tomos y 1,500 publicaciones peri\u00f3dicas fechadas desde el siglo XIX hasta el presente.<\/p>\n<p>La biblioteca sigue trabajando en su cat\u00e1logo online, y las nuevas adquisiciones son integradas a la esta base de datos a diario que actualmente contiene mas de 30,000 archivos.<\/p>\n<p>Un m\u00e1ximo de diez libros modernos puedes ser consultados al d\u00eda. Los Libros Raros (previos a 1830) son limitados a cinco al d\u00eda, a no ser que la persona haya hecho una cita previa y haya acorado otro n\u00famero con el conservador. Citas son requeridas para el estudio de manuscritos, copias \u00fanicas de libros, y atlas. A pesar de que la colecci\u00f3n no es circulante y no disponible a ser prestada a otras bibliotecas, copias electr\u00f3nicas pueden ser adquiridas por una cuota. Todas las peticiones para estudiar y\/o publican manuscritos u otro tipo de material \u00fanico debe ser aprobado por la Hispanic Society.<\/p>\n<p><a href=\"mailto:library@wordpress-1222768-4350958.cloudwaysapps.com\">Contactar con la BIBLIOTECA<\/a>.<\/p>\n                <\/div>\r\n                    <\/div>\r\n    <\/div>\r\n\r\n\n\n\r\n<div id=\"image-tiles-with-links-block_c35c796243b3bd6c64fd1184d4b571a2\" class=\"block site_width image-tiles-with-links\">\r\n\r\n    <div class=\"images_tiles_grid\">\r\n\r\n        \r\n                <a href=\"https:\/\/hispanicsociety.org\/latin-american-philippines-manuscripts-and-rare-books\/\" class=\"image_tile\">\r\n                    <div class=\"image\">\r\n                        <img loading=\"lazy\" decoding=\"async\" width=\"933\" height=\"1200\" src=\"https:\/\/hispanicsociety.org\/wp-content\/uploads\/2025\/04\/hc427-46-zapotec-genealogy-scan-trans-detail-alt0-933x1200.jpg\" class=\"attachment-large size-large\" alt=\"\" srcset=\"https:\/\/hispanicsociety.org\/wp-content\/uploads\/2025\/04\/hc427-46-zapotec-genealogy-scan-trans-detail-alt0-933x1200.jpg 933w, https:\/\/hispanicsociety.org\/wp-content\/uploads\/2025\/04\/hc427-46-zapotec-genealogy-scan-trans-detail-alt0-350x450.jpg 350w, https:\/\/hispanicsociety.org\/wp-content\/uploads\/2025\/04\/hc427-46-zapotec-genealogy-scan-trans-detail-alt0-768x988.jpg 768w, https:\/\/hispanicsociety.org\/wp-content\/uploads\/2025\/04\/hc427-46-zapotec-genealogy-scan-trans-detail-alt0-1194x1536.jpg 1194w, https:\/\/hispanicsociety.org\/wp-content\/uploads\/2025\/04\/hc427-46-zapotec-genealogy-scan-trans-detail-alt0.jpg 1385w\" sizes=\"auto, (max-width: 933px) 100vw, 933px\" \/>                    <\/div>\r\n                    <div class=\"tile_title\">\r\n                        Manuscritos y Libros Raros de Latinoam\u00e9rica y Filipinas                    <\/div>\r\n                <\/a>\r\n\r\n            \r\n                <a href=\"https:\/\/hispanicsociety.org\/maps-charts-atlases\/\" class=\"image_tile\">\r\n                    <div class=\"image\">\r\n                        <img loading=\"lazy\" decoding=\"async\" width=\"1200\" height=\"802\" src=\"https:\/\/hispanicsociety.org\/wp-content\/uploads\/2025\/04\/6-97r-2-1-1200x802.jpg\" class=\"attachment-large size-large\" alt=\"\" srcset=\"https:\/\/hispanicsociety.org\/wp-content\/uploads\/2025\/04\/6-97r-2-1-1200x802.jpg 1200w, https:\/\/hispanicsociety.org\/wp-content\/uploads\/2025\/04\/6-97r-2-1-450x301.jpg 450w, https:\/\/hispanicsociety.org\/wp-content\/uploads\/2025\/04\/6-97r-2-1-768x513.jpg 768w, https:\/\/hispanicsociety.org\/wp-content\/uploads\/2025\/04\/6-97r-2-1-1536x1027.jpg 1536w, https:\/\/hispanicsociety.org\/wp-content\/uploads\/2025\/04\/6-97r-2-1.jpg 1729w\" sizes=\"auto, (max-width: 1200px) 100vw, 1200px\" \/>                    <\/div>\r\n                    <div class=\"tile_title\">\r\n                        Mapas, cartas y atlases                    <\/div>\r\n                <\/a>\r\n\r\n            \r\n                <a href=\"https:\/\/hispanicsociety.org\/rare-books-pre-1830\/\" class=\"image_tile\">\r\n                    <div class=\"image\">\r\n                        <img loading=\"lazy\" decoding=\"async\" width=\"1200\" height=\"487\" src=\"https:\/\/hispanicsociety.org\/wp-content\/uploads\/2025\/04\/celestina_thumbnail_3_hispanic_society-1200x487.jpg\" class=\"attachment-large size-large\" alt=\"\" srcset=\"https:\/\/hispanicsociety.org\/wp-content\/uploads\/2025\/04\/celestina_thumbnail_3_hispanic_society-1200x487.jpg 1200w, https:\/\/hispanicsociety.org\/wp-content\/uploads\/2025\/04\/celestina_thumbnail_3_hispanic_society-450x183.jpg 450w, https:\/\/hispanicsociety.org\/wp-content\/uploads\/2025\/04\/celestina_thumbnail_3_hispanic_society-768x312.jpg 768w, https:\/\/hispanicsociety.org\/wp-content\/uploads\/2025\/04\/celestina_thumbnail_3_hispanic_society.jpg 1461w\" sizes=\"auto, (max-width: 1200px) 100vw, 1200px\" \/>                    <\/div>\r\n                    <div class=\"tile_title\">\r\n                        Libros Raros (anteriores a 1830)                    <\/div>\r\n                <\/a>\r\n\r\n            \r\n                <a href=\"https:\/\/hispanicsociety.org\/modern-library\/\" class=\"image_tile\">\r\n                    <div class=\"image\">\r\n                        <img loading=\"lazy\" decoding=\"async\" width=\"1200\" height=\"800\" src=\"https:\/\/hispanicsociety.org\/wp-content\/uploads\/2025\/04\/reading-room-5-jpg-1-1200x800.jpg\" class=\"attachment-large size-large\" alt=\"\" srcset=\"https:\/\/hispanicsociety.org\/wp-content\/uploads\/2025\/04\/reading-room-5-jpg-1-1200x800.jpg 1200w, https:\/\/hispanicsociety.org\/wp-content\/uploads\/2025\/04\/reading-room-5-jpg-1-450x300.jpg 450w, https:\/\/hispanicsociety.org\/wp-content\/uploads\/2025\/04\/reading-room-5-jpg-1-768x512.jpg 768w, https:\/\/hispanicsociety.org\/wp-content\/uploads\/2025\/04\/reading-room-5-jpg-1-1536x1023.jpg 1536w, https:\/\/hispanicsociety.org\/wp-content\/uploads\/2025\/04\/reading-room-5-jpg-1.jpg 1900w\" sizes=\"auto, (max-width: 1200px) 100vw, 1200px\" \/>                    <\/div>\r\n                    <div class=\"tile_title\">\r\n                        Biblioteca Moderna                    <\/div>\r\n                <\/a>\r\n\r\n            \r\n                <a href=\"https:\/\/hispanicsociety.org\/manuscripts\/\" class=\"image_tile\">\r\n                    <div class=\"image\">\r\n                        <img loading=\"lazy\" decoding=\"async\" width=\"1200\" height=\"720\" src=\"https:\/\/hispanicsociety.org\/wp-content\/uploads\/2025\/04\/b2136-portrait.jpg\" class=\"attachment-large size-large\" alt=\"\" srcset=\"https:\/\/hispanicsociety.org\/wp-content\/uploads\/2025\/04\/b2136-portrait.jpg 1200w, https:\/\/hispanicsociety.org\/wp-content\/uploads\/2025\/04\/b2136-portrait-450x270.jpg 450w, https:\/\/hispanicsociety.org\/wp-content\/uploads\/2025\/04\/b2136-portrait-768x461.jpg 768w\" sizes=\"auto, (max-width: 1200px) 100vw, 1200px\" \/>                    <\/div>\r\n                    <div class=\"tile_title\">\r\n                        Manuscritos                    <\/div>\r\n                <\/a>\r\n\r\n            \r\n    <\/div>\r\n\r\n<\/div>\r\n\n\n\n<p><\/p>\n","protected":false},"excerpt":{"rendered":"","protected":false},"author":1,"featured_media":1115,"parent":1371,"menu_order":0,"comment_status":"closed","ping_status":"closed","template":"","meta":{"_acf_changed":false,"footnotes":""},"class_list":["post-1378","page","type-page","status-publish","has-post-thumbnail","hentry"],"acf":[],"yoast_head":"<!-- This site is optimized with the Yoast SEO plugin v26.9 - https:\/\/yoast.com\/product\/yoast-seo-wordpress\/ -->\n<title>Biblioteca - Hispanic Society Museum and Library<\/title>\n<meta name=\"robots\" content=\"index, follow, max-snippet:-1, max-image-preview:large, max-video-preview:-1\" \/>\n<link rel=\"canonical\" href=\"https:\/\/hispanicsociety.org\/collections\/library\/\" \/>\n<meta property=\"og:locale\" content=\"es_ES\" \/>\n<meta property=\"og:type\" content=\"article\" \/>\n<meta property=\"og:title\" content=\"Biblioteca - Hispanic Society Museum and Library\" \/>\n<meta property=\"og:url\" content=\"https:\/\/hispanicsociety.org\/collections\/library\/\" \/>\n<meta property=\"og:site_name\" content=\"Hispanic Society Museum and Library\" \/>\n<meta property=\"article:publisher\" content=\"https:\/\/www.facebook.com\/hispanicsociety\" \/>\n<meta property=\"article:modified_time\" content=\"2025-04-27T10:50:20+00:00\" \/>\n<meta property=\"og:image\" content=\"https:\/\/hispanicsociety.org\/wp-content\/uploads\/2025\/04\/6-97r-2-1.jpg\" \/>\n\t<meta property=\"og:image:width\" content=\"1729\" \/>\n\t<meta property=\"og:image:height\" content=\"1156\" \/>\n\t<meta property=\"og:image:type\" content=\"image\/jpeg\" \/>\n<meta name=\"twitter:card\" content=\"summary_large_image\" \/>\n<meta name=\"twitter:site\" content=\"@HSAmuseum\" \/>\n<script type=\"application\/ld+json\" class=\"yoast-schema-graph\">{\"@context\":\"https:\/\/schema.org\",\"@graph\":[{\"@type\":\"WebPage\",\"@id\":\"https:\/\/hispanicsociety.org\/collections\/library\/\",\"url\":\"https:\/\/hispanicsociety.org\/collections\/library\/\",\"name\":\"Biblioteca - Hispanic Society Museum and Library\",\"isPartOf\":{\"@id\":\"https:\/\/hispanicsociety.org\/#website\"},\"primaryImageOfPage\":{\"@id\":\"https:\/\/hispanicsociety.org\/collections\/library\/#primaryimage\"},\"image\":{\"@id\":\"https:\/\/hispanicsociety.org\/collections\/library\/#primaryimage\"},\"thumbnailUrl\":\"https:\/\/hispanicsociety.org\/wp-content\/uploads\/2025\/04\/6-97r-2-1.jpg\",\"datePublished\":\"2025-03-23T09:10:24+00:00\",\"dateModified\":\"2025-04-27T10:50:20+00:00\",\"breadcrumb\":{\"@id\":\"https:\/\/hispanicsociety.org\/collections\/library\/#breadcrumb\"},\"inLanguage\":\"es\",\"potentialAction\":[{\"@type\":\"ReadAction\",\"target\":[\"https:\/\/hispanicsociety.org\/collections\/library\/\"]}]},{\"@type\":\"ImageObject\",\"inLanguage\":\"es\",\"@id\":\"https:\/\/hispanicsociety.org\/collections\/library\/#primaryimage\",\"url\":\"https:\/\/hispanicsociety.org\/wp-content\/uploads\/2025\/04\/6-97r-2-1.jpg\",\"contentUrl\":\"https:\/\/hispanicsociety.org\/wp-content\/uploads\/2025\/04\/6-97r-2-1.jpg\",\"width\":1729,\"height\":1156},{\"@type\":\"BreadcrumbList\",\"@id\":\"https:\/\/hispanicsociety.org\/collections\/library\/#breadcrumb\",\"itemListElement\":[{\"@type\":\"ListItem\",\"position\":1,\"name\":\"Home\",\"item\":\"https:\/\/hispanicsociety.org\/\"},{\"@type\":\"ListItem\",\"position\":2,\"name\":\"Colecciones\",\"item\":\"https:\/\/hispanicsociety.org\/collections\/\"},{\"@type\":\"ListItem\",\"position\":3,\"name\":\"Biblioteca\"}]},{\"@type\":\"WebSite\",\"@id\":\"https:\/\/hispanicsociety.org\/#website\",\"url\":\"https:\/\/hispanicsociety.org\/\",\"name\":\"Hispanic Society Museum and Library\",\"description\":\"\",\"publisher\":{\"@id\":\"https:\/\/hispanicsociety.org\/#organization\"},\"potentialAction\":[{\"@type\":\"SearchAction\",\"target\":{\"@type\":\"EntryPoint\",\"urlTemplate\":\"https:\/\/hispanicsociety.org\/?s={search_term_string}\"},\"query-input\":{\"@type\":\"PropertyValueSpecification\",\"valueRequired\":true,\"valueName\":\"search_term_string\"}}],\"inLanguage\":\"es\"},{\"@type\":\"Organization\",\"@id\":\"https:\/\/hispanicsociety.org\/#organization\",\"name\":\"Hispanic Society Museum and Library\",\"url\":\"https:\/\/hispanicsociety.org\/\",\"logo\":{\"@type\":\"ImageObject\",\"inLanguage\":\"es\",\"@id\":\"https:\/\/hispanicsociety.org\/#\/schema\/logo\/image\/\",\"url\":\"https:\/\/hispanicsociety.org\/wp-content\/uploads\/2025\/03\/hsa-logo-01.webp\",\"contentUrl\":\"https:\/\/hispanicsociety.org\/wp-content\/uploads\/2025\/03\/hsa-logo-01.webp\",\"width\":273,\"height\":68,\"caption\":\"Hispanic Society Museum and Library\"},\"image\":{\"@id\":\"https:\/\/hispanicsociety.org\/#\/schema\/logo\/image\/\"},\"sameAs\":[\"https:\/\/www.facebook.com\/hispanicsociety\",\"https:\/\/x.com\/HSAmuseum\",\"https:\/\/www.instagram.com\/hispanic_society\/\",\"https:\/\/www.youtube.com\/channel\/UCuEmouWL8wEMm24C-ScZwGg\"]}]}<\/script>\n<!-- \/ Yoast SEO plugin. -->","yoast_head_json":{"title":"Biblioteca - Hispanic Society Museum and Library","robots":{"index":"index","follow":"follow","max-snippet":"max-snippet:-1","max-image-preview":"max-image-preview:large","max-video-preview":"max-video-preview:-1"},"canonical":"https:\/\/hispanicsociety.org\/collections\/library\/","og_locale":"es_ES","og_type":"article","og_title":"Biblioteca - Hispanic Society Museum and Library","og_url":"https:\/\/hispanicsociety.org\/collections\/library\/","og_site_name":"Hispanic Society Museum and Library","article_publisher":"https:\/\/www.facebook.com\/hispanicsociety","article_modified_time":"2025-04-27T10:50:20+00:00","og_image":[{"width":1729,"height":1156,"url":"https:\/\/hispanicsociety.org\/wp-content\/uploads\/2025\/04\/6-97r-2-1.jpg","type":"image\/jpeg"}],"twitter_card":"summary_large_image","twitter_site":"@HSAmuseum","schema":{"@context":"https:\/\/schema.org","@graph":[{"@type":"WebPage","@id":"https:\/\/hispanicsociety.org\/collections\/library\/","url":"https:\/\/hispanicsociety.org\/collections\/library\/","name":"Biblioteca - Hispanic Society Museum and Library","isPartOf":{"@id":"https:\/\/hispanicsociety.org\/#website"},"primaryImageOfPage":{"@id":"https:\/\/hispanicsociety.org\/collections\/library\/#primaryimage"},"image":{"@id":"https:\/\/hispanicsociety.org\/collections\/library\/#primaryimage"},"thumbnailUrl":"https:\/\/hispanicsociety.org\/wp-content\/uploads\/2025\/04\/6-97r-2-1.jpg","datePublished":"2025-03-23T09:10:24+00:00","dateModified":"2025-04-27T10:50:20+00:00","breadcrumb":{"@id":"https:\/\/hispanicsociety.org\/collections\/library\/#breadcrumb"},"inLanguage":"es","potentialAction":[{"@type":"ReadAction","target":["https:\/\/hispanicsociety.org\/collections\/library\/"]}]},{"@type":"ImageObject","inLanguage":"es","@id":"https:\/\/hispanicsociety.org\/collections\/library\/#primaryimage","url":"https:\/\/hispanicsociety.org\/wp-content\/uploads\/2025\/04\/6-97r-2-1.jpg","contentUrl":"https:\/\/hispanicsociety.org\/wp-content\/uploads\/2025\/04\/6-97r-2-1.jpg","width":1729,"height":1156},{"@type":"BreadcrumbList","@id":"https:\/\/hispanicsociety.org\/collections\/library\/#breadcrumb","itemListElement":[{"@type":"ListItem","position":1,"name":"Home","item":"https:\/\/hispanicsociety.org\/"},{"@type":"ListItem","position":2,"name":"Colecciones","item":"https:\/\/hispanicsociety.org\/collections\/"},{"@type":"ListItem","position":3,"name":"Biblioteca"}]},{"@type":"WebSite","@id":"https:\/\/hispanicsociety.org\/#website","url":"https:\/\/hispanicsociety.org\/","name":"Hispanic Society Museum and Library","description":"","publisher":{"@id":"https:\/\/hispanicsociety.org\/#organization"},"potentialAction":[{"@type":"SearchAction","target":{"@type":"EntryPoint","urlTemplate":"https:\/\/hispanicsociety.org\/?s={search_term_string}"},"query-input":{"@type":"PropertyValueSpecification","valueRequired":true,"valueName":"search_term_string"}}],"inLanguage":"es"},{"@type":"Organization","@id":"https:\/\/hispanicsociety.org\/#organization","name":"Hispanic Society Museum and Library","url":"https:\/\/hispanicsociety.org\/","logo":{"@type":"ImageObject","inLanguage":"es","@id":"https:\/\/hispanicsociety.org\/#\/schema\/logo\/image\/","url":"https:\/\/hispanicsociety.org\/wp-content\/uploads\/2025\/03\/hsa-logo-01.webp","contentUrl":"https:\/\/hispanicsociety.org\/wp-content\/uploads\/2025\/03\/hsa-logo-01.webp","width":273,"height":68,"caption":"Hispanic Society Museum and Library"},"image":{"@id":"https:\/\/hispanicsociety.org\/#\/schema\/logo\/image\/"},"sameAs":["https:\/\/www.facebook.com\/hispanicsociety","https:\/\/x.com\/HSAmuseum","https:\/\/www.instagram.com\/hispanic_society\/","https:\/\/www.youtube.com\/channel\/UCuEmouWL8wEMm24C-ScZwGg"]}]}},"_links":{"self":[{"href":"https:\/\/hispanicsociety.org\/es\/wp-json\/wp\/v2\/pages\/1378","targetHints":{"allow":["GET"]}}],"collection":[{"href":"https:\/\/hispanicsociety.org\/es\/wp-json\/wp\/v2\/pages"}],"about":[{"href":"https:\/\/hispanicsociety.org\/es\/wp-json\/wp\/v2\/types\/page"}],"author":[{"embeddable":true,"href":"https:\/\/hispanicsociety.org\/es\/wp-json\/wp\/v2\/users\/1"}],"replies":[{"embeddable":true,"href":"https:\/\/hispanicsociety.org\/es\/wp-json\/wp\/v2\/comments?post=1378"}],"version-history":[{"count":1,"href":"https:\/\/hispanicsociety.org\/es\/wp-json\/wp\/v2\/pages\/1378\/revisions"}],"predecessor-version":[{"id":1380,"href":"https:\/\/hispanicsociety.org\/es\/wp-json\/wp\/v2\/pages\/1378\/revisions\/1380"}],"up":[{"embeddable":true,"href":"https:\/\/hispanicsociety.org\/es\/wp-json\/wp\/v2\/pages\/1371"}],"wp:featuredmedia":[{"embeddable":true,"href":"https:\/\/hispanicsociety.org\/es\/wp-json\/wp\/v2\/media\/1115"}],"wp:attachment":[{"href":"https:\/\/hispanicsociety.org\/es\/wp-json\/wp\/v2\/media?parent=1378"}],"curies":[{"name":"wp","href":"https:\/\/api.w.org\/{rel}","templated":true}]}}