{"id":1424,"date":"2025-03-23T09:12:19","date_gmt":"2025-03-23T09:12:19","guid":{"rendered":"https:\/\/hispanicsociety.org\/support-us\/make-a-gift\/"},"modified":"2025-04-27T12:45:18","modified_gmt":"2025-04-27T12:45:18","slug":"make-a-gift","status":"publish","type":"page","link":"https:\/\/hispanicsociety.org\/es\/support-us\/make-a-gift\/","title":{"rendered":"Hacer un Regalo"},"content":{"rendered":"\r\n<div id=\"full-width-image-block_a6972db27981d843cd463d9f49204ad8\" class=\"block full-width-image height_half\">\r\n            <div class=\"image_container\">\r\n            <figure class=\"\">\r\n                <img loading=\"lazy\" decoding=\"async\" width=\"1920\" height=\"1280\" src=\"https:\/\/hispanicsociety.org\/wp-content\/uploads\/2025\/04\/annualfund_dsc0805-2-1-1920x1280.jpg\" class=\"\" alt=\"\" srcset=\"https:\/\/hispanicsociety.org\/wp-content\/uploads\/2025\/04\/annualfund_dsc0805-2-1-1920x1280.jpg 1920w, https:\/\/hispanicsociety.org\/wp-content\/uploads\/2025\/04\/annualfund_dsc0805-2-1-450x300.jpg 450w, https:\/\/hispanicsociety.org\/wp-content\/uploads\/2025\/04\/annualfund_dsc0805-2-1-1200x800.jpg 1200w, https:\/\/hispanicsociety.org\/wp-content\/uploads\/2025\/04\/annualfund_dsc0805-2-1-768x512.jpg 768w, https:\/\/hispanicsociety.org\/wp-content\/uploads\/2025\/04\/annualfund_dsc0805-2-1-1536x1024.jpg 1536w, https:\/\/hispanicsociety.org\/wp-content\/uploads\/2025\/04\/annualfund_dsc0805-2-1-2048x1365.jpg 2048w\" sizes=\"auto, (max-width: 1920px) 100vw, 1920px\" \/>            <\/figure>\r\n                            <figcaption class=\"\">\r\n                    PATIO CENTRAL                <\/figcaption>\r\n                    <\/div>\r\n    <\/div>\r\n\n\n\r\n<div id=\"text-sections-block_ce669b49d54e3ee24ebcaa65bcca3b85\" class=\"block text-sections\">\r\n            <div class=\"text-section site_width one_cols\">\r\n                            <h2 class=\"section_title\">\r\n                    Fondo Anual                <\/h2>\r\n            \r\n                            <div class=\"text_content\">\r\n                    <p>Su donaci\u00f3n totalmente deducible de impuestos al Fondo Anual hace posible la educaci\u00f3n y los programas p\u00fablicos de la Sociedad Hisp\u00e1nica, y el cuidado, estudio y exhibici\u00f3n de nuestra colecci\u00f3n. Las contribuciones de $500 y m\u00e1s se reconocen en la lista anual de donantes de la Sociedad Hisp\u00e1nica.<\/p>\n                <\/div>\r\n                    <\/div>\r\n    <\/div>\r\n\r\n\n\n\r\n<div id=\"call-to-action-block_9e68906c7b593e1edc243d3d2347f781\" class=\"block call-to-action bg_gray\">\r\n\r\n    \r\n    <div class=\"site_width\">\r\n        <div class=\"text_content\">\r\n            Donar Online Ahora        <\/div>\r\n        <div class=\"ctas\">\r\n                                    <a href=\"https:\/\/hispanicsociety.org\/support_us\/donate\/\" class=\"cta_button \">\r\n                            Presionar Aqu\u00ed!                        <\/a>\r\n                            <\/div>\r\n    <\/div>\r\n\r\n        \r\n\r\n\r\n<\/div>\r\n\r\n<style>\r\n.cta-modal-overlay {\r\n    position: fixed;\r\n    top: 0;\r\n    left: 0;\r\n    width: 100%;\r\n    height: 100%;\r\n    background-color: rgba(0, 0, 0, 0.6);\r\n    z-index: 9999;\r\n    display: flex;\r\n    align-items: center;\r\n    justify-content: center;\r\n    padding: 20px;\r\n    box-sizing: border-box;\r\n}\r\n\r\n.cta-modal {\r\n    background: white;\r\n    border-radius: 8px;\r\n    max-width: 600px;\r\n    max-height: 90vh;\r\n    width: 100%;\r\n    position: relative;\r\n    box-shadow: 0 10px 30px rgba(0, 0, 0, 0.3);\r\n    overflow: hidden;\r\n    animation: modalFadeIn 0.3s ease-out;\r\n}\r\n\r\n@keyframes modalFadeIn {\r\n    from {\r\n        opacity: 0;\r\n        transform: scale(0.9) translateY(-50px);\r\n    }\r\n    to {\r\n        opacity: 1;\r\n        transform: scale(1) translateY(0);\r\n    }\r\n}\r\n\r\n.cta-modal-header {\r\n    position: relative;\r\n    padding: 15px 20px 0;\r\n    display: flex;\r\n    justify-content: flex-end;\r\n}\r\n\r\n.cta-modal-close {\r\n    background: none;\r\n    border: none;\r\n    font-size: 24px;\r\n    cursor: pointer;\r\n    color: #666;\r\n    line-height: 1;\r\n    padding: 5px;\r\n    transition: color 0.2s ease;\r\n}\r\n\r\n.cta-modal-close:hover {\r\n    color: #333;\r\n}\r\n\r\n.cta-modal-content {\r\n    padding: 0 30px 30px;\r\n    overflow-y: auto;\r\n    max-height: calc(90vh - 60px);\r\n}\r\n\r\n.cta-modal-content div[id^=\"eventbrite-widget-container\"] {\r\n    height: 765px!important;\r\n}\r\n\r\n\/* Button styling to match existing CTA buttons *\/\r\n.cta_button.open-modal {\r\n    cursor: pointer;\r\n    border: none;\r\n    \/* Ensure button behaves like existing CTA buttons *\/\r\n}\r\n\r\n\/* Responsive adjustments *\/\r\n@media (max-width: 768px) {\r\n    .cta-modal {\r\n        max-width: 95%;\r\n        margin: 10px;\r\n    }\r\n    \r\n    .cta-modal-content {\r\n        padding: 0 20px 20px;\r\n    }\r\n}\r\n\r\n\r\n<\/style>\r\n\r\n<script>\r\ndocument.addEventListener('DOMContentLoaded', function() {\r\n    \/\/ Open modal functionality\r\n    const openModalButtons = document.querySelectorAll('.open-modal');\r\n    \r\n    openModalButtons.forEach(function(button) {\r\n        button.addEventListener('click', function(e) {\r\n            e.preventDefault(); \/\/ Prevent any default behavior\r\n            \r\n            const modalId = this.getAttribute('data-modal');\r\n            const modal = document.getElementById(modalId);\r\n            \r\n            if (modal) {\r\n                modal.style.display = 'flex';\r\n                document.body.style.overflow = 'hidden'; \/\/ Prevent background scrolling\r\n            }\r\n        });\r\n    });\r\n    \r\n    \/\/ Close modal functionality\r\n    const closeModalButtons = document.querySelectorAll('.cta-modal-close');\r\n    closeModalButtons.forEach(function(button) {\r\n        button.addEventListener('click', function() {\r\n            const modalId = this.getAttribute('data-modal');\r\n            const modal = document.getElementById(modalId);\r\n            if (modal) {\r\n                modal.style.display = 'none';\r\n                document.body.style.overflow = ''; \/\/ Restore scrolling\r\n            }\r\n        });\r\n    });\r\n    \r\n    \/\/ Close modal when clicking on overlay\r\n    const modalOverlays = document.querySelectorAll('.cta-modal-overlay');\r\n    modalOverlays.forEach(function(overlay) {\r\n        overlay.addEventListener('click', function(e) {\r\n            if (e.target === this) {\r\n                this.style.display = 'none';\r\n                document.body.style.overflow = ''; \/\/ Restore scrolling\r\n            }\r\n        });\r\n    });\r\n    \r\n    \/\/ Close modal with Escape key\r\n    document.addEventListener('keydown', function(e) {\r\n        if (e.key === 'Escape') {\r\n            const visibleModals = document.querySelectorAll('.cta-modal-overlay[style*=\"flex\"]');\r\n            visibleModals.forEach(function(modal) {\r\n                modal.style.display = 'none';\r\n                document.body.style.overflow = ''; \/\/ Restore scrolling\r\n            });\r\n        }\r\n    });\r\n});\r\n<\/script>\n\n\r\n<div id=\"text-sections-block_632285961f46e9224f79d3ce77a157cd\" class=\"block text-sections\">\r\n            <div class=\"text-section site_width one_cols\">\r\n                            <h2 class=\"section_title\">\r\n                    Tipos de donaciones al Fondo Anual                <\/h2>\r\n            \r\n                            <div class=\"text_content\">\r\n                    <p><strong>Donaciones \u00danicas<\/strong><br \/>\nHaga una donaci\u00f3n \u00fanica para ayudar a la Sociedad Hispana a mantener su misi\u00f3n de coleccionar, preservar, estudiar, exhibir, fomentar la apreciaci\u00f3n y promover el conocimiento de obras directamente relacionadas con las artes, la literatura y la historia del mundo hisp\u00e1nico.<\/p>\n<p><strong>Donaciones Honorarias o Conmemorativas<\/strong><br \/>\nReconozca a una persona especial o honre la memoria de un ser querido con una donaci\u00f3n a la Sociedad Hispana.<\/p>\n<p><strong>Donaciones Equivalentes<\/strong><br \/>\nSi su empresa cuenta con un programa de donaciones equivalentes, su contribuci\u00f3n a la Sociedad Hispana puede aumentar y tener un mayor impacto. (Para su referencia, el n\u00famero de identificaci\u00f3n fiscal de la Sociedad Hispana es 13-5661025).<\/p>\n<p><strong>Donaciones Recurrentes<\/strong><br \/>\nEstablecer una donaci\u00f3n recurrente es conveniente, eficiente y ecol\u00f3gico. Por ejemplo, si elige hacer una donaci\u00f3n mensual recurrente de $20, su pr\u00f3xima donaci\u00f3n de $20 se cargar\u00e1 autom\u00e1ticamente a su tarjeta de cr\u00e9dito cada mes. Puede cancelar su donaci\u00f3n recurrente en cualquier momento. Las donaciones recurrentes garantizan un apoyo constante a la Sociedad Hispana.<\/p>\n<p>Para m\u00e1s informaci\u00f3n, llame al 212-926-2234 ext. 247, env\u00ede un correo electr\u00f3nico a development@hispanicsociety.org o escriba a:<\/p>\n<p>Departamento de Desarrollo<br \/>\nMuseo y Biblioteca de la Sociedad Hisp\u00e1nica<br \/>\n613 West 155th Street<br \/>\nNueva York, NY 10032<\/p>\n                <\/div>\r\n                    <\/div>\r\n    <\/div>\r\n\r\n\n\n\r\n<div id=\"related-content-block_85226faf404295c6f825926b12c78294\" class=\"block site_width related-content\">\r\n    <h3 class=\"related-content__heading\">Explorar M\u00e1s<\/h3>    <div class=\"content_cards_grid\">\n                    <article class=\"single_content_card\">\n                <div class=\"content_thumbnail\">\n                    <img loading=\"lazy\" decoding=\"async\" width=\"300\" height=\"450\" src=\"https:\/\/hispanicsociety.org\/wp-content\/uploads\/2025\/04\/membership_a1719-300x450.jpg\" class=\"attachment-medium size-medium wp-post-image\" alt=\"\" srcset=\"https:\/\/hispanicsociety.org\/wp-content\/uploads\/2025\/04\/membership_a1719-300x450.jpg 300w, https:\/\/hispanicsociety.org\/wp-content\/uploads\/2025\/04\/membership_a1719-800x1200.jpg 800w, https:\/\/hispanicsociety.org\/wp-content\/uploads\/2025\/04\/membership_a1719-768x1152.jpg 768w, https:\/\/hispanicsociety.org\/wp-content\/uploads\/2025\/04\/membership_a1719-1024x1536.jpg 1024w, https:\/\/hispanicsociety.org\/wp-content\/uploads\/2025\/04\/membership_a1719-1365x2048.jpg 1365w, https:\/\/hispanicsociety.org\/wp-content\/uploads\/2025\/04\/membership_a1719.jpg 1500w\" sizes=\"auto, (max-width: 300px) 100vw, 300px\" \/>                <\/div>\n                <div class=\"content_card_info\">\n                    <div class=\"content_card_title\">\n                        Socios                    <\/div>\n                    <div class=\"content_card_excerpt\">\n                                            <\/div>\n                <\/div>\n                <a href=\"https:\/\/hispanicsociety.org\/es\/support-us\/membership\/\" class=\"cta_button small accent\">\n                    Read\n                <\/a>\n            <\/article>\n                    <article class=\"single_content_card\">\n                <div class=\"content_thumbnail\">\n                    <img loading=\"lazy\" decoding=\"async\" width=\"450\" height=\"319\" src=\"https:\/\/hispanicsociety.org\/wp-content\/uploads\/2025\/04\/a295_anglada-girls-of-burriana-450x319.jpg\" class=\"attachment-medium size-medium wp-post-image\" alt=\"\" srcset=\"https:\/\/hispanicsociety.org\/wp-content\/uploads\/2025\/04\/a295_anglada-girls-of-burriana-450x319.jpg 450w, https:\/\/hispanicsociety.org\/wp-content\/uploads\/2025\/04\/a295_anglada-girls-of-burriana-768x545.jpg 768w, https:\/\/hispanicsociety.org\/wp-content\/uploads\/2025\/04\/a295_anglada-girls-of-burriana.jpg 1100w\" sizes=\"auto, (max-width: 450px) 100vw, 450px\" \/>                <\/div>\n                <div class=\"content_card_info\">\n                    <div class=\"content_card_title\">\n                        Otras formas de apoyar a la HSA                    <\/div>\n                    <div class=\"content_card_excerpt\">\n                                            <\/div>\n                <\/div>\n                <a href=\"https:\/\/hispanicsociety.org\/es\/support-us\/other-ways-to-give\/\" class=\"cta_button small accent\">\n                    Read\n                <\/a>\n            <\/article>\n                    <article class=\"single_content_card\">\n                <div class=\"content_thumbnail\">\n                    <img loading=\"lazy\" decoding=\"async\" width=\"450\" height=\"270\" src=\"https:\/\/hispanicsociety.org\/wp-content\/uploads\/2025\/04\/a1805_sorolla_vision_valencia-450x270.jpg\" class=\"attachment-medium size-medium wp-post-image\" alt=\"\" srcset=\"https:\/\/hispanicsociety.org\/wp-content\/uploads\/2025\/04\/a1805_sorolla_vision_valencia-450x270.jpg 450w, https:\/\/hispanicsociety.org\/wp-content\/uploads\/2025\/04\/a1805_sorolla_vision_valencia.jpg 600w\" sizes=\"auto, (max-width: 450px) 100vw, 450px\" \/>                <\/div>\n                <div class=\"content_card_info\">\n                    <div class=\"content_card_title\">\n                        Nuestros Patrocinadores                    <\/div>\n                    <div class=\"content_card_excerpt\">\n                                            <\/div>\n                <\/div>\n                <a href=\"https:\/\/hispanicsociety.org\/es\/support-us\/our-supporters\/\" class=\"cta_button small accent\">\n                    Read\n                <\/a>\n            <\/article>\n                    <article class=\"single_content_card\">\n                <div class=\"content_thumbnail\">\n                    <img loading=\"lazy\" decoding=\"async\" width=\"450\" height=\"300\" src=\"https:\/\/hispanicsociety.org\/wp-content\/uploads\/2025\/04\/corporateandprivate_sala-bancaja-450x300.jpg\" class=\"attachment-medium size-medium wp-post-image\" alt=\"\" srcset=\"https:\/\/hispanicsociety.org\/wp-content\/uploads\/2025\/04\/corporateandprivate_sala-bancaja-450x300.jpg 450w, https:\/\/hispanicsociety.org\/wp-content\/uploads\/2025\/04\/corporateandprivate_sala-bancaja-1200x800.jpg 1200w, https:\/\/hispanicsociety.org\/wp-content\/uploads\/2025\/04\/corporateandprivate_sala-bancaja-768x512.jpg 768w, https:\/\/hispanicsociety.org\/wp-content\/uploads\/2025\/04\/corporateandprivate_sala-bancaja-1536x1024.jpg 1536w, https:\/\/hispanicsociety.org\/wp-content\/uploads\/2025\/04\/corporateandprivate_sala-bancaja-2048x1365.jpg 2048w, https:\/\/hispanicsociety.org\/wp-content\/uploads\/2025\/04\/corporateandprivate_sala-bancaja-1920x1280.jpg 1920w\" sizes=\"auto, (max-width: 450px) 100vw, 450px\" \/>                <\/div>\n                <div class=\"content_card_info\">\n                    <div class=\"content_card_title\">\n                        Entretenimiento en la HSML                    <\/div>\n                    <div class=\"content_card_excerpt\">\n                                            <\/div>\n                <\/div>\n                <a href=\"https:\/\/hispanicsociety.org\/es\/support-us\/entertaining-at-hsml\/\" class=\"cta_button small accent\">\n                    Read\n                <\/a>\n            <\/article>\n            <\/div>\n    <\/div>\r\n","protected":false},"excerpt":{"rendered":"","protected":false},"author":1,"featured_media":1196,"parent":1416,"menu_order":0,"comment_status":"closed","ping_status":"closed","template":"","meta":{"_acf_changed":false,"footnotes":""},"class_list":["post-1424","page","type-page","status-publish","has-post-thumbnail","hentry"],"acf":[],"yoast_head":"<!-- This site is optimized with the Yoast SEO plugin v26.9 - https:\/\/yoast.com\/product\/yoast-seo-wordpress\/ -->\n<title>Hacer un Regalo - Hispanic Society Museum and Library<\/title>\n<meta name=\"robots\" content=\"index, follow, max-snippet:-1, max-image-preview:large, max-video-preview:-1\" \/>\n<link rel=\"canonical\" href=\"https:\/\/hispanicsociety.org\/support-us\/make-a-gift\/\" \/>\n<meta property=\"og:locale\" content=\"es_ES\" \/>\n<meta property=\"og:type\" content=\"article\" \/>\n<meta property=\"og:title\" content=\"Hacer un Regalo - Hispanic Society Museum and Library\" \/>\n<meta property=\"og:url\" content=\"https:\/\/hispanicsociety.org\/support-us\/make-a-gift\/\" \/>\n<meta property=\"og:site_name\" content=\"Hispanic Society Museum and Library\" \/>\n<meta property=\"article:publisher\" content=\"https:\/\/www.facebook.com\/hispanicsociety\" \/>\n<meta property=\"article:modified_time\" content=\"2025-04-27T12:45:18+00:00\" \/>\n<meta property=\"og:image\" content=\"https:\/\/hispanicsociety.org\/wp-content\/uploads\/2025\/04\/annualfund_dsc0805-2-1.jpg\" \/>\n\t<meta property=\"og:image:width\" content=\"2250\" \/>\n\t<meta property=\"og:image:height\" content=\"1500\" \/>\n\t<meta property=\"og:image:type\" content=\"image\/jpeg\" \/>\n<meta name=\"twitter:card\" content=\"summary_large_image\" \/>\n<meta name=\"twitter:site\" content=\"@HSAmuseum\" \/>\n<script type=\"application\/ld+json\" class=\"yoast-schema-graph\">{\"@context\":\"https:\/\/schema.org\",\"@graph\":[{\"@type\":\"WebPage\",\"@id\":\"https:\/\/hispanicsociety.org\/support-us\/make-a-gift\/\",\"url\":\"https:\/\/hispanicsociety.org\/support-us\/make-a-gift\/\",\"name\":\"Hacer un Regalo - Hispanic Society Museum and Library\",\"isPartOf\":{\"@id\":\"https:\/\/hispanicsociety.org\/#website\"},\"primaryImageOfPage\":{\"@id\":\"https:\/\/hispanicsociety.org\/support-us\/make-a-gift\/#primaryimage\"},\"image\":{\"@id\":\"https:\/\/hispanicsociety.org\/support-us\/make-a-gift\/#primaryimage\"},\"thumbnailUrl\":\"https:\/\/hispanicsociety.org\/wp-content\/uploads\/2025\/04\/annualfund_dsc0805-2-1.jpg\",\"datePublished\":\"2025-03-23T09:12:19+00:00\",\"dateModified\":\"2025-04-27T12:45:18+00:00\",\"breadcrumb\":{\"@id\":\"https:\/\/hispanicsociety.org\/support-us\/make-a-gift\/#breadcrumb\"},\"inLanguage\":\"es\",\"potentialAction\":[{\"@type\":\"ReadAction\",\"target\":[\"https:\/\/hispanicsociety.org\/support-us\/make-a-gift\/\"]}]},{\"@type\":\"ImageObject\",\"inLanguage\":\"es\",\"@id\":\"https:\/\/hispanicsociety.org\/support-us\/make-a-gift\/#primaryimage\",\"url\":\"https:\/\/hispanicsociety.org\/wp-content\/uploads\/2025\/04\/annualfund_dsc0805-2-1.jpg\",\"contentUrl\":\"https:\/\/hispanicsociety.org\/wp-content\/uploads\/2025\/04\/annualfund_dsc0805-2-1.jpg\",\"width\":2250,\"height\":1500},{\"@type\":\"BreadcrumbList\",\"@id\":\"https:\/\/hispanicsociety.org\/support-us\/make-a-gift\/#breadcrumb\",\"itemListElement\":[{\"@type\":\"ListItem\",\"position\":1,\"name\":\"Home\",\"item\":\"https:\/\/hispanicsociety.org\/\"},{\"@type\":\"ListItem\",\"position\":2,\"name\":\"Ap\u00f3yanos\",\"item\":\"https:\/\/hispanicsociety.org\/support-us\/\"},{\"@type\":\"ListItem\",\"position\":3,\"name\":\"Hacer un Regalo\"}]},{\"@type\":\"WebSite\",\"@id\":\"https:\/\/hispanicsociety.org\/#website\",\"url\":\"https:\/\/hispanicsociety.org\/\",\"name\":\"Hispanic Society Museum and Library\",\"description\":\"\",\"publisher\":{\"@id\":\"https:\/\/hispanicsociety.org\/#organization\"},\"potentialAction\":[{\"@type\":\"SearchAction\",\"target\":{\"@type\":\"EntryPoint\",\"urlTemplate\":\"https:\/\/hispanicsociety.org\/?s={search_term_string}\"},\"query-input\":{\"@type\":\"PropertyValueSpecification\",\"valueRequired\":true,\"valueName\":\"search_term_string\"}}],\"inLanguage\":\"es\"},{\"@type\":\"Organization\",\"@id\":\"https:\/\/hispanicsociety.org\/#organization\",\"name\":\"Hispanic Society Museum and Library\",\"url\":\"https:\/\/hispanicsociety.org\/\",\"logo\":{\"@type\":\"ImageObject\",\"inLanguage\":\"es\",\"@id\":\"https:\/\/hispanicsociety.org\/#\/schema\/logo\/image\/\",\"url\":\"https:\/\/hispanicsociety.org\/wp-content\/uploads\/2025\/03\/hsa-logo-01.webp\",\"contentUrl\":\"https:\/\/hispanicsociety.org\/wp-content\/uploads\/2025\/03\/hsa-logo-01.webp\",\"width\":273,\"height\":68,\"caption\":\"Hispanic Society Museum and Library\"},\"image\":{\"@id\":\"https:\/\/hispanicsociety.org\/#\/schema\/logo\/image\/\"},\"sameAs\":[\"https:\/\/www.facebook.com\/hispanicsociety\",\"https:\/\/x.com\/HSAmuseum\",\"https:\/\/www.instagram.com\/hispanic_society\/\",\"https:\/\/www.youtube.com\/channel\/UCuEmouWL8wEMm24C-ScZwGg\"]}]}<\/script>\n<!-- \/ Yoast SEO plugin. -->","yoast_head_json":{"title":"Hacer un Regalo - Hispanic Society Museum and Library","robots":{"index":"index","follow":"follow","max-snippet":"max-snippet:-1","max-image-preview":"max-image-preview:large","max-video-preview":"max-video-preview:-1"},"canonical":"https:\/\/hispanicsociety.org\/support-us\/make-a-gift\/","og_locale":"es_ES","og_type":"article","og_title":"Hacer un Regalo - Hispanic Society Museum and Library","og_url":"https:\/\/hispanicsociety.org\/support-us\/make-a-gift\/","og_site_name":"Hispanic Society Museum and Library","article_publisher":"https:\/\/www.facebook.com\/hispanicsociety","article_modified_time":"2025-04-27T12:45:18+00:00","og_image":[{"width":2250,"height":1500,"url":"https:\/\/hispanicsociety.org\/wp-content\/uploads\/2025\/04\/annualfund_dsc0805-2-1.jpg","type":"image\/jpeg"}],"twitter_card":"summary_large_image","twitter_site":"@HSAmuseum","schema":{"@context":"https:\/\/schema.org","@graph":[{"@type":"WebPage","@id":"https:\/\/hispanicsociety.org\/support-us\/make-a-gift\/","url":"https:\/\/hispanicsociety.org\/support-us\/make-a-gift\/","name":"Hacer un Regalo - Hispanic Society Museum and Library","isPartOf":{"@id":"https:\/\/hispanicsociety.org\/#website"},"primaryImageOfPage":{"@id":"https:\/\/hispanicsociety.org\/support-us\/make-a-gift\/#primaryimage"},"image":{"@id":"https:\/\/hispanicsociety.org\/support-us\/make-a-gift\/#primaryimage"},"thumbnailUrl":"https:\/\/hispanicsociety.org\/wp-content\/uploads\/2025\/04\/annualfund_dsc0805-2-1.jpg","datePublished":"2025-03-23T09:12:19+00:00","dateModified":"2025-04-27T12:45:18+00:00","breadcrumb":{"@id":"https:\/\/hispanicsociety.org\/support-us\/make-a-gift\/#breadcrumb"},"inLanguage":"es","potentialAction":[{"@type":"ReadAction","target":["https:\/\/hispanicsociety.org\/support-us\/make-a-gift\/"]}]},{"@type":"ImageObject","inLanguage":"es","@id":"https:\/\/hispanicsociety.org\/support-us\/make-a-gift\/#primaryimage","url":"https:\/\/hispanicsociety.org\/wp-content\/uploads\/2025\/04\/annualfund_dsc0805-2-1.jpg","contentUrl":"https:\/\/hispanicsociety.org\/wp-content\/uploads\/2025\/04\/annualfund_dsc0805-2-1.jpg","width":2250,"height":1500},{"@type":"BreadcrumbList","@id":"https:\/\/hispanicsociety.org\/support-us\/make-a-gift\/#breadcrumb","itemListElement":[{"@type":"ListItem","position":1,"name":"Home","item":"https:\/\/hispanicsociety.org\/"},{"@type":"ListItem","position":2,"name":"Ap\u00f3yanos","item":"https:\/\/hispanicsociety.org\/support-us\/"},{"@type":"ListItem","position":3,"name":"Hacer un Regalo"}]},{"@type":"WebSite","@id":"https:\/\/hispanicsociety.org\/#website","url":"https:\/\/hispanicsociety.org\/","name":"Hispanic Society Museum and Library","description":"","publisher":{"@id":"https:\/\/hispanicsociety.org\/#organization"},"potentialAction":[{"@type":"SearchAction","target":{"@type":"EntryPoint","urlTemplate":"https:\/\/hispanicsociety.org\/?s={search_term_string}"},"query-input":{"@type":"PropertyValueSpecification","valueRequired":true,"valueName":"search_term_string"}}],"inLanguage":"es"},{"@type":"Organization","@id":"https:\/\/hispanicsociety.org\/#organization","name":"Hispanic Society Museum and Library","url":"https:\/\/hispanicsociety.org\/","logo":{"@type":"ImageObject","inLanguage":"es","@id":"https:\/\/hispanicsociety.org\/#\/schema\/logo\/image\/","url":"https:\/\/hispanicsociety.org\/wp-content\/uploads\/2025\/03\/hsa-logo-01.webp","contentUrl":"https:\/\/hispanicsociety.org\/wp-content\/uploads\/2025\/03\/hsa-logo-01.webp","width":273,"height":68,"caption":"Hispanic Society Museum and Library"},"image":{"@id":"https:\/\/hispanicsociety.org\/#\/schema\/logo\/image\/"},"sameAs":["https:\/\/www.facebook.com\/hispanicsociety","https:\/\/x.com\/HSAmuseum","https:\/\/www.instagram.com\/hispanic_society\/","https:\/\/www.youtube.com\/channel\/UCuEmouWL8wEMm24C-ScZwGg"]}]}},"_links":{"self":[{"href":"https:\/\/hispanicsociety.org\/es\/wp-json\/wp\/v2\/pages\/1424","targetHints":{"allow":["GET"]}}],"collection":[{"href":"https:\/\/hispanicsociety.org\/es\/wp-json\/wp\/v2\/pages"}],"about":[{"href":"https:\/\/hispanicsociety.org\/es\/wp-json\/wp\/v2\/types\/page"}],"author":[{"embeddable":true,"href":"https:\/\/hispanicsociety.org\/es\/wp-json\/wp\/v2\/users\/1"}],"replies":[{"embeddable":true,"href":"https:\/\/hispanicsociety.org\/es\/wp-json\/wp\/v2\/comments?post=1424"}],"version-history":[{"count":1,"href":"https:\/\/hispanicsociety.org\/es\/wp-json\/wp\/v2\/pages\/1424\/revisions"}],"predecessor-version":[{"id":1426,"href":"https:\/\/hispanicsociety.org\/es\/wp-json\/wp\/v2\/pages\/1424\/revisions\/1426"}],"up":[{"embeddable":true,"href":"https:\/\/hispanicsociety.org\/es\/wp-json\/wp\/v2\/pages\/1416"}],"wp:featuredmedia":[{"embeddable":true,"href":"https:\/\/hispanicsociety.org\/es\/wp-json\/wp\/v2\/media\/1196"}],"wp:attachment":[{"href":"https:\/\/hispanicsociety.org\/es\/wp-json\/wp\/v2\/media?parent=1424"}],"curies":[{"name":"wp","href":"https:\/\/api.w.org\/{rel}","templated":true}]}}