{"id":1427,"date":"2025-03-23T09:12:33","date_gmt":"2025-03-23T09:12:33","guid":{"rendered":"https:\/\/hispanicsociety.org\/support-us\/membership\/"},"modified":"2025-04-27T13:44:33","modified_gmt":"2025-04-27T13:44:33","slug":"membership","status":"publish","type":"page","link":"https:\/\/hispanicsociety.org\/es\/support-us\/membership\/","title":{"rendered":"Socios"},"content":{"rendered":"\r\n<div id=\"full-width-image-block_e39c12a18b94605ab2afbf41cff5366f\" class=\"block full-width-image height_half\">\r\n            <div class=\"image_container\">\r\n            <figure class=\"\">\r\n                <img loading=\"lazy\" decoding=\"async\" width=\"1920\" height=\"1235\" src=\"https:\/\/hispanicsociety.org\/wp-content\/uploads\/2025\/03\/parallax23-1920x1235.jpg\" class=\"\" alt=\"\" srcset=\"https:\/\/hispanicsociety.org\/wp-content\/uploads\/2025\/03\/parallax23-1920x1235.jpg 1920w, https:\/\/hispanicsociety.org\/wp-content\/uploads\/2025\/03\/parallax23-450x289.jpg 450w, https:\/\/hispanicsociety.org\/wp-content\/uploads\/2025\/03\/parallax23-1200x772.jpg 1200w, https:\/\/hispanicsociety.org\/wp-content\/uploads\/2025\/03\/parallax23-768x494.jpg 768w, https:\/\/hispanicsociety.org\/wp-content\/uploads\/2025\/03\/parallax23-1536x988.jpg 1536w, https:\/\/hispanicsociety.org\/wp-content\/uploads\/2025\/03\/parallax23-2048x1317.jpg 2048w\" sizes=\"auto, (max-width: 1920px) 100vw, 1920px\" \/>            <\/figure>\r\n                            <figcaption class=\"\">\r\n                    LA MU\u00d1EIRA, hacia 1916-1922 Fernando \u00c1lvarez de Sotomayor                <\/figcaption>\r\n                    <\/div>\r\n    <\/div>\r\n\n\n\r\n<div id=\"text-sections-block_251b6376f77ea179e1202b4454f74d7a\" class=\"block text-sections\">\r\n            <div class=\"text-section site_width two_cols\">\r\n                            <h1 class=\"section_title\">\r\n                    Socios                <\/h1>\r\n            \r\n                            <div class=\"text_content\">\r\n                    <p>Suscr\u00edbase a nuestro bolet\u00edn electr\u00f3nico (e-newsletter) o mant\u00e9ngase informado sobre las obras de reforma y todas las exposiciones, conciertos y eventos de la Hispanic Society.<\/p>\n<p><strong>\u00a1H\u00e1gase socio!<\/strong><\/p>\n<p>Los socios de la Hispanic Society of America, Museo y Biblioteca, proporcionan un apoyo fundamental a nuestras important\u00edsimas colecciones, nuestro programa educativo, programa de adquisiciones, conservaci\u00f3n, publicaciones, exposiciones colaborativas, conferencias, conciertos y actividades permanentes.<\/p>\n<p>H\u00e1gase socio hoy y explore el arte y la cultura de Espa\u00f1a, Latinoam\u00e9rica, Portugal y Filipinas con recorridos especiales, descuentos en nuestra tienda, e invitaciones a conferencias, conciertos y eventos.<\/p>\n<p>Para m\u00e1s informaci\u00f3n, llame a la Oficina de Desarrollo al n\u00famero 212-926-2234, extensi\u00f3n 247, o env\u00edenos un correo electr\u00f3nico.<\/p>\n<p><strong>Todos los socios reciben:<\/strong><\/p>\n<ul>\n<li>Descuentos en la Tienda de la Hispanic Society y sobre las publicaciones.<\/li>\n<li>Notificaci\u00f3n previa sobre exposiciones, eventos especiales gratuitos, conciertos y programas educativos.<\/li>\n<li>Suscripci\u00f3n a nuestro bolet\u00edn informativo electr\u00f3nico.<\/li>\n<li>Totalmente deducible a efectos fiscales. <em>Existen condiciones especiales para Socios Donantes y Mecenas.<\/em><\/li>\n<\/ul>\n                <\/div>\r\n                    <\/div>\r\n            <div class=\"text-section site_width one_cols\">\r\n            \r\n                            <div class=\"text_content\">\r\n                    <div id=\"bbox-root-36578955-be2c-4ac4-ae9d-bc3d339c4332\"><\/div>\n<div id=\"bbox-root-36578955-be2c-4ac4-ae9d-bc3d339c4332\"><\/div>\n<p><script type=\"text\/javascript\">\n    var bboxInit2 = bboxInit2 || [];\n    bboxInit2.push(function () {\n        bboxApi.showForm('36578955-be2c-4ac4-ae9d-bc3d339c4332');\n    });\n    (function () {\n        var e = document.createElement('script'); e.async = true;\n        e.src = 'https:\/\/bbox.blackbaudhosting.com\/webforms\/bbox-2.0-min.js';\n        document.getElementsByTagName('head')[0].appendChild(e);\n    }());\n<\/script><\/p>\n                <\/div>\r\n                    <\/div>\r\n    <\/div>\r\n\r\n\n\n\r\n<div id=\"related-content-block_8136bc669fba00b6525918e9b71980a5\" class=\"block site_width related-content\">\r\n    <h3 class=\"related-content__heading\">Explorar M\u00e1s<\/h3>    <div class=\"content_cards_grid\">\n                    <article class=\"single_content_card\">\n                <div class=\"content_thumbnail\">\n                    <img loading=\"lazy\" decoding=\"async\" width=\"450\" height=\"300\" src=\"https:\/\/hispanicsociety.org\/wp-content\/uploads\/2025\/04\/annualfund_dsc0805-2-1-450x300.jpg\" class=\"attachment-medium size-medium wp-post-image\" alt=\"\" srcset=\"https:\/\/hispanicsociety.org\/wp-content\/uploads\/2025\/04\/annualfund_dsc0805-2-1-450x300.jpg 450w, https:\/\/hispanicsociety.org\/wp-content\/uploads\/2025\/04\/annualfund_dsc0805-2-1-1200x800.jpg 1200w, https:\/\/hispanicsociety.org\/wp-content\/uploads\/2025\/04\/annualfund_dsc0805-2-1-768x512.jpg 768w, https:\/\/hispanicsociety.org\/wp-content\/uploads\/2025\/04\/annualfund_dsc0805-2-1-1536x1024.jpg 1536w, https:\/\/hispanicsociety.org\/wp-content\/uploads\/2025\/04\/annualfund_dsc0805-2-1-2048x1365.jpg 2048w, https:\/\/hispanicsociety.org\/wp-content\/uploads\/2025\/04\/annualfund_dsc0805-2-1-1920x1280.jpg 1920w\" sizes=\"auto, (max-width: 450px) 100vw, 450px\" \/>                <\/div>\n                <div class=\"content_card_info\">\n                    <div class=\"content_card_title\">\n                        Hacer un Regalo                    <\/div>\n                    <div class=\"content_card_excerpt\">\n                                            <\/div>\n                <\/div>\n                <a href=\"https:\/\/hispanicsociety.org\/es\/support-us\/make-a-gift\/\" class=\"cta_button small accent\">\n                    Read\n                <\/a>\n            <\/article>\n                    <article class=\"single_content_card\">\n                <div class=\"content_thumbnail\">\n                    <img loading=\"lazy\" decoding=\"async\" width=\"450\" height=\"300\" src=\"https:\/\/hispanicsociety.org\/wp-content\/uploads\/2025\/05\/GalaHSA280-450x300.jpg\" class=\"attachment-medium size-medium wp-post-image\" alt=\"\" srcset=\"https:\/\/hispanicsociety.org\/wp-content\/uploads\/2025\/05\/GalaHSA280-450x300.jpg 450w, https:\/\/hispanicsociety.org\/wp-content\/uploads\/2025\/05\/GalaHSA280-1200x800.jpg 1200w, https:\/\/hispanicsociety.org\/wp-content\/uploads\/2025\/05\/GalaHSA280-768x512.jpg 768w, https:\/\/hispanicsociety.org\/wp-content\/uploads\/2025\/05\/GalaHSA280-1536x1025.jpg 1536w, https:\/\/hispanicsociety.org\/wp-content\/uploads\/2025\/05\/GalaHSA280-2048x1366.jpg 2048w, https:\/\/hispanicsociety.org\/wp-content\/uploads\/2025\/05\/GalaHSA280-1920x1281.jpg 1920w\" sizes=\"auto, (max-width: 450px) 100vw, 450px\" \/>                <\/div>\n                <div class=\"content_card_info\">\n                    <div class=\"content_card_title\">\n                        Gala                    <\/div>\n                    <div class=\"content_card_excerpt\">\n                                            <\/div>\n                <\/div>\n                <a href=\"https:\/\/hispanicsociety.org\/es\/support-us\/gala\/\" class=\"cta_button small accent\">\n                    Read\n                <\/a>\n            <\/article>\n                    <article class=\"single_content_card\">\n                <div class=\"content_thumbnail\">\n                    <img loading=\"lazy\" decoding=\"async\" width=\"450\" height=\"270\" src=\"https:\/\/hispanicsociety.org\/wp-content\/uploads\/2025\/04\/a1805_sorolla_vision_valencia-450x270.jpg\" class=\"attachment-medium size-medium wp-post-image\" alt=\"\" srcset=\"https:\/\/hispanicsociety.org\/wp-content\/uploads\/2025\/04\/a1805_sorolla_vision_valencia-450x270.jpg 450w, https:\/\/hispanicsociety.org\/wp-content\/uploads\/2025\/04\/a1805_sorolla_vision_valencia.jpg 600w\" sizes=\"auto, (max-width: 450px) 100vw, 450px\" \/>                <\/div>\n                <div class=\"content_card_info\">\n                    <div class=\"content_card_title\">\n                        Nuestros Patrocinadores                    <\/div>\n                    <div class=\"content_card_excerpt\">\n                                            <\/div>\n                <\/div>\n                <a href=\"https:\/\/hispanicsociety.org\/es\/support-us\/our-supporters\/\" class=\"cta_button small accent\">\n                    Read\n                <\/a>\n            <\/article>\n                    <article class=\"single_content_card\">\n                <div class=\"content_thumbnail\">\n                    <img loading=\"lazy\" decoding=\"async\" width=\"450\" height=\"319\" src=\"https:\/\/hispanicsociety.org\/wp-content\/uploads\/2025\/04\/a295_anglada-girls-of-burriana-450x319.jpg\" class=\"attachment-medium size-medium wp-post-image\" alt=\"\" srcset=\"https:\/\/hispanicsociety.org\/wp-content\/uploads\/2025\/04\/a295_anglada-girls-of-burriana-450x319.jpg 450w, https:\/\/hispanicsociety.org\/wp-content\/uploads\/2025\/04\/a295_anglada-girls-of-burriana-768x545.jpg 768w, https:\/\/hispanicsociety.org\/wp-content\/uploads\/2025\/04\/a295_anglada-girls-of-burriana.jpg 1100w\" sizes=\"auto, (max-width: 450px) 100vw, 450px\" \/>                <\/div>\n                <div class=\"content_card_info\">\n                    <div class=\"content_card_title\">\n                        Otras formas de apoyar a la HSA                    <\/div>\n                    <div class=\"content_card_excerpt\">\n                                            <\/div>\n                <\/div>\n                <a href=\"https:\/\/hispanicsociety.org\/es\/support-us\/other-ways-to-give\/\" class=\"cta_button small accent\">\n                    Read\n                <\/a>\n            <\/article>\n            <\/div>\n    <\/div>\r\n","protected":false},"excerpt":{"rendered":"","protected":false},"author":1,"featured_media":1034,"parent":1416,"menu_order":0,"comment_status":"closed","ping_status":"closed","template":"","meta":{"_acf_changed":false,"footnotes":""},"class_list":["post-1427","page","type-page","status-publish","has-post-thumbnail","hentry"],"acf":[],"yoast_head":"<!-- This site is optimized with the Yoast SEO plugin v26.9 - https:\/\/yoast.com\/product\/yoast-seo-wordpress\/ -->\n<title>Socios - Hispanic Society Museum and Library<\/title>\n<meta name=\"robots\" content=\"index, follow, max-snippet:-1, max-image-preview:large, max-video-preview:-1\" \/>\n<link rel=\"canonical\" href=\"https:\/\/hispanicsociety.org\/support-us\/membership\/\" \/>\n<meta property=\"og:locale\" content=\"es_ES\" \/>\n<meta property=\"og:type\" content=\"article\" \/>\n<meta property=\"og:title\" content=\"Socios - Hispanic Society Museum and Library\" \/>\n<meta property=\"og:url\" content=\"https:\/\/hispanicsociety.org\/support-us\/membership\/\" \/>\n<meta property=\"og:site_name\" content=\"Hispanic Society Museum and Library\" \/>\n<meta property=\"article:publisher\" content=\"https:\/\/www.facebook.com\/hispanicsociety\" \/>\n<meta property=\"article:modified_time\" content=\"2025-04-27T13:44:33+00:00\" \/>\n<meta property=\"og:image\" content=\"https:\/\/hispanicsociety.org\/wp-content\/uploads\/2025\/04\/membership_a1719.jpg\" \/>\n\t<meta property=\"og:image:width\" content=\"1500\" \/>\n\t<meta property=\"og:image:height\" content=\"2250\" \/>\n\t<meta property=\"og:image:type\" content=\"image\/jpeg\" \/>\n<meta name=\"twitter:card\" content=\"summary_large_image\" \/>\n<meta name=\"twitter:site\" content=\"@HSAmuseum\" \/>\n<script type=\"application\/ld+json\" class=\"yoast-schema-graph\">{\"@context\":\"https:\/\/schema.org\",\"@graph\":[{\"@type\":\"WebPage\",\"@id\":\"https:\/\/hispanicsociety.org\/support-us\/membership\/\",\"url\":\"https:\/\/hispanicsociety.org\/support-us\/membership\/\",\"name\":\"Socios - Hispanic Society Museum and Library\",\"isPartOf\":{\"@id\":\"https:\/\/hispanicsociety.org\/#website\"},\"primaryImageOfPage\":{\"@id\":\"https:\/\/hispanicsociety.org\/support-us\/membership\/#primaryimage\"},\"image\":{\"@id\":\"https:\/\/hispanicsociety.org\/support-us\/membership\/#primaryimage\"},\"thumbnailUrl\":\"https:\/\/hispanicsociety.org\/wp-content\/uploads\/2025\/04\/membership_a1719.jpg\",\"datePublished\":\"2025-03-23T09:12:33+00:00\",\"dateModified\":\"2025-04-27T13:44:33+00:00\",\"breadcrumb\":{\"@id\":\"https:\/\/hispanicsociety.org\/support-us\/membership\/#breadcrumb\"},\"inLanguage\":\"es\",\"potentialAction\":[{\"@type\":\"ReadAction\",\"target\":[\"https:\/\/hispanicsociety.org\/support-us\/membership\/\"]}]},{\"@type\":\"ImageObject\",\"inLanguage\":\"es\",\"@id\":\"https:\/\/hispanicsociety.org\/support-us\/membership\/#primaryimage\",\"url\":\"https:\/\/hispanicsociety.org\/wp-content\/uploads\/2025\/04\/membership_a1719.jpg\",\"contentUrl\":\"https:\/\/hispanicsociety.org\/wp-content\/uploads\/2025\/04\/membership_a1719.jpg\",\"width\":1500,\"height\":2250},{\"@type\":\"BreadcrumbList\",\"@id\":\"https:\/\/hispanicsociety.org\/support-us\/membership\/#breadcrumb\",\"itemListElement\":[{\"@type\":\"ListItem\",\"position\":1,\"name\":\"Home\",\"item\":\"https:\/\/hispanicsociety.org\/\"},{\"@type\":\"ListItem\",\"position\":2,\"name\":\"Ap\u00f3yanos\",\"item\":\"https:\/\/hispanicsociety.org\/support-us\/\"},{\"@type\":\"ListItem\",\"position\":3,\"name\":\"Socios\"}]},{\"@type\":\"WebSite\",\"@id\":\"https:\/\/hispanicsociety.org\/#website\",\"url\":\"https:\/\/hispanicsociety.org\/\",\"name\":\"Hispanic Society Museum and Library\",\"description\":\"\",\"publisher\":{\"@id\":\"https:\/\/hispanicsociety.org\/#organization\"},\"potentialAction\":[{\"@type\":\"SearchAction\",\"target\":{\"@type\":\"EntryPoint\",\"urlTemplate\":\"https:\/\/hispanicsociety.org\/?s={search_term_string}\"},\"query-input\":{\"@type\":\"PropertyValueSpecification\",\"valueRequired\":true,\"valueName\":\"search_term_string\"}}],\"inLanguage\":\"es\"},{\"@type\":\"Organization\",\"@id\":\"https:\/\/hispanicsociety.org\/#organization\",\"name\":\"Hispanic Society Museum and Library\",\"url\":\"https:\/\/hispanicsociety.org\/\",\"logo\":{\"@type\":\"ImageObject\",\"inLanguage\":\"es\",\"@id\":\"https:\/\/hispanicsociety.org\/#\/schema\/logo\/image\/\",\"url\":\"https:\/\/hispanicsociety.org\/wp-content\/uploads\/2025\/03\/hsa-logo-01.webp\",\"contentUrl\":\"https:\/\/hispanicsociety.org\/wp-content\/uploads\/2025\/03\/hsa-logo-01.webp\",\"width\":273,\"height\":68,\"caption\":\"Hispanic Society Museum and Library\"},\"image\":{\"@id\":\"https:\/\/hispanicsociety.org\/#\/schema\/logo\/image\/\"},\"sameAs\":[\"https:\/\/www.facebook.com\/hispanicsociety\",\"https:\/\/x.com\/HSAmuseum\",\"https:\/\/www.instagram.com\/hispanic_society\/\",\"https:\/\/www.youtube.com\/channel\/UCuEmouWL8wEMm24C-ScZwGg\"]}]}<\/script>\n<!-- \/ Yoast SEO plugin. -->","yoast_head_json":{"title":"Socios - Hispanic Society Museum and Library","robots":{"index":"index","follow":"follow","max-snippet":"max-snippet:-1","max-image-preview":"max-image-preview:large","max-video-preview":"max-video-preview:-1"},"canonical":"https:\/\/hispanicsociety.org\/support-us\/membership\/","og_locale":"es_ES","og_type":"article","og_title":"Socios - Hispanic Society Museum and Library","og_url":"https:\/\/hispanicsociety.org\/support-us\/membership\/","og_site_name":"Hispanic Society Museum and Library","article_publisher":"https:\/\/www.facebook.com\/hispanicsociety","article_modified_time":"2025-04-27T13:44:33+00:00","og_image":[{"width":1500,"height":2250,"url":"https:\/\/hispanicsociety.org\/wp-content\/uploads\/2025\/04\/membership_a1719.jpg","type":"image\/jpeg"}],"twitter_card":"summary_large_image","twitter_site":"@HSAmuseum","schema":{"@context":"https:\/\/schema.org","@graph":[{"@type":"WebPage","@id":"https:\/\/hispanicsociety.org\/support-us\/membership\/","url":"https:\/\/hispanicsociety.org\/support-us\/membership\/","name":"Socios - Hispanic Society Museum and Library","isPartOf":{"@id":"https:\/\/hispanicsociety.org\/#website"},"primaryImageOfPage":{"@id":"https:\/\/hispanicsociety.org\/support-us\/membership\/#primaryimage"},"image":{"@id":"https:\/\/hispanicsociety.org\/support-us\/membership\/#primaryimage"},"thumbnailUrl":"https:\/\/hispanicsociety.org\/wp-content\/uploads\/2025\/04\/membership_a1719.jpg","datePublished":"2025-03-23T09:12:33+00:00","dateModified":"2025-04-27T13:44:33+00:00","breadcrumb":{"@id":"https:\/\/hispanicsociety.org\/support-us\/membership\/#breadcrumb"},"inLanguage":"es","potentialAction":[{"@type":"ReadAction","target":["https:\/\/hispanicsociety.org\/support-us\/membership\/"]}]},{"@type":"ImageObject","inLanguage":"es","@id":"https:\/\/hispanicsociety.org\/support-us\/membership\/#primaryimage","url":"https:\/\/hispanicsociety.org\/wp-content\/uploads\/2025\/04\/membership_a1719.jpg","contentUrl":"https:\/\/hispanicsociety.org\/wp-content\/uploads\/2025\/04\/membership_a1719.jpg","width":1500,"height":2250},{"@type":"BreadcrumbList","@id":"https:\/\/hispanicsociety.org\/support-us\/membership\/#breadcrumb","itemListElement":[{"@type":"ListItem","position":1,"name":"Home","item":"https:\/\/hispanicsociety.org\/"},{"@type":"ListItem","position":2,"name":"Ap\u00f3yanos","item":"https:\/\/hispanicsociety.org\/support-us\/"},{"@type":"ListItem","position":3,"name":"Socios"}]},{"@type":"WebSite","@id":"https:\/\/hispanicsociety.org\/#website","url":"https:\/\/hispanicsociety.org\/","name":"Hispanic Society Museum and Library","description":"","publisher":{"@id":"https:\/\/hispanicsociety.org\/#organization"},"potentialAction":[{"@type":"SearchAction","target":{"@type":"EntryPoint","urlTemplate":"https:\/\/hispanicsociety.org\/?s={search_term_string}"},"query-input":{"@type":"PropertyValueSpecification","valueRequired":true,"valueName":"search_term_string"}}],"inLanguage":"es"},{"@type":"Organization","@id":"https:\/\/hispanicsociety.org\/#organization","name":"Hispanic Society Museum and Library","url":"https:\/\/hispanicsociety.org\/","logo":{"@type":"ImageObject","inLanguage":"es","@id":"https:\/\/hispanicsociety.org\/#\/schema\/logo\/image\/","url":"https:\/\/hispanicsociety.org\/wp-content\/uploads\/2025\/03\/hsa-logo-01.webp","contentUrl":"https:\/\/hispanicsociety.org\/wp-content\/uploads\/2025\/03\/hsa-logo-01.webp","width":273,"height":68,"caption":"Hispanic Society Museum and Library"},"image":{"@id":"https:\/\/hispanicsociety.org\/#\/schema\/logo\/image\/"},"sameAs":["https:\/\/www.facebook.com\/hispanicsociety","https:\/\/x.com\/HSAmuseum","https:\/\/www.instagram.com\/hispanic_society\/","https:\/\/www.youtube.com\/channel\/UCuEmouWL8wEMm24C-ScZwGg"]}]}},"_links":{"self":[{"href":"https:\/\/hispanicsociety.org\/es\/wp-json\/wp\/v2\/pages\/1427","targetHints":{"allow":["GET"]}}],"collection":[{"href":"https:\/\/hispanicsociety.org\/es\/wp-json\/wp\/v2\/pages"}],"about":[{"href":"https:\/\/hispanicsociety.org\/es\/wp-json\/wp\/v2\/types\/page"}],"author":[{"embeddable":true,"href":"https:\/\/hispanicsociety.org\/es\/wp-json\/wp\/v2\/users\/1"}],"replies":[{"embeddable":true,"href":"https:\/\/hispanicsociety.org\/es\/wp-json\/wp\/v2\/comments?post=1427"}],"version-history":[{"count":1,"href":"https:\/\/hispanicsociety.org\/es\/wp-json\/wp\/v2\/pages\/1427\/revisions"}],"predecessor-version":[{"id":1429,"href":"https:\/\/hispanicsociety.org\/es\/wp-json\/wp\/v2\/pages\/1427\/revisions\/1429"}],"up":[{"embeddable":true,"href":"https:\/\/hispanicsociety.org\/es\/wp-json\/wp\/v2\/pages\/1416"}],"wp:featuredmedia":[{"embeddable":true,"href":"https:\/\/hispanicsociety.org\/es\/wp-json\/wp\/v2\/media\/1034"}],"wp:attachment":[{"href":"https:\/\/hispanicsociety.org\/es\/wp-json\/wp\/v2\/media?parent=1427"}],"curies":[{"name":"wp","href":"https:\/\/api.w.org\/{rel}","templated":true}]}}