{"id":1436,"date":"2025-03-23T09:09:47","date_gmt":"2025-03-23T09:09:47","guid":{"rendered":"https:\/\/hispanicsociety.org\/contemporary-art-initiatives\/"},"modified":"2025-05-15T11:25:59","modified_gmt":"2025-05-15T11:25:59","slug":"contemporary-art-initiatives","status":"publish","type":"page","link":"https:\/\/hispanicsociety.org\/es\/whats-on\/contemporary-art-initiatives\/","title":{"rendered":"Iniciativas de Arte Contempor\u00e1neo"},"content":{"rendered":"\r\n<div id=\"full-width-image-block_2ba48ccb94008a1d388e0ddf9a137975\" class=\"block full-width-image height_half\">\r\n            <div class=\"image_container\">\r\n            <figure class=\"\">\r\n                <img loading=\"lazy\" decoding=\"async\" width=\"1920\" height=\"1281\" src=\"https:\/\/hispanicsociety.org\/wp-content\/uploads\/2025\/05\/DominicanYorks20-1920x1281.jpg\" class=\"\" alt=\"\" srcset=\"https:\/\/hispanicsociety.org\/wp-content\/uploads\/2025\/05\/DominicanYorks20-1920x1281.jpg 1920w, https:\/\/hispanicsociety.org\/wp-content\/uploads\/2025\/05\/DominicanYorks20-450x300.jpg 450w, https:\/\/hispanicsociety.org\/wp-content\/uploads\/2025\/05\/DominicanYorks20-1200x800.jpg 1200w, https:\/\/hispanicsociety.org\/wp-content\/uploads\/2025\/05\/DominicanYorks20-768x512.jpg 768w, https:\/\/hispanicsociety.org\/wp-content\/uploads\/2025\/05\/DominicanYorks20-1536x1025.jpg 1536w, https:\/\/hispanicsociety.org\/wp-content\/uploads\/2025\/05\/DominicanYorks20-2048x1366.jpg 2048w\" sizes=\"auto, (max-width: 1920px) 100vw, 1920px\" \/>            <\/figure>\r\n                    <\/div>\r\n    <\/div>\r\n\n\n\r\n<div id=\"text-sections-block_4e696c02149cd046d628b015465b4415\" class=\"block text-sections\">\r\n            <div class=\"text-section site_width one_cols\">\r\n                            <h2 class=\"section_title\">\r\n                    Iniciativas de arte contempor\u00e1neo                <\/h2>\r\n            \r\n                            <div class=\"text_content\">\r\n                    <p>La Hispanic Society tiene una larga trayectoria en la exhibici\u00f3n de arte contempor\u00e1neo, que se remonta a la exitosa exposici\u00f3n de Joaqu\u00edn Sorolla de 1909. Continuando con ese legado, el museo invita regularmente a artistas contempor\u00e1neos locales e internacionales a dialogar con nuestras colecciones hist\u00f3ricas.<\/p>\n<p>Una Colecci\u00f3n en Di\u00e1logo: Cada primavera, la Hispanic Society invita a un artista contempor\u00e1neo a exponer una obra nueva en di\u00e1logo con nuestra colecci\u00f3n hist\u00f3rica. Las exposiciones se realizan en nuestro Patio Principal de Bellas Artes y combinan las piezas contempor\u00e1neas con las obras maestras de la Hispanic Society que las inspiraron. Entre los artistas que participan en esta serie se encuentran <a href=\"https:\/\/hispanicsociety.org\/exhibition\/the-word-shimmering-sea-diego-velazquez-enrique-martinez-celaya\/\">Enrique Mart\u00ednez Celaya<\/a> y <a href=\"https:\/\/hispanicsociety.org\/exhibition\/adriana-varejao-dont-forget-we-come-from-the-tropics\/\">Adriana Varejao<\/a>.<\/p>\n<p>Arte en el Alto Manhattan: Esta serie anual presenta obras de uno o m\u00e1s artistas que viven o trabajan en la comunidad local de la Hispanic Society en el Alto Manhattan. Haga clic a continuaci\u00f3n para explorar las entradas anteriores de esta serie:<br \/>\n&#8211; <a href=\"https:\/\/hispanicsociety.org\/exhibition\/dominican-yorks\/\">Dominican Yorks<\/a><br \/>\n&#8211; <a href=\"https:\/\/hispanicsociety.org\/exhibition\/out-of-the-closets-into-the-streets-new-york-citys-pride-march-1975-1976\/\">Out of the Closets! Into the Streets! Marcha del Orgullo de la Ciudad de Nueva York 1975-1976<\/a><\/p>\n<p>Arte en Audubon Terrace: Junto con la Alianza de las Artes del Norte de Manhattan (NoMAA), la Sociedad Hisp\u00e1nica selecciona a un artista contempor\u00e1neo para producir una instalaci\u00f3n que se exhibir\u00e1 en Audubon Terrace durante los meses de verano. Lea m\u00e1s sobre esta serie <a href=\"https:\/\/hispanicsociety.org\/es\/learn\/opportunities-for-artists\/\">aqu\u00ed<\/a><\/p>\n                <\/div>\r\n                    <\/div>\r\n    <\/div>\r\n\r\n\n\n\r\n<div id=\"related-content-block_a18b445b7bd4bac2b18f9e70fe1525ea\" class=\"block site_width related-content\">\r\n    <h3 class=\"related-content__heading\">explorar m\u00e1s<\/h3>    <div class=\"content_cards_grid\">\n                    <article class=\"single_content_card\">\n                <div class=\"content_thumbnail\">\n                    <img loading=\"lazy\" decoding=\"async\" width=\"450\" height=\"321\" src=\"https:\/\/hispanicsociety.org\/wp-content\/uploads\/2025\/04\/concert_series_cover1-450x321.jpg\" class=\"attachment-medium size-medium wp-post-image\" alt=\"\" srcset=\"https:\/\/hispanicsociety.org\/wp-content\/uploads\/2025\/04\/concert_series_cover1-450x321.jpg 450w, https:\/\/hispanicsociety.org\/wp-content\/uploads\/2025\/04\/concert_series_cover1-1200x857.jpg 1200w, https:\/\/hispanicsociety.org\/wp-content\/uploads\/2025\/04\/concert_series_cover1-768x548.jpg 768w, https:\/\/hispanicsociety.org\/wp-content\/uploads\/2025\/04\/concert_series_cover1-1536x1097.jpg 1536w, https:\/\/hispanicsociety.org\/wp-content\/uploads\/2025\/04\/concert_series_cover1-2048x1462.jpg 2048w, https:\/\/hispanicsociety.org\/wp-content\/uploads\/2025\/04\/concert_series_cover1-1920x1371.jpg 1920w\" sizes=\"auto, (max-width: 450px) 100vw, 450px\" \/>                <\/div>\n                <div class=\"content_card_info\">\n                    <div class=\"content_card_title\">\n                        Serie de Conciertos                    <\/div>\n                    <div class=\"content_card_excerpt\">\n                                            <\/div>\n                <\/div>\n                <a href=\"https:\/\/hispanicsociety.org\/es\/whats-on\/concert-series\/\" class=\"cta_button small accent\">\n                    Read\n                <\/a>\n            <\/article>\n                    <article class=\"single_content_card\">\n                <div class=\"content_thumbnail\">\n                    <img loading=\"lazy\" decoding=\"async\" width=\"300\" height=\"450\" src=\"https:\/\/hispanicsociety.org\/wp-content\/uploads\/2025\/04\/events_home_photo-300x450.jpg\" class=\"attachment-medium size-medium wp-post-image\" alt=\"\" srcset=\"https:\/\/hispanicsociety.org\/wp-content\/uploads\/2025\/04\/events_home_photo-300x450.jpg 300w, https:\/\/hispanicsociety.org\/wp-content\/uploads\/2025\/04\/events_home_photo-800x1200.jpg 800w, https:\/\/hispanicsociety.org\/wp-content\/uploads\/2025\/04\/events_home_photo-768x1152.jpg 768w, https:\/\/hispanicsociety.org\/wp-content\/uploads\/2025\/04\/events_home_photo-1024x1536.jpg 1024w, https:\/\/hispanicsociety.org\/wp-content\/uploads\/2025\/04\/events_home_photo-1365x2048.jpg 1365w, https:\/\/hispanicsociety.org\/wp-content\/uploads\/2025\/04\/events_home_photo.jpg 1500w\" sizes=\"auto, (max-width: 300px) 100vw, 300px\" \/>                <\/div>\n                <div class=\"content_card_info\">\n                    <div class=\"content_card_title\">\n                        Calendario de Eventos                    <\/div>\n                    <div class=\"content_card_excerpt\">\n                                            <\/div>\n                <\/div>\n                <a href=\"https:\/\/hispanicsociety.org\/es\/whats-on\/events-calendar\/\" class=\"cta_button small accent\">\n                    Read\n                <\/a>\n            <\/article>\n                    <article class=\"single_content_card\">\n                <div class=\"content_thumbnail\">\n                    <img loading=\"lazy\" decoding=\"async\" width=\"450\" height=\"298\" src=\"https:\/\/hispanicsociety.org\/wp-content\/uploads\/2025\/03\/dr6_tours_at_two-450x298.jpg\" class=\"attachment-medium size-medium wp-post-image\" alt=\"\" srcset=\"https:\/\/hispanicsociety.org\/wp-content\/uploads\/2025\/03\/dr6_tours_at_two-450x298.jpg 450w, https:\/\/hispanicsociety.org\/wp-content\/uploads\/2025\/03\/dr6_tours_at_two-1200x796.jpg 1200w, https:\/\/hispanicsociety.org\/wp-content\/uploads\/2025\/03\/dr6_tours_at_two-768x509.jpg 768w, https:\/\/hispanicsociety.org\/wp-content\/uploads\/2025\/03\/dr6_tours_at_two-1536x1019.jpg 1536w, https:\/\/hispanicsociety.org\/wp-content\/uploads\/2025\/03\/dr6_tours_at_two-2048x1358.jpg 2048w, https:\/\/hispanicsociety.org\/wp-content\/uploads\/2025\/03\/dr6_tours_at_two-1920x1273.jpg 1920w\" sizes=\"auto, (max-width: 450px) 100vw, 450px\" \/>                <\/div>\n                <div class=\"content_card_info\">\n                    <div class=\"content_card_title\">\n                        Visitas Guiadas                    <\/div>\n                    <div class=\"content_card_excerpt\">\n                                            <\/div>\n                <\/div>\n                <a href=\"https:\/\/hispanicsociety.org\/es\/whats-on\/guided-tours\/\" class=\"cta_button small accent\">\n                    Read\n                <\/a>\n            <\/article>\n                    <article class=\"single_content_card\">\n                <div class=\"content_thumbnail\">\n                    <img loading=\"lazy\" decoding=\"async\" width=\"450\" height=\"299\" src=\"https:\/\/hispanicsociety.org\/wp-content\/uploads\/2025\/04\/mapfre_sorolla_cultura_septiembre2014_002-scaled-1-450x299.jpg\" class=\"attachment-medium size-medium wp-post-image\" alt=\"\" srcset=\"https:\/\/hispanicsociety.org\/wp-content\/uploads\/2025\/04\/mapfre_sorolla_cultura_septiembre2014_002-scaled-1-450x299.jpg 450w, https:\/\/hispanicsociety.org\/wp-content\/uploads\/2025\/04\/mapfre_sorolla_cultura_septiembre2014_002-scaled-1-1200x798.jpg 1200w, https:\/\/hispanicsociety.org\/wp-content\/uploads\/2025\/04\/mapfre_sorolla_cultura_septiembre2014_002-scaled-1-768x511.jpg 768w, https:\/\/hispanicsociety.org\/wp-content\/uploads\/2025\/04\/mapfre_sorolla_cultura_septiembre2014_002-scaled-1-1536x1022.jpg 1536w, https:\/\/hispanicsociety.org\/wp-content\/uploads\/2025\/04\/mapfre_sorolla_cultura_septiembre2014_002-scaled-1-2048x1362.jpg 2048w, https:\/\/hispanicsociety.org\/wp-content\/uploads\/2025\/04\/mapfre_sorolla_cultura_septiembre2014_002-scaled-1-1920x1277.jpg 1920w\" sizes=\"auto, (max-width: 450px) 100vw, 450px\" \/>                <\/div>\n                <div class=\"content_card_info\">\n                    <div class=\"content_card_title\">\n                        Exposiciones                    <\/div>\n                    <div class=\"content_card_excerpt\">\n                                            <\/div>\n                <\/div>\n                <a href=\"https:\/\/hispanicsociety.org\/es\/whats-on\/exhibitions\/\" class=\"cta_button small accent\">\n                    Read\n                <\/a>\n            <\/article>\n            <\/div>\n    <\/div>\r\n","protected":false},"excerpt":{"rendered":"","protected":false},"author":1,"featured_media":1679,"parent":1475,"menu_order":0,"comment_status":"closed","ping_status":"closed","template":"","meta":{"_acf_changed":false,"footnotes":""},"class_list":["post-1436","page","type-page","status-publish","has-post-thumbnail","hentry"],"acf":[],"yoast_head":"<!-- This site is optimized with the Yoast SEO plugin v26.9 - https:\/\/yoast.com\/product\/yoast-seo-wordpress\/ -->\n<title>Iniciativas de Arte Contempor\u00e1neo - Hispanic Society Museum and Library<\/title>\n<meta name=\"robots\" content=\"index, follow, max-snippet:-1, max-image-preview:large, max-video-preview:-1\" \/>\n<link rel=\"canonical\" href=\"https:\/\/hispanicsociety.org\/whats-on\/contemporary-art-initiatives\/\" \/>\n<meta property=\"og:locale\" content=\"es_ES\" \/>\n<meta property=\"og:type\" content=\"article\" \/>\n<meta property=\"og:title\" content=\"Iniciativas de Arte Contempor\u00e1neo - Hispanic Society Museum and Library\" \/>\n<meta property=\"og:url\" content=\"https:\/\/hispanicsociety.org\/whats-on\/contemporary-art-initiatives\/\" \/>\n<meta property=\"og:site_name\" content=\"Hispanic Society Museum and Library\" \/>\n<meta property=\"article:publisher\" content=\"https:\/\/www.facebook.com\/hispanicsociety\" \/>\n<meta property=\"article:modified_time\" content=\"2025-05-15T11:25:59+00:00\" \/>\n<meta property=\"og:image\" content=\"https:\/\/hispanicsociety.org\/wp-content\/uploads\/2025\/05\/DominicanYorks20-1200x800.jpg\" \/>\n\t<meta property=\"og:image:width\" content=\"1200\" \/>\n\t<meta property=\"og:image:height\" content=\"800\" \/>\n\t<meta property=\"og:image:type\" content=\"image\/jpeg\" \/>\n<meta name=\"twitter:card\" content=\"summary_large_image\" \/>\n<meta name=\"twitter:site\" content=\"@HSAmuseum\" \/>\n<script type=\"application\/ld+json\" class=\"yoast-schema-graph\">{\"@context\":\"https:\/\/schema.org\",\"@graph\":[{\"@type\":\"WebPage\",\"@id\":\"https:\/\/hispanicsociety.org\/whats-on\/contemporary-art-initiatives\/\",\"url\":\"https:\/\/hispanicsociety.org\/whats-on\/contemporary-art-initiatives\/\",\"name\":\"Iniciativas de Arte Contempor\u00e1neo - Hispanic Society Museum and Library\",\"isPartOf\":{\"@id\":\"https:\/\/hispanicsociety.org\/#website\"},\"primaryImageOfPage\":{\"@id\":\"https:\/\/hispanicsociety.org\/whats-on\/contemporary-art-initiatives\/#primaryimage\"},\"image\":{\"@id\":\"https:\/\/hispanicsociety.org\/whats-on\/contemporary-art-initiatives\/#primaryimage\"},\"thumbnailUrl\":\"https:\/\/hispanicsociety.org\/wp-content\/uploads\/2025\/05\/DominicanYorks20.jpg\",\"datePublished\":\"2025-03-23T09:09:47+00:00\",\"dateModified\":\"2025-05-15T11:25:59+00:00\",\"breadcrumb\":{\"@id\":\"https:\/\/hispanicsociety.org\/whats-on\/contemporary-art-initiatives\/#breadcrumb\"},\"inLanguage\":\"es\",\"potentialAction\":[{\"@type\":\"ReadAction\",\"target\":[\"https:\/\/hispanicsociety.org\/whats-on\/contemporary-art-initiatives\/\"]}]},{\"@type\":\"ImageObject\",\"inLanguage\":\"es\",\"@id\":\"https:\/\/hispanicsociety.org\/whats-on\/contemporary-art-initiatives\/#primaryimage\",\"url\":\"https:\/\/hispanicsociety.org\/wp-content\/uploads\/2025\/05\/DominicanYorks20.jpg\",\"contentUrl\":\"https:\/\/hispanicsociety.org\/wp-content\/uploads\/2025\/05\/DominicanYorks20.jpg\",\"width\":8192,\"height\":5464},{\"@type\":\"BreadcrumbList\",\"@id\":\"https:\/\/hispanicsociety.org\/whats-on\/contemporary-art-initiatives\/#breadcrumb\",\"itemListElement\":[{\"@type\":\"ListItem\",\"position\":1,\"name\":\"Home\",\"item\":\"https:\/\/hispanicsociety.org\/\"},{\"@type\":\"ListItem\",\"position\":2,\"name\":\"Que hay\",\"item\":\"https:\/\/hispanicsociety.org\/whats-on\/\"},{\"@type\":\"ListItem\",\"position\":3,\"name\":\"Iniciativas de Arte Contempor\u00e1neo\"}]},{\"@type\":\"WebSite\",\"@id\":\"https:\/\/hispanicsociety.org\/#website\",\"url\":\"https:\/\/hispanicsociety.org\/\",\"name\":\"Hispanic Society Museum and Library\",\"description\":\"\",\"publisher\":{\"@id\":\"https:\/\/hispanicsociety.org\/#organization\"},\"potentialAction\":[{\"@type\":\"SearchAction\",\"target\":{\"@type\":\"EntryPoint\",\"urlTemplate\":\"https:\/\/hispanicsociety.org\/?s={search_term_string}\"},\"query-input\":{\"@type\":\"PropertyValueSpecification\",\"valueRequired\":true,\"valueName\":\"search_term_string\"}}],\"inLanguage\":\"es\"},{\"@type\":\"Organization\",\"@id\":\"https:\/\/hispanicsociety.org\/#organization\",\"name\":\"Hispanic Society Museum and Library\",\"url\":\"https:\/\/hispanicsociety.org\/\",\"logo\":{\"@type\":\"ImageObject\",\"inLanguage\":\"es\",\"@id\":\"https:\/\/hispanicsociety.org\/#\/schema\/logo\/image\/\",\"url\":\"https:\/\/hispanicsociety.org\/wp-content\/uploads\/2025\/03\/hsa-logo-01.webp\",\"contentUrl\":\"https:\/\/hispanicsociety.org\/wp-content\/uploads\/2025\/03\/hsa-logo-01.webp\",\"width\":273,\"height\":68,\"caption\":\"Hispanic Society Museum and Library\"},\"image\":{\"@id\":\"https:\/\/hispanicsociety.org\/#\/schema\/logo\/image\/\"},\"sameAs\":[\"https:\/\/www.facebook.com\/hispanicsociety\",\"https:\/\/x.com\/HSAmuseum\",\"https:\/\/www.instagram.com\/hispanic_society\/\",\"https:\/\/www.youtube.com\/channel\/UCuEmouWL8wEMm24C-ScZwGg\"]}]}<\/script>\n<!-- \/ Yoast SEO plugin. -->","yoast_head_json":{"title":"Iniciativas de Arte Contempor\u00e1neo - Hispanic Society Museum and Library","robots":{"index":"index","follow":"follow","max-snippet":"max-snippet:-1","max-image-preview":"max-image-preview:large","max-video-preview":"max-video-preview:-1"},"canonical":"https:\/\/hispanicsociety.org\/whats-on\/contemporary-art-initiatives\/","og_locale":"es_ES","og_type":"article","og_title":"Iniciativas de Arte Contempor\u00e1neo - Hispanic Society Museum and Library","og_url":"https:\/\/hispanicsociety.org\/whats-on\/contemporary-art-initiatives\/","og_site_name":"Hispanic Society Museum and Library","article_publisher":"https:\/\/www.facebook.com\/hispanicsociety","article_modified_time":"2025-05-15T11:25:59+00:00","og_image":[{"width":1200,"height":800,"url":"https:\/\/hispanicsociety.org\/wp-content\/uploads\/2025\/05\/DominicanYorks20-1200x800.jpg","type":"image\/jpeg"}],"twitter_card":"summary_large_image","twitter_site":"@HSAmuseum","schema":{"@context":"https:\/\/schema.org","@graph":[{"@type":"WebPage","@id":"https:\/\/hispanicsociety.org\/whats-on\/contemporary-art-initiatives\/","url":"https:\/\/hispanicsociety.org\/whats-on\/contemporary-art-initiatives\/","name":"Iniciativas de Arte Contempor\u00e1neo - Hispanic Society Museum and Library","isPartOf":{"@id":"https:\/\/hispanicsociety.org\/#website"},"primaryImageOfPage":{"@id":"https:\/\/hispanicsociety.org\/whats-on\/contemporary-art-initiatives\/#primaryimage"},"image":{"@id":"https:\/\/hispanicsociety.org\/whats-on\/contemporary-art-initiatives\/#primaryimage"},"thumbnailUrl":"https:\/\/hispanicsociety.org\/wp-content\/uploads\/2025\/05\/DominicanYorks20.jpg","datePublished":"2025-03-23T09:09:47+00:00","dateModified":"2025-05-15T11:25:59+00:00","breadcrumb":{"@id":"https:\/\/hispanicsociety.org\/whats-on\/contemporary-art-initiatives\/#breadcrumb"},"inLanguage":"es","potentialAction":[{"@type":"ReadAction","target":["https:\/\/hispanicsociety.org\/whats-on\/contemporary-art-initiatives\/"]}]},{"@type":"ImageObject","inLanguage":"es","@id":"https:\/\/hispanicsociety.org\/whats-on\/contemporary-art-initiatives\/#primaryimage","url":"https:\/\/hispanicsociety.org\/wp-content\/uploads\/2025\/05\/DominicanYorks20.jpg","contentUrl":"https:\/\/hispanicsociety.org\/wp-content\/uploads\/2025\/05\/DominicanYorks20.jpg","width":8192,"height":5464},{"@type":"BreadcrumbList","@id":"https:\/\/hispanicsociety.org\/whats-on\/contemporary-art-initiatives\/#breadcrumb","itemListElement":[{"@type":"ListItem","position":1,"name":"Home","item":"https:\/\/hispanicsociety.org\/"},{"@type":"ListItem","position":2,"name":"Que hay","item":"https:\/\/hispanicsociety.org\/whats-on\/"},{"@type":"ListItem","position":3,"name":"Iniciativas de Arte Contempor\u00e1neo"}]},{"@type":"WebSite","@id":"https:\/\/hispanicsociety.org\/#website","url":"https:\/\/hispanicsociety.org\/","name":"Hispanic Society Museum and Library","description":"","publisher":{"@id":"https:\/\/hispanicsociety.org\/#organization"},"potentialAction":[{"@type":"SearchAction","target":{"@type":"EntryPoint","urlTemplate":"https:\/\/hispanicsociety.org\/?s={search_term_string}"},"query-input":{"@type":"PropertyValueSpecification","valueRequired":true,"valueName":"search_term_string"}}],"inLanguage":"es"},{"@type":"Organization","@id":"https:\/\/hispanicsociety.org\/#organization","name":"Hispanic Society Museum and Library","url":"https:\/\/hispanicsociety.org\/","logo":{"@type":"ImageObject","inLanguage":"es","@id":"https:\/\/hispanicsociety.org\/#\/schema\/logo\/image\/","url":"https:\/\/hispanicsociety.org\/wp-content\/uploads\/2025\/03\/hsa-logo-01.webp","contentUrl":"https:\/\/hispanicsociety.org\/wp-content\/uploads\/2025\/03\/hsa-logo-01.webp","width":273,"height":68,"caption":"Hispanic Society Museum and Library"},"image":{"@id":"https:\/\/hispanicsociety.org\/#\/schema\/logo\/image\/"},"sameAs":["https:\/\/www.facebook.com\/hispanicsociety","https:\/\/x.com\/HSAmuseum","https:\/\/www.instagram.com\/hispanic_society\/","https:\/\/www.youtube.com\/channel\/UCuEmouWL8wEMm24C-ScZwGg"]}]}},"_links":{"self":[{"href":"https:\/\/hispanicsociety.org\/es\/wp-json\/wp\/v2\/pages\/1436","targetHints":{"allow":["GET"]}}],"collection":[{"href":"https:\/\/hispanicsociety.org\/es\/wp-json\/wp\/v2\/pages"}],"about":[{"href":"https:\/\/hispanicsociety.org\/es\/wp-json\/wp\/v2\/types\/page"}],"author":[{"embeddable":true,"href":"https:\/\/hispanicsociety.org\/es\/wp-json\/wp\/v2\/users\/1"}],"replies":[{"embeddable":true,"href":"https:\/\/hispanicsociety.org\/es\/wp-json\/wp\/v2\/comments?post=1436"}],"version-history":[{"count":4,"href":"https:\/\/hispanicsociety.org\/es\/wp-json\/wp\/v2\/pages\/1436\/revisions"}],"predecessor-version":[{"id":1715,"href":"https:\/\/hispanicsociety.org\/es\/wp-json\/wp\/v2\/pages\/1436\/revisions\/1715"}],"up":[{"embeddable":true,"href":"https:\/\/hispanicsociety.org\/es\/wp-json\/wp\/v2\/pages\/1475"}],"wp:featuredmedia":[{"embeddable":true,"href":"https:\/\/hispanicsociety.org\/es\/wp-json\/wp\/v2\/media\/1679"}],"wp:attachment":[{"href":"https:\/\/hispanicsociety.org\/es\/wp-json\/wp\/v2\/media?parent=1436"}],"curies":[{"name":"wp","href":"https:\/\/api.w.org\/{rel}","templated":true}]}}