{"id":1441,"date":"2025-03-23T09:09:08","date_gmt":"2025-03-23T09:09:08","guid":{"rendered":"https:\/\/hispanicsociety.org\/guided-tours\/"},"modified":"2025-04-27T14:00:15","modified_gmt":"2025-04-27T14:00:15","slug":"guided-tours","status":"publish","type":"page","link":"https:\/\/hispanicsociety.org\/es\/whats-on\/guided-tours\/","title":{"rendered":"Visitas Guiadas"},"content":{"rendered":"\r\n<div id=\"full-width-image-block_655f5ab39ae2ee2012d276d46aec6d4d\" class=\"block full-width-image height_half\">\r\n            <div class=\"image_container\">\r\n            <figure class=\"\">\r\n                <img loading=\"lazy\" decoding=\"async\" width=\"1920\" height=\"1273\" src=\"https:\/\/hispanicsociety.org\/wp-content\/uploads\/2025\/03\/dr6_tours_at_two-1920x1273.jpg\" class=\"\" alt=\"\" srcset=\"https:\/\/hispanicsociety.org\/wp-content\/uploads\/2025\/03\/dr6_tours_at_two-1920x1273.jpg 1920w, https:\/\/hispanicsociety.org\/wp-content\/uploads\/2025\/03\/dr6_tours_at_two-450x298.jpg 450w, https:\/\/hispanicsociety.org\/wp-content\/uploads\/2025\/03\/dr6_tours_at_two-1200x796.jpg 1200w, https:\/\/hispanicsociety.org\/wp-content\/uploads\/2025\/03\/dr6_tours_at_two-768x509.jpg 768w, https:\/\/hispanicsociety.org\/wp-content\/uploads\/2025\/03\/dr6_tours_at_two-1536x1019.jpg 1536w, https:\/\/hispanicsociety.org\/wp-content\/uploads\/2025\/03\/dr6_tours_at_two-2048x1358.jpg 2048w\" sizes=\"auto, (max-width: 1920px) 100vw, 1920px\" \/>            <\/figure>\r\n                            <figcaption class=\"\">\r\n                    GALER\u00cdA DE PINTURA DEL ENTRESUELO                <\/figcaption>\r\n                    <\/div>\r\n    <\/div>\r\n\n\n\r\n<div id=\"text-sections-block_7a652255af22cfece135ede040c9ee29\" class=\"block text-sections\">\r\n            <div class=\"text-section site_width one_cols\">\r\n                            <h2 class=\"section_title\">\r\n                    Visitas Guiadas                <\/h2>\r\n            \r\n                            <div class=\"text_content\">\r\n                    <p>Explore las principales piezas de la colecci\u00f3n por medio de un amplio abanico de visitas y recorridos con educadores del Museo todos los s\u00e1bados a las 14:00. Las visitas son gratuitas y no es necesario reservar con antelaci\u00f3n.<\/p>\n<p>Los recorridos duran aproximadamente entre 45 y 60 minutos.<\/p>\n<p>Reg\u00edstrese a continuaci\u00f3n o en este \u00a0<a href=\"https:\/\/www.eventbrite.com\/e\/tours-at-two-tickets-1279644825119?aff=oddtdtcreator\">enlance<\/a>.<\/p>\n                <\/div>\r\n                    <\/div>\r\n    <\/div>\r\n\r\n\n\n\r\n<div id=\"related-content-block_88a266b3dd35b04b0eb246710ab7d0a0\" class=\"block site_width related-content\">\r\n    <h3 class=\"related-content__heading\">Explora M\u00e1s<\/h3>    <div class=\"content_cards_grid\">\n                    <article class=\"single_content_card\">\n                <div class=\"content_thumbnail\">\n                    <img loading=\"lazy\" decoding=\"async\" width=\"450\" height=\"299\" src=\"https:\/\/hispanicsociety.org\/wp-content\/uploads\/2025\/04\/mapfre_sorolla_cultura_septiembre2014_002-scaled-1-450x299.jpg\" class=\"attachment-medium size-medium wp-post-image\" alt=\"\" srcset=\"https:\/\/hispanicsociety.org\/wp-content\/uploads\/2025\/04\/mapfre_sorolla_cultura_septiembre2014_002-scaled-1-450x299.jpg 450w, https:\/\/hispanicsociety.org\/wp-content\/uploads\/2025\/04\/mapfre_sorolla_cultura_septiembre2014_002-scaled-1-1200x798.jpg 1200w, https:\/\/hispanicsociety.org\/wp-content\/uploads\/2025\/04\/mapfre_sorolla_cultura_septiembre2014_002-scaled-1-768x511.jpg 768w, https:\/\/hispanicsociety.org\/wp-content\/uploads\/2025\/04\/mapfre_sorolla_cultura_septiembre2014_002-scaled-1-1536x1022.jpg 1536w, https:\/\/hispanicsociety.org\/wp-content\/uploads\/2025\/04\/mapfre_sorolla_cultura_septiembre2014_002-scaled-1-2048x1362.jpg 2048w, https:\/\/hispanicsociety.org\/wp-content\/uploads\/2025\/04\/mapfre_sorolla_cultura_septiembre2014_002-scaled-1-1920x1277.jpg 1920w\" sizes=\"auto, (max-width: 450px) 100vw, 450px\" \/>                <\/div>\n                <div class=\"content_card_info\">\n                    <div class=\"content_card_title\">\n                        Exposiciones                    <\/div>\n                    <div class=\"content_card_excerpt\">\n                                            <\/div>\n                <\/div>\n                <a href=\"https:\/\/hispanicsociety.org\/es\/whats-on\/exhibitions\/\" class=\"cta_button small accent\">\n                    Read\n                <\/a>\n            <\/article>\n                    <article class=\"single_content_card\">\n                <div class=\"content_thumbnail\">\n                    <img loading=\"lazy\" decoding=\"async\" width=\"450\" height=\"321\" src=\"https:\/\/hispanicsociety.org\/wp-content\/uploads\/2025\/04\/concert_series_cover1-450x321.jpg\" class=\"attachment-medium size-medium wp-post-image\" alt=\"\" srcset=\"https:\/\/hispanicsociety.org\/wp-content\/uploads\/2025\/04\/concert_series_cover1-450x321.jpg 450w, https:\/\/hispanicsociety.org\/wp-content\/uploads\/2025\/04\/concert_series_cover1-1200x857.jpg 1200w, https:\/\/hispanicsociety.org\/wp-content\/uploads\/2025\/04\/concert_series_cover1-768x548.jpg 768w, https:\/\/hispanicsociety.org\/wp-content\/uploads\/2025\/04\/concert_series_cover1-1536x1097.jpg 1536w, https:\/\/hispanicsociety.org\/wp-content\/uploads\/2025\/04\/concert_series_cover1-2048x1462.jpg 2048w, https:\/\/hispanicsociety.org\/wp-content\/uploads\/2025\/04\/concert_series_cover1-1920x1371.jpg 1920w\" sizes=\"auto, (max-width: 450px) 100vw, 450px\" \/>                <\/div>\n                <div class=\"content_card_info\">\n                    <div class=\"content_card_title\">\n                        Serie de Conciertos                    <\/div>\n                    <div class=\"content_card_excerpt\">\n                                            <\/div>\n                <\/div>\n                <a href=\"https:\/\/hispanicsociety.org\/es\/whats-on\/concert-series\/\" class=\"cta_button small accent\">\n                    Read\n                <\/a>\n            <\/article>\n                    <article class=\"single_content_card\">\n                <div class=\"content_thumbnail\">\n                    <img loading=\"lazy\" decoding=\"async\" width=\"450\" height=\"300\" src=\"https:\/\/hispanicsociety.org\/wp-content\/uploads\/2025\/05\/DominicanYorks20-450x300.jpg\" class=\"attachment-medium size-medium wp-post-image\" alt=\"\" srcset=\"https:\/\/hispanicsociety.org\/wp-content\/uploads\/2025\/05\/DominicanYorks20-450x300.jpg 450w, https:\/\/hispanicsociety.org\/wp-content\/uploads\/2025\/05\/DominicanYorks20-1200x800.jpg 1200w, https:\/\/hispanicsociety.org\/wp-content\/uploads\/2025\/05\/DominicanYorks20-768x512.jpg 768w, https:\/\/hispanicsociety.org\/wp-content\/uploads\/2025\/05\/DominicanYorks20-1536x1025.jpg 1536w, https:\/\/hispanicsociety.org\/wp-content\/uploads\/2025\/05\/DominicanYorks20-2048x1366.jpg 2048w, https:\/\/hispanicsociety.org\/wp-content\/uploads\/2025\/05\/DominicanYorks20-1920x1281.jpg 1920w\" sizes=\"auto, (max-width: 450px) 100vw, 450px\" \/>                <\/div>\n                <div class=\"content_card_info\">\n                    <div class=\"content_card_title\">\n                        Iniciativas de Arte Contempor\u00e1neo                    <\/div>\n                    <div class=\"content_card_excerpt\">\n                                            <\/div>\n                <\/div>\n                <a href=\"https:\/\/hispanicsociety.org\/es\/whats-on\/contemporary-art-initiatives\/\" class=\"cta_button small accent\">\n                    Read\n                <\/a>\n            <\/article>\n                    <article class=\"single_content_card\">\n                <div class=\"content_thumbnail\">\n                    <img loading=\"lazy\" decoding=\"async\" width=\"300\" height=\"450\" src=\"https:\/\/hispanicsociety.org\/wp-content\/uploads\/2025\/04\/events_home_photo-300x450.jpg\" class=\"attachment-medium size-medium wp-post-image\" alt=\"\" srcset=\"https:\/\/hispanicsociety.org\/wp-content\/uploads\/2025\/04\/events_home_photo-300x450.jpg 300w, https:\/\/hispanicsociety.org\/wp-content\/uploads\/2025\/04\/events_home_photo-800x1200.jpg 800w, https:\/\/hispanicsociety.org\/wp-content\/uploads\/2025\/04\/events_home_photo-768x1152.jpg 768w, https:\/\/hispanicsociety.org\/wp-content\/uploads\/2025\/04\/events_home_photo-1024x1536.jpg 1024w, https:\/\/hispanicsociety.org\/wp-content\/uploads\/2025\/04\/events_home_photo-1365x2048.jpg 1365w, https:\/\/hispanicsociety.org\/wp-content\/uploads\/2025\/04\/events_home_photo.jpg 1500w\" sizes=\"auto, (max-width: 300px) 100vw, 300px\" \/>                <\/div>\n                <div class=\"content_card_info\">\n                    <div class=\"content_card_title\">\n                        Calendario de Eventos                    <\/div>\n                    <div class=\"content_card_excerpt\">\n                                            <\/div>\n                <\/div>\n                <a href=\"https:\/\/hispanicsociety.org\/es\/whats-on\/events-calendar\/\" class=\"cta_button small accent\">\n                    Read\n                <\/a>\n            <\/article>\n            <\/div>\n    <\/div>\r\n\n\n\n<p><\/p>\n","protected":false},"excerpt":{"rendered":"","protected":false},"author":1,"featured_media":311,"parent":1475,"menu_order":0,"comment_status":"closed","ping_status":"closed","template":"","meta":{"_acf_changed":false,"footnotes":""},"class_list":["post-1441","page","type-page","status-publish","has-post-thumbnail","hentry"],"acf":[],"yoast_head":"<!-- This site is optimized with the Yoast SEO plugin v26.9 - https:\/\/yoast.com\/product\/yoast-seo-wordpress\/ -->\n<title>Visitas Guiadas - Hispanic Society Museum and Library<\/title>\n<meta name=\"robots\" content=\"index, follow, max-snippet:-1, max-image-preview:large, max-video-preview:-1\" \/>\n<link rel=\"canonical\" href=\"https:\/\/hispanicsociety.org\/whats-on\/guided-tours\/\" \/>\n<meta property=\"og:locale\" content=\"es_ES\" \/>\n<meta property=\"og:type\" content=\"article\" \/>\n<meta property=\"og:title\" content=\"Visitas Guiadas - Hispanic Society Museum and Library\" \/>\n<meta property=\"og:url\" content=\"https:\/\/hispanicsociety.org\/whats-on\/guided-tours\/\" \/>\n<meta property=\"og:site_name\" content=\"Hispanic Society Museum and Library\" \/>\n<meta property=\"article:publisher\" content=\"https:\/\/www.facebook.com\/hispanicsociety\" \/>\n<meta property=\"article:modified_time\" content=\"2025-04-27T14:00:15+00:00\" \/>\n<meta property=\"og:image\" content=\"https:\/\/hispanicsociety.org\/wp-content\/uploads\/2025\/03\/dr6_tours_at_two.jpg\" \/>\n\t<meta property=\"og:image:width\" content=\"2256\" \/>\n\t<meta property=\"og:image:height\" content=\"1496\" \/>\n\t<meta property=\"og:image:type\" content=\"image\/jpeg\" \/>\n<meta name=\"twitter:card\" content=\"summary_large_image\" \/>\n<meta name=\"twitter:site\" content=\"@HSAmuseum\" \/>\n<script type=\"application\/ld+json\" class=\"yoast-schema-graph\">{\"@context\":\"https:\/\/schema.org\",\"@graph\":[{\"@type\":\"WebPage\",\"@id\":\"https:\/\/hispanicsociety.org\/whats-on\/guided-tours\/\",\"url\":\"https:\/\/hispanicsociety.org\/whats-on\/guided-tours\/\",\"name\":\"Visitas Guiadas - Hispanic Society Museum and Library\",\"isPartOf\":{\"@id\":\"https:\/\/hispanicsociety.org\/#website\"},\"primaryImageOfPage\":{\"@id\":\"https:\/\/hispanicsociety.org\/whats-on\/guided-tours\/#primaryimage\"},\"image\":{\"@id\":\"https:\/\/hispanicsociety.org\/whats-on\/guided-tours\/#primaryimage\"},\"thumbnailUrl\":\"https:\/\/hispanicsociety.org\/wp-content\/uploads\/2025\/03\/dr6_tours_at_two.jpg\",\"datePublished\":\"2025-03-23T09:09:08+00:00\",\"dateModified\":\"2025-04-27T14:00:15+00:00\",\"breadcrumb\":{\"@id\":\"https:\/\/hispanicsociety.org\/whats-on\/guided-tours\/#breadcrumb\"},\"inLanguage\":\"es\",\"potentialAction\":[{\"@type\":\"ReadAction\",\"target\":[\"https:\/\/hispanicsociety.org\/whats-on\/guided-tours\/\"]}]},{\"@type\":\"ImageObject\",\"inLanguage\":\"es\",\"@id\":\"https:\/\/hispanicsociety.org\/whats-on\/guided-tours\/#primaryimage\",\"url\":\"https:\/\/hispanicsociety.org\/wp-content\/uploads\/2025\/03\/dr6_tours_at_two.jpg\",\"contentUrl\":\"https:\/\/hispanicsociety.org\/wp-content\/uploads\/2025\/03\/dr6_tours_at_two.jpg\",\"width\":2256,\"height\":1496},{\"@type\":\"BreadcrumbList\",\"@id\":\"https:\/\/hispanicsociety.org\/whats-on\/guided-tours\/#breadcrumb\",\"itemListElement\":[{\"@type\":\"ListItem\",\"position\":1,\"name\":\"Home\",\"item\":\"https:\/\/hispanicsociety.org\/\"},{\"@type\":\"ListItem\",\"position\":2,\"name\":\"Que hay\",\"item\":\"https:\/\/hispanicsociety.org\/whats-on\/\"},{\"@type\":\"ListItem\",\"position\":3,\"name\":\"Visitas Guiadas\"}]},{\"@type\":\"WebSite\",\"@id\":\"https:\/\/hispanicsociety.org\/#website\",\"url\":\"https:\/\/hispanicsociety.org\/\",\"name\":\"Hispanic Society Museum and Library\",\"description\":\"\",\"publisher\":{\"@id\":\"https:\/\/hispanicsociety.org\/#organization\"},\"potentialAction\":[{\"@type\":\"SearchAction\",\"target\":{\"@type\":\"EntryPoint\",\"urlTemplate\":\"https:\/\/hispanicsociety.org\/?s={search_term_string}\"},\"query-input\":{\"@type\":\"PropertyValueSpecification\",\"valueRequired\":true,\"valueName\":\"search_term_string\"}}],\"inLanguage\":\"es\"},{\"@type\":\"Organization\",\"@id\":\"https:\/\/hispanicsociety.org\/#organization\",\"name\":\"Hispanic Society Museum and Library\",\"url\":\"https:\/\/hispanicsociety.org\/\",\"logo\":{\"@type\":\"ImageObject\",\"inLanguage\":\"es\",\"@id\":\"https:\/\/hispanicsociety.org\/#\/schema\/logo\/image\/\",\"url\":\"https:\/\/hispanicsociety.org\/wp-content\/uploads\/2025\/03\/hsa-logo-01.webp\",\"contentUrl\":\"https:\/\/hispanicsociety.org\/wp-content\/uploads\/2025\/03\/hsa-logo-01.webp\",\"width\":273,\"height\":68,\"caption\":\"Hispanic Society Museum and Library\"},\"image\":{\"@id\":\"https:\/\/hispanicsociety.org\/#\/schema\/logo\/image\/\"},\"sameAs\":[\"https:\/\/www.facebook.com\/hispanicsociety\",\"https:\/\/x.com\/HSAmuseum\",\"https:\/\/www.instagram.com\/hispanic_society\/\",\"https:\/\/www.youtube.com\/channel\/UCuEmouWL8wEMm24C-ScZwGg\"]}]}<\/script>\n<!-- \/ Yoast SEO plugin. -->","yoast_head_json":{"title":"Visitas Guiadas - Hispanic Society Museum and Library","robots":{"index":"index","follow":"follow","max-snippet":"max-snippet:-1","max-image-preview":"max-image-preview:large","max-video-preview":"max-video-preview:-1"},"canonical":"https:\/\/hispanicsociety.org\/whats-on\/guided-tours\/","og_locale":"es_ES","og_type":"article","og_title":"Visitas Guiadas - Hispanic Society Museum and Library","og_url":"https:\/\/hispanicsociety.org\/whats-on\/guided-tours\/","og_site_name":"Hispanic Society Museum and Library","article_publisher":"https:\/\/www.facebook.com\/hispanicsociety","article_modified_time":"2025-04-27T14:00:15+00:00","og_image":[{"width":2256,"height":1496,"url":"https:\/\/hispanicsociety.org\/wp-content\/uploads\/2025\/03\/dr6_tours_at_two.jpg","type":"image\/jpeg"}],"twitter_card":"summary_large_image","twitter_site":"@HSAmuseum","schema":{"@context":"https:\/\/schema.org","@graph":[{"@type":"WebPage","@id":"https:\/\/hispanicsociety.org\/whats-on\/guided-tours\/","url":"https:\/\/hispanicsociety.org\/whats-on\/guided-tours\/","name":"Visitas Guiadas - Hispanic Society Museum and Library","isPartOf":{"@id":"https:\/\/hispanicsociety.org\/#website"},"primaryImageOfPage":{"@id":"https:\/\/hispanicsociety.org\/whats-on\/guided-tours\/#primaryimage"},"image":{"@id":"https:\/\/hispanicsociety.org\/whats-on\/guided-tours\/#primaryimage"},"thumbnailUrl":"https:\/\/hispanicsociety.org\/wp-content\/uploads\/2025\/03\/dr6_tours_at_two.jpg","datePublished":"2025-03-23T09:09:08+00:00","dateModified":"2025-04-27T14:00:15+00:00","breadcrumb":{"@id":"https:\/\/hispanicsociety.org\/whats-on\/guided-tours\/#breadcrumb"},"inLanguage":"es","potentialAction":[{"@type":"ReadAction","target":["https:\/\/hispanicsociety.org\/whats-on\/guided-tours\/"]}]},{"@type":"ImageObject","inLanguage":"es","@id":"https:\/\/hispanicsociety.org\/whats-on\/guided-tours\/#primaryimage","url":"https:\/\/hispanicsociety.org\/wp-content\/uploads\/2025\/03\/dr6_tours_at_two.jpg","contentUrl":"https:\/\/hispanicsociety.org\/wp-content\/uploads\/2025\/03\/dr6_tours_at_two.jpg","width":2256,"height":1496},{"@type":"BreadcrumbList","@id":"https:\/\/hispanicsociety.org\/whats-on\/guided-tours\/#breadcrumb","itemListElement":[{"@type":"ListItem","position":1,"name":"Home","item":"https:\/\/hispanicsociety.org\/"},{"@type":"ListItem","position":2,"name":"Que hay","item":"https:\/\/hispanicsociety.org\/whats-on\/"},{"@type":"ListItem","position":3,"name":"Visitas Guiadas"}]},{"@type":"WebSite","@id":"https:\/\/hispanicsociety.org\/#website","url":"https:\/\/hispanicsociety.org\/","name":"Hispanic Society Museum and Library","description":"","publisher":{"@id":"https:\/\/hispanicsociety.org\/#organization"},"potentialAction":[{"@type":"SearchAction","target":{"@type":"EntryPoint","urlTemplate":"https:\/\/hispanicsociety.org\/?s={search_term_string}"},"query-input":{"@type":"PropertyValueSpecification","valueRequired":true,"valueName":"search_term_string"}}],"inLanguage":"es"},{"@type":"Organization","@id":"https:\/\/hispanicsociety.org\/#organization","name":"Hispanic Society Museum and Library","url":"https:\/\/hispanicsociety.org\/","logo":{"@type":"ImageObject","inLanguage":"es","@id":"https:\/\/hispanicsociety.org\/#\/schema\/logo\/image\/","url":"https:\/\/hispanicsociety.org\/wp-content\/uploads\/2025\/03\/hsa-logo-01.webp","contentUrl":"https:\/\/hispanicsociety.org\/wp-content\/uploads\/2025\/03\/hsa-logo-01.webp","width":273,"height":68,"caption":"Hispanic Society Museum and Library"},"image":{"@id":"https:\/\/hispanicsociety.org\/#\/schema\/logo\/image\/"},"sameAs":["https:\/\/www.facebook.com\/hispanicsociety","https:\/\/x.com\/HSAmuseum","https:\/\/www.instagram.com\/hispanic_society\/","https:\/\/www.youtube.com\/channel\/UCuEmouWL8wEMm24C-ScZwGg"]}]}},"_links":{"self":[{"href":"https:\/\/hispanicsociety.org\/es\/wp-json\/wp\/v2\/pages\/1441","targetHints":{"allow":["GET"]}}],"collection":[{"href":"https:\/\/hispanicsociety.org\/es\/wp-json\/wp\/v2\/pages"}],"about":[{"href":"https:\/\/hispanicsociety.org\/es\/wp-json\/wp\/v2\/types\/page"}],"author":[{"embeddable":true,"href":"https:\/\/hispanicsociety.org\/es\/wp-json\/wp\/v2\/users\/1"}],"replies":[{"embeddable":true,"href":"https:\/\/hispanicsociety.org\/es\/wp-json\/wp\/v2\/comments?post=1441"}],"version-history":[{"count":1,"href":"https:\/\/hispanicsociety.org\/es\/wp-json\/wp\/v2\/pages\/1441\/revisions"}],"predecessor-version":[{"id":1443,"href":"https:\/\/hispanicsociety.org\/es\/wp-json\/wp\/v2\/pages\/1441\/revisions\/1443"}],"up":[{"embeddable":true,"href":"https:\/\/hispanicsociety.org\/es\/wp-json\/wp\/v2\/pages\/1475"}],"wp:featuredmedia":[{"embeddable":true,"href":"https:\/\/hispanicsociety.org\/es\/wp-json\/wp\/v2\/media\/311"}],"wp:attachment":[{"href":"https:\/\/hispanicsociety.org\/es\/wp-json\/wp\/v2\/media?parent=1441"}],"curies":[{"name":"wp","href":"https:\/\/api.w.org\/{rel}","templated":true}]}}