{"id":1461,"date":"2025-03-04T11:54:10","date_gmt":"2025-03-04T11:54:10","guid":{"rendered":"https:\/\/hispanicsociety.org\/visitor-policies\/"},"modified":"2025-04-27T14:23:01","modified_gmt":"2025-04-27T14:23:01","slug":"visitor-policies","status":"publish","type":"page","link":"https:\/\/hispanicsociety.org\/es\/visit\/visitor-policies\/","title":{"rendered":"Pol\u00edticas para visitantes"},"content":{"rendered":"\r\n<div id=\"full-width-image-block_faa40b99a6f6ea1a53006437ad49131c\" class=\"block full-width-image height_half\">\r\n            <div class=\"image_container\">\r\n            <figure class=\"\">\r\n                <img loading=\"lazy\" decoding=\"async\" width=\"1200\" height=\"720\" src=\"https:\/\/hispanicsociety.org\/wp-content\/uploads\/2025\/04\/a297_sorolla-leonese-peasants.jpg\" class=\"\" alt=\"\" srcset=\"https:\/\/hispanicsociety.org\/wp-content\/uploads\/2025\/04\/a297_sorolla-leonese-peasants.jpg 1200w, https:\/\/hispanicsociety.org\/wp-content\/uploads\/2025\/04\/a297_sorolla-leonese-peasants-450x270.jpg 450w, https:\/\/hispanicsociety.org\/wp-content\/uploads\/2025\/04\/a297_sorolla-leonese-peasants-768x461.jpg 768w\" sizes=\"auto, (max-width: 1200px) 100vw, 1200px\" \/>            <\/figure>\r\n                    <\/div>\r\n    <\/div>\r\n\n\n\r\n<div id=\"text-sections-block_35187783de4322128ab58a8f5105ce75\" class=\"block text-sections\">\r\n            <div class=\"text-section site_width one_cols\">\r\n                            <h2 class=\"section_title\">\r\n                    Informaci\u00f3n para visitantes                <\/h2>\r\n            \r\n                            <div class=\"text_content\">\r\n                    <p>Museo y Biblioteca de la Sociedad Hisp\u00e1nica<br \/>\nBroadway entre las calles 155 y 156<br \/>\nNueva York, NY 10032<\/p>\n<p><strong>Entrada gratuita<\/strong><\/p>\n<p>Visitas guiadas: viernes y s\u00e1bado a las 14:00 h. Cupo limitado. M\u00e1s informaci\u00f3n e inscripci\u00f3n aqu\u00ed.<\/p>\n<p><strong>ESPACIO AL AIRE LIBRE (TERRAZA AUDUBON):<\/strong><br \/>\nOto\u00f1o\/Invierno (mediados de octubre a mediados de abril): Abierto todos los d\u00edas de <strong>10:00 a 17:00 h<\/strong><br \/>\nPrimavera\/Verano (mediados de abril a mediados de octubre): Abierto todos los d\u00edas de <strong>10:00 a 18:00 h<\/strong><\/p>\n                <\/div>\r\n                    <\/div>\r\n            <div class=\"text-section site_width one_cols\">\r\n                            <h2 class=\"section_title\">\r\n                    Pautas para visitantes                <\/h2>\r\n            \r\n                            <div class=\"text_content\">\r\n                    <ul>\n<li><strong>COVID-19<\/strong>. La salud y seguridad de nuestros visitantes es nuestra prioridad.\n<ol>\n<li>Todos los visitantes deben llevar mascarilla. El aforo desal esta limitado al 25%.<\/li>\n<li>Se ruega a los visitantes que crean estar enfermos\u00a0 o no se sienten bien que se queden en casa para no poner en riesgo la seguridad y el bienestar de los dem\u00e1s.<\/li>\n<li>Consulte el Center for Disease Control and Prevention para obtener informaci\u00f3n actualizada sobre Covid-19, a la hora de viajar a Nueva York.<\/li>\n<\/ol>\n<p>La Hispanic Society requiere que todos los visitantes sigan estas pautas y se reserva el derecho de admisi\u00f3n o de pedir a los visitantes que no cumplan con estas pautas que abandonen las instalaciones. Gracias por su cooperaci\u00f3n.<\/li>\n<li>El guardarropa est\u00e1 cerrado actualmente y no se permiten art\u00edculos de grandes en las galer\u00edas<\/li>\n<li>Los visitantes no podr\u00e1n tocar ninguno de los objetos expuestos, incluido el mobiliario.<\/li>\n<li>Est\u00e1 prohibido mascar chicle, as\u00ed como introducir comida y bebida.<\/li>\n<li>No est\u00e1 permitido fumar.<\/li>\n<li>Est\u00e1 prohibido el uso de radios o cualesquiera otros reproductores de m\u00fasica, tel\u00e9fonos m\u00f3viles, o equipos de mensajer\u00eda de texto e internet.<\/li>\n<li>En las galer\u00edas, est\u00e1 permitido hacer bocetos a l\u00e1piz o carboncillo en un papel que no supere 12\u201d x 18\u201d (30\u00a0cm x 45\u00a0cm). Es preciso inscribirse para copiar obras de arte en cualquier soporte, pues son aplicables normas adicionales. Rogamos env\u00ede un correo electr\u00f3nico a la direcci\u00f3n <a href=\"mailto:museum@wordpress-1222768-4350958.cloudwaysapps.com\">museum@wordpress-1222768-4350958.cloudwaysapps.com.<\/a><\/li>\n<li>No est\u00e1 permitida la entrada de animales que no sean animales de servicio o asistencia, as\u00ed como de patinetes, monopatines, patines y <em>segways <\/em>(transportadores personales).<\/li>\n<li>En el interior de las instalaciones no se dispensa ning\u00fan tipo de alimento.<\/li>\n<\/ul>\n<p><span data-contrast=\"none\">\u00a0<\/span><span data-ccp-props=\"{&quot;201341983&quot;:1,&quot;335551550&quot;:1,&quot;335551620&quot;:1,&quot;335559739&quot;:160,&quot;335559740&quot;:390}\">\u00a0<\/span><\/p>\n                <\/div>\r\n                    <\/div>\r\n            <div class=\"text-section site_width two_cols\">\r\n                            <h2 class=\"section_title\">\r\n                    Fotograf\u00eda                <\/h2>\r\n            \r\n                            <div class=\"text_content\">\r\n                    <p>Se permite tomar fotograf\u00edas sin flash en las galer\u00edas del Museo exclusivamente para uso privado y no comercial.<\/p>\n<p>No se permite el uso de flash, dispositivos de iluminaci\u00f3n, tr\u00edpodes ni ning\u00fan otro dispositivo fotogr\u00e1fico. Las fotograf\u00edas no se pueden publicar, vender, reproducir, transferir, distribuir ni explotar comercialmente de ninguna manera.<br \/>\nNo se permite fotografiar obras de la Biblioteca ni de las colecciones de Grabados y Fotograf\u00edas.<\/p>\n<p>Tenga en cuenta que puede solicitar reproducciones fotogr\u00e1ficas con calidad de museo de las obras de la colecci\u00f3n a trav\u00e9s de nuestro <a href=\"https:\/\/hispanicsociety.org\/about-us\/image-rights-reproductions\/\">Departamento de Derechos y Reproducciones<\/a>.<\/p>\n                <\/div>\r\n                    <\/div>\r\n    <\/div>\r\n\r\n\n\n\r\n<div id=\"related-content-block_14e87bb308329868bee241f59c8cb737\" class=\"block site_width related-content\">\r\n    <h3 class=\"related-content__heading\">Explorar m\u00e1s<\/h3>    <div class=\"content_cards_grid\">\n                    <article class=\"single_content_card\">\n                <div class=\"content_thumbnail\">\n                    <img loading=\"lazy\" decoding=\"async\" width=\"450\" height=\"300\" src=\"https:\/\/hispanicsociety.org\/wp-content\/uploads\/2025\/03\/group_visits_cover-450x300.jpg\" class=\"attachment-medium size-medium wp-post-image\" alt=\"\" srcset=\"https:\/\/hispanicsociety.org\/wp-content\/uploads\/2025\/03\/group_visits_cover-450x300.jpg 450w, https:\/\/hispanicsociety.org\/wp-content\/uploads\/2025\/03\/group_visits_cover-1200x799.jpg 1200w, https:\/\/hispanicsociety.org\/wp-content\/uploads\/2025\/03\/group_visits_cover-768x511.jpg 768w, https:\/\/hispanicsociety.org\/wp-content\/uploads\/2025\/03\/group_visits_cover-1536x1022.jpg 1536w, https:\/\/hispanicsociety.org\/wp-content\/uploads\/2025\/03\/group_visits_cover.jpg 1803w\" sizes=\"auto, (max-width: 450px) 100vw, 450px\" \/>                <\/div>\n                <div class=\"content_card_info\">\n                    <div class=\"content_card_title\">\n                        Visitas en grupo                    <\/div>\n                    <div class=\"content_card_excerpt\">\n                        Explore highlights of Hispanic Society\u2019s history, works on view, special exhibitions, and the Audubon Terrace variety of tours with Museum educators every\u00a0\u00a0Friday and&#8230;                    <\/div>\n                <\/div>\n                <a href=\"https:\/\/hispanicsociety.org\/es\/visit\/visitas-en-grupo\/\" class=\"cta_button small accent\">\n                    Read\n                <\/a>\n            <\/article>\n                    <article class=\"single_content_card\">\n                <div class=\"content_thumbnail\">\n                    <img loading=\"lazy\" decoding=\"async\" width=\"450\" height=\"205\" src=\"https:\/\/hispanicsociety.org\/wp-content\/uploads\/2025\/04\/WH2-450x205.jpg\" class=\"attachment-medium size-medium wp-post-image\" alt=\"\" srcset=\"https:\/\/hispanicsociety.org\/wp-content\/uploads\/2025\/04\/WH2-450x205.jpg 450w, https:\/\/hispanicsociety.org\/wp-content\/uploads\/2025\/04\/WH2-768x350.jpg 768w, https:\/\/hispanicsociety.org\/wp-content\/uploads\/2025\/04\/WH2.jpg 1140w\" sizes=\"auto, (max-width: 450px) 100vw, 450px\" \/>                <\/div>\n                <div class=\"content_card_info\">\n                    <div class=\"content_card_title\">\n                        Explora el Barrio                    <\/div>\n                    <div class=\"content_card_excerpt\">\n                                            <\/div>\n                <\/div>\n                <a href=\"https:\/\/hispanicsociety.org\/es\/visit\/explore-the-neighborhood\/\" class=\"cta_button small accent\">\n                    Read\n                <\/a>\n            <\/article>\n                    <article class=\"single_content_card\">\n                <div class=\"content_thumbnail\">\n                    <img loading=\"lazy\" decoding=\"async\" width=\"450\" height=\"255\" src=\"https:\/\/hispanicsociety.org\/wp-content\/uploads\/2025\/03\/home_monet_to__matisse_gardens-450x255.jpg\" class=\"attachment-medium size-medium wp-post-image\" alt=\"\" srcset=\"https:\/\/hispanicsociety.org\/wp-content\/uploads\/2025\/03\/home_monet_to__matisse_gardens-450x255.jpg 450w, https:\/\/hispanicsociety.org\/wp-content\/uploads\/2025\/03\/home_monet_to__matisse_gardens-1200x680.jpg 1200w, https:\/\/hispanicsociety.org\/wp-content\/uploads\/2025\/03\/home_monet_to__matisse_gardens-768x435.jpg 768w, https:\/\/hispanicsociety.org\/wp-content\/uploads\/2025\/03\/home_monet_to__matisse_gardens-1536x870.jpg 1536w, https:\/\/hispanicsociety.org\/wp-content\/uploads\/2025\/03\/home_monet_to__matisse_gardens-2048x1161.jpg 2048w, https:\/\/hispanicsociety.org\/wp-content\/uploads\/2025\/03\/home_monet_to__matisse_gardens-1920x1088.jpg 1920w\" sizes=\"auto, (max-width: 450px) 100vw, 450px\" \/>                <\/div>\n                <div class=\"content_card_info\">\n                    <div class=\"content_card_title\">\n                        Horarios y Ubicaciones                    <\/div>\n                    <div class=\"content_card_excerpt\">\n                        The Museum and Library Reading Room are closed on all major holidays. Please consult the list of closures, below, before planning your visit.                    <\/div>\n                <\/div>\n                <a href=\"https:\/\/hispanicsociety.org\/es\/visit\/hours-and-locations\/\" class=\"cta_button small accent\">\n                    Read\n                <\/a>\n            <\/article>\n                    <article class=\"single_content_card\">\n                <div class=\"content_thumbnail\">\n                    <img loading=\"lazy\" decoding=\"async\" width=\"450\" height=\"300\" src=\"https:\/\/hispanicsociety.org\/wp-content\/uploads\/2025\/03\/hispanic-society-2014-0441-2-450x300.jpg\" class=\"attachment-medium size-medium wp-post-image\" alt=\"\" srcset=\"https:\/\/hispanicsociety.org\/wp-content\/uploads\/2025\/03\/hispanic-society-2014-0441-2-450x300.jpg 450w, https:\/\/hispanicsociety.org\/wp-content\/uploads\/2025\/03\/hispanic-society-2014-0441-2-1200x800.jpg 1200w, https:\/\/hispanicsociety.org\/wp-content\/uploads\/2025\/03\/hispanic-society-2014-0441-2-768x512.jpg 768w, https:\/\/hispanicsociety.org\/wp-content\/uploads\/2025\/03\/hispanic-society-2014-0441-2-1536x1024.jpg 1536w, https:\/\/hispanicsociety.org\/wp-content\/uploads\/2025\/03\/hispanic-society-2014-0441-2-2048x1366.jpg 2048w, https:\/\/hispanicsociety.org\/wp-content\/uploads\/2025\/03\/hispanic-society-2014-0441-2-1920x1280.jpg 1920w\" sizes=\"auto, (max-width: 450px) 100vw, 450px\" \/>                <\/div>\n                <div class=\"content_card_info\">\n                    <div class=\"content_card_title\">\n                        Galer\u00edas                    <\/div>\n                    <div class=\"content_card_excerpt\">\n                        Explore highlights of Hispanic Society\u2019s history, works on view, special exhibitions, and the Audubon Terrace variety of tours with Museum educators                    <\/div>\n                <\/div>\n                <a href=\"https:\/\/hispanicsociety.org\/es\/visit\/galleries\/\" class=\"cta_button small accent\">\n                    Read\n                <\/a>\n            <\/article>\n            <\/div>\n    <\/div>\r\n","protected":false},"excerpt":{"rendered":"<p>Recording devices and music playing devices are prohibited. Visitors may not touch any of the objects on display, including furniture. No oversized items such as luggage or backpacks are permitted in the galleries.<\/p>\n","protected":false},"author":1,"featured_media":1409,"parent":1479,"menu_order":0,"comment_status":"closed","ping_status":"closed","template":"","meta":{"_acf_changed":false,"footnotes":""},"class_list":["post-1461","page","type-page","status-publish","has-post-thumbnail","hentry"],"acf":[],"yoast_head":"<!-- This site is optimized with the Yoast SEO plugin v26.9 - https:\/\/yoast.com\/product\/yoast-seo-wordpress\/ -->\n<title>Pol\u00edticas para visitantes - Hispanic Society Museum and Library<\/title>\n<meta name=\"robots\" content=\"index, follow, max-snippet:-1, max-image-preview:large, max-video-preview:-1\" \/>\n<link rel=\"canonical\" href=\"https:\/\/hispanicsociety.org\/visit\/visitor-policies\/\" \/>\n<meta property=\"og:locale\" content=\"es_ES\" \/>\n<meta property=\"og:type\" content=\"article\" \/>\n<meta property=\"og:title\" content=\"Pol\u00edticas para visitantes - Hispanic Society Museum and Library\" \/>\n<meta property=\"og:description\" content=\"Recording devices and music playing devices are prohibited. Visitors may not touch any of the objects on display, including furniture. No oversized items such as luggage or backpacks are permitted in the galleries.\" \/>\n<meta property=\"og:url\" content=\"https:\/\/hispanicsociety.org\/visit\/visitor-policies\/\" \/>\n<meta property=\"og:site_name\" content=\"Hispanic Society Museum and Library\" \/>\n<meta property=\"article:publisher\" content=\"https:\/\/www.facebook.com\/hispanicsociety\" \/>\n<meta property=\"article:modified_time\" content=\"2025-04-27T14:23:01+00:00\" \/>\n<meta property=\"og:image\" content=\"https:\/\/hispanicsociety.org\/wp-content\/uploads\/2025\/04\/a297_sorolla-leonese-peasants.jpg\" \/>\n\t<meta property=\"og:image:width\" content=\"1200\" \/>\n\t<meta property=\"og:image:height\" content=\"720\" \/>\n\t<meta property=\"og:image:type\" content=\"image\/jpeg\" \/>\n<meta name=\"twitter:card\" content=\"summary_large_image\" \/>\n<meta name=\"twitter:site\" content=\"@HSAmuseum\" \/>\n<script type=\"application\/ld+json\" class=\"yoast-schema-graph\">{\"@context\":\"https:\/\/schema.org\",\"@graph\":[{\"@type\":\"WebPage\",\"@id\":\"https:\/\/hispanicsociety.org\/visit\/visitor-policies\/\",\"url\":\"https:\/\/hispanicsociety.org\/visit\/visitor-policies\/\",\"name\":\"Pol\u00edticas para visitantes - Hispanic Society Museum and Library\",\"isPartOf\":{\"@id\":\"https:\/\/hispanicsociety.org\/#website\"},\"primaryImageOfPage\":{\"@id\":\"https:\/\/hispanicsociety.org\/visit\/visitor-policies\/#primaryimage\"},\"image\":{\"@id\":\"https:\/\/hispanicsociety.org\/visit\/visitor-policies\/#primaryimage\"},\"thumbnailUrl\":\"https:\/\/hispanicsociety.org\/wp-content\/uploads\/2025\/04\/a297_sorolla-leonese-peasants.jpg\",\"datePublished\":\"2025-03-04T11:54:10+00:00\",\"dateModified\":\"2025-04-27T14:23:01+00:00\",\"breadcrumb\":{\"@id\":\"https:\/\/hispanicsociety.org\/visit\/visitor-policies\/#breadcrumb\"},\"inLanguage\":\"es\",\"potentialAction\":[{\"@type\":\"ReadAction\",\"target\":[\"https:\/\/hispanicsociety.org\/visit\/visitor-policies\/\"]}]},{\"@type\":\"ImageObject\",\"inLanguage\":\"es\",\"@id\":\"https:\/\/hispanicsociety.org\/visit\/visitor-policies\/#primaryimage\",\"url\":\"https:\/\/hispanicsociety.org\/wp-content\/uploads\/2025\/04\/a297_sorolla-leonese-peasants.jpg\",\"contentUrl\":\"https:\/\/hispanicsociety.org\/wp-content\/uploads\/2025\/04\/a297_sorolla-leonese-peasants.jpg\",\"width\":1200,\"height\":720},{\"@type\":\"BreadcrumbList\",\"@id\":\"https:\/\/hispanicsociety.org\/visit\/visitor-policies\/#breadcrumb\",\"itemListElement\":[{\"@type\":\"ListItem\",\"position\":1,\"name\":\"Home\",\"item\":\"https:\/\/hispanicsociety.org\/\"},{\"@type\":\"ListItem\",\"position\":2,\"name\":\"Visita\",\"item\":\"https:\/\/hispanicsociety.org\/visit\/\"},{\"@type\":\"ListItem\",\"position\":3,\"name\":\"Pol\u00edticas para visitantes\"}]},{\"@type\":\"WebSite\",\"@id\":\"https:\/\/hispanicsociety.org\/#website\",\"url\":\"https:\/\/hispanicsociety.org\/\",\"name\":\"Hispanic Society Museum and Library\",\"description\":\"\",\"publisher\":{\"@id\":\"https:\/\/hispanicsociety.org\/#organization\"},\"potentialAction\":[{\"@type\":\"SearchAction\",\"target\":{\"@type\":\"EntryPoint\",\"urlTemplate\":\"https:\/\/hispanicsociety.org\/?s={search_term_string}\"},\"query-input\":{\"@type\":\"PropertyValueSpecification\",\"valueRequired\":true,\"valueName\":\"search_term_string\"}}],\"inLanguage\":\"es\"},{\"@type\":\"Organization\",\"@id\":\"https:\/\/hispanicsociety.org\/#organization\",\"name\":\"Hispanic Society Museum and Library\",\"url\":\"https:\/\/hispanicsociety.org\/\",\"logo\":{\"@type\":\"ImageObject\",\"inLanguage\":\"es\",\"@id\":\"https:\/\/hispanicsociety.org\/#\/schema\/logo\/image\/\",\"url\":\"https:\/\/hispanicsociety.org\/wp-content\/uploads\/2025\/03\/hsa-logo-01.webp\",\"contentUrl\":\"https:\/\/hispanicsociety.org\/wp-content\/uploads\/2025\/03\/hsa-logo-01.webp\",\"width\":273,\"height\":68,\"caption\":\"Hispanic Society Museum and Library\"},\"image\":{\"@id\":\"https:\/\/hispanicsociety.org\/#\/schema\/logo\/image\/\"},\"sameAs\":[\"https:\/\/www.facebook.com\/hispanicsociety\",\"https:\/\/x.com\/HSAmuseum\",\"https:\/\/www.instagram.com\/hispanic_society\/\",\"https:\/\/www.youtube.com\/channel\/UCuEmouWL8wEMm24C-ScZwGg\"]}]}<\/script>\n<!-- \/ Yoast SEO plugin. -->","yoast_head_json":{"title":"Pol\u00edticas para visitantes - Hispanic Society Museum and Library","robots":{"index":"index","follow":"follow","max-snippet":"max-snippet:-1","max-image-preview":"max-image-preview:large","max-video-preview":"max-video-preview:-1"},"canonical":"https:\/\/hispanicsociety.org\/visit\/visitor-policies\/","og_locale":"es_ES","og_type":"article","og_title":"Pol\u00edticas para visitantes - Hispanic Society Museum and Library","og_description":"Recording devices and music playing devices are prohibited. Visitors may not touch any of the objects on display, including furniture. No oversized items such as luggage or backpacks are permitted in the galleries.","og_url":"https:\/\/hispanicsociety.org\/visit\/visitor-policies\/","og_site_name":"Hispanic Society Museum and Library","article_publisher":"https:\/\/www.facebook.com\/hispanicsociety","article_modified_time":"2025-04-27T14:23:01+00:00","og_image":[{"width":1200,"height":720,"url":"https:\/\/hispanicsociety.org\/wp-content\/uploads\/2025\/04\/a297_sorolla-leonese-peasants.jpg","type":"image\/jpeg"}],"twitter_card":"summary_large_image","twitter_site":"@HSAmuseum","schema":{"@context":"https:\/\/schema.org","@graph":[{"@type":"WebPage","@id":"https:\/\/hispanicsociety.org\/visit\/visitor-policies\/","url":"https:\/\/hispanicsociety.org\/visit\/visitor-policies\/","name":"Pol\u00edticas para visitantes - Hispanic Society Museum and Library","isPartOf":{"@id":"https:\/\/hispanicsociety.org\/#website"},"primaryImageOfPage":{"@id":"https:\/\/hispanicsociety.org\/visit\/visitor-policies\/#primaryimage"},"image":{"@id":"https:\/\/hispanicsociety.org\/visit\/visitor-policies\/#primaryimage"},"thumbnailUrl":"https:\/\/hispanicsociety.org\/wp-content\/uploads\/2025\/04\/a297_sorolla-leonese-peasants.jpg","datePublished":"2025-03-04T11:54:10+00:00","dateModified":"2025-04-27T14:23:01+00:00","breadcrumb":{"@id":"https:\/\/hispanicsociety.org\/visit\/visitor-policies\/#breadcrumb"},"inLanguage":"es","potentialAction":[{"@type":"ReadAction","target":["https:\/\/hispanicsociety.org\/visit\/visitor-policies\/"]}]},{"@type":"ImageObject","inLanguage":"es","@id":"https:\/\/hispanicsociety.org\/visit\/visitor-policies\/#primaryimage","url":"https:\/\/hispanicsociety.org\/wp-content\/uploads\/2025\/04\/a297_sorolla-leonese-peasants.jpg","contentUrl":"https:\/\/hispanicsociety.org\/wp-content\/uploads\/2025\/04\/a297_sorolla-leonese-peasants.jpg","width":1200,"height":720},{"@type":"BreadcrumbList","@id":"https:\/\/hispanicsociety.org\/visit\/visitor-policies\/#breadcrumb","itemListElement":[{"@type":"ListItem","position":1,"name":"Home","item":"https:\/\/hispanicsociety.org\/"},{"@type":"ListItem","position":2,"name":"Visita","item":"https:\/\/hispanicsociety.org\/visit\/"},{"@type":"ListItem","position":3,"name":"Pol\u00edticas para visitantes"}]},{"@type":"WebSite","@id":"https:\/\/hispanicsociety.org\/#website","url":"https:\/\/hispanicsociety.org\/","name":"Hispanic Society Museum and Library","description":"","publisher":{"@id":"https:\/\/hispanicsociety.org\/#organization"},"potentialAction":[{"@type":"SearchAction","target":{"@type":"EntryPoint","urlTemplate":"https:\/\/hispanicsociety.org\/?s={search_term_string}"},"query-input":{"@type":"PropertyValueSpecification","valueRequired":true,"valueName":"search_term_string"}}],"inLanguage":"es"},{"@type":"Organization","@id":"https:\/\/hispanicsociety.org\/#organization","name":"Hispanic Society Museum and Library","url":"https:\/\/hispanicsociety.org\/","logo":{"@type":"ImageObject","inLanguage":"es","@id":"https:\/\/hispanicsociety.org\/#\/schema\/logo\/image\/","url":"https:\/\/hispanicsociety.org\/wp-content\/uploads\/2025\/03\/hsa-logo-01.webp","contentUrl":"https:\/\/hispanicsociety.org\/wp-content\/uploads\/2025\/03\/hsa-logo-01.webp","width":273,"height":68,"caption":"Hispanic Society Museum and Library"},"image":{"@id":"https:\/\/hispanicsociety.org\/#\/schema\/logo\/image\/"},"sameAs":["https:\/\/www.facebook.com\/hispanicsociety","https:\/\/x.com\/HSAmuseum","https:\/\/www.instagram.com\/hispanic_society\/","https:\/\/www.youtube.com\/channel\/UCuEmouWL8wEMm24C-ScZwGg"]}]}},"_links":{"self":[{"href":"https:\/\/hispanicsociety.org\/es\/wp-json\/wp\/v2\/pages\/1461","targetHints":{"allow":["GET"]}}],"collection":[{"href":"https:\/\/hispanicsociety.org\/es\/wp-json\/wp\/v2\/pages"}],"about":[{"href":"https:\/\/hispanicsociety.org\/es\/wp-json\/wp\/v2\/types\/page"}],"author":[{"embeddable":true,"href":"https:\/\/hispanicsociety.org\/es\/wp-json\/wp\/v2\/users\/1"}],"replies":[{"embeddable":true,"href":"https:\/\/hispanicsociety.org\/es\/wp-json\/wp\/v2\/comments?post=1461"}],"version-history":[{"count":1,"href":"https:\/\/hispanicsociety.org\/es\/wp-json\/wp\/v2\/pages\/1461\/revisions"}],"predecessor-version":[{"id":1463,"href":"https:\/\/hispanicsociety.org\/es\/wp-json\/wp\/v2\/pages\/1461\/revisions\/1463"}],"up":[{"embeddable":true,"href":"https:\/\/hispanicsociety.org\/es\/wp-json\/wp\/v2\/pages\/1479"}],"wp:featuredmedia":[{"embeddable":true,"href":"https:\/\/hispanicsociety.org\/es\/wp-json\/wp\/v2\/media\/1409"}],"wp:attachment":[{"href":"https:\/\/hispanicsociety.org\/es\/wp-json\/wp\/v2\/media?parent=1461"}],"curies":[{"name":"wp","href":"https:\/\/api.w.org\/{rel}","templated":true}]}}