{"id":1507,"date":"2025-04-24T08:54:25","date_gmt":"2025-04-24T08:54:25","guid":{"rendered":"https:\/\/hispanicsociety.org\/morris-jumel-mansion\/"},"modified":"2025-05-15T12:22:05","modified_gmt":"2025-05-15T12:22:05","slug":"morris-jumel-mansion","status":"publish","type":"page","link":"https:\/\/hispanicsociety.org\/es\/visit\/explore-the-neighborhood\/morris-jumel-mansion\/","title":{"rendered":"Mansi\u00f3n Morris-Jumel"},"content":{"rendered":"\r\n<div id=\"full-width-image-block_69e000a53a9146b0a28980b07995cdd8\" class=\"block full-width-image height_half\">\r\n            <div class=\"image_container\">\r\n            <figure class=\"\">\r\n                <img loading=\"lazy\" decoding=\"async\" width=\"1920\" height=\"1073\" src=\"https:\/\/hispanicsociety.org\/wp-content\/uploads\/2025\/04\/Morris_Jumel-1920x1073.jpg\" class=\"\" alt=\"\" srcset=\"https:\/\/hispanicsociety.org\/wp-content\/uploads\/2025\/04\/Morris_Jumel-1920x1073.jpg 1920w, https:\/\/hispanicsociety.org\/wp-content\/uploads\/2025\/04\/Morris_Jumel-450x252.jpg 450w, https:\/\/hispanicsociety.org\/wp-content\/uploads\/2025\/04\/Morris_Jumel-1200x671.jpg 1200w, https:\/\/hispanicsociety.org\/wp-content\/uploads\/2025\/04\/Morris_Jumel-768x429.jpg 768w, https:\/\/hispanicsociety.org\/wp-content\/uploads\/2025\/04\/Morris_Jumel-1536x859.jpg 1536w, https:\/\/hispanicsociety.org\/wp-content\/uploads\/2025\/04\/Morris_Jumel.jpg 2048w\" sizes=\"auto, (max-width: 1920px) 100vw, 1920px\" \/>            <\/figure>\r\n                    <\/div>\r\n    <\/div>\r\n\n\n\r\n<div id=\"text-sections-block_49dd0c9f5ff787c8f1f1cb6b52f1909d\" class=\"block text-sections\">\r\n            <div class=\"text-section site_width one_cols\">\r\n                            <h2 class=\"section_title\">\r\n                    Mansi\u00f3n Morris-Jumel                <\/h2>\r\n            \r\n                            <div class=\"text_content\">\r\n                    <p>Construida en 1765, la mansi\u00f3n Morris-Jumel es la casa m\u00e1s antigua que se conserva en Manhattan y en su d\u00eda sirvi\u00f3 como sede de George Washington.<\/p>\n                <\/div>\r\n                    <\/div>\r\n    <\/div>\r\n\r\n\n\n\r\n<div id=\"related-content-block_1aa6a8256d12a7250fd9dd8791cb135b\" class=\"block site_width related-content\">\r\n    <h3 class=\"related-content__heading\">Explorar m\u00e1s<\/h3>    <div class=\"content_cards_grid\">\n                    <article class=\"single_content_card\">\n                <div class=\"content_thumbnail\">\n                    <img loading=\"lazy\" decoding=\"async\" width=\"450\" height=\"338\" src=\"https:\/\/hispanicsociety.org\/wp-content\/uploads\/2025\/04\/Dyckman-450x338.jpg\" class=\"attachment-medium size-medium wp-post-image\" alt=\"\" srcset=\"https:\/\/hispanicsociety.org\/wp-content\/uploads\/2025\/04\/Dyckman-450x338.jpg 450w, https:\/\/hispanicsociety.org\/wp-content\/uploads\/2025\/04\/Dyckman-1200x900.jpg 1200w, https:\/\/hispanicsociety.org\/wp-content\/uploads\/2025\/04\/Dyckman-768x576.jpg 768w, https:\/\/hispanicsociety.org\/wp-content\/uploads\/2025\/04\/Dyckman-1536x1152.jpg 1536w, https:\/\/hispanicsociety.org\/wp-content\/uploads\/2025\/04\/Dyckman-2048x1536.jpg 2048w, https:\/\/hispanicsociety.org\/wp-content\/uploads\/2025\/04\/Dyckman-1920x1440.jpg 1920w\" sizes=\"auto, (max-width: 450px) 100vw, 450px\" \/>                <\/div>\n                <div class=\"content_card_info\">\n                    <div class=\"content_card_title\">\n                        Dyckman Farmhouse                    <\/div>\n                    <div class=\"content_card_excerpt\">\n                                            <\/div>\n                <\/div>\n                <a href=\"https:\/\/hispanicsociety.org\/es\/visit\/explore-the-neighborhood\/dyckman-farmhouse\/\" class=\"cta_button small accent\">\n                    Read\n                <\/a>\n            <\/article>\n                    <article class=\"single_content_card\">\n                <div class=\"content_thumbnail\">\n                    <img loading=\"lazy\" decoding=\"async\" width=\"450\" height=\"299\" src=\"https:\/\/hispanicsociety.org\/wp-content\/uploads\/2025\/04\/Inwood_Hill-450x299.jpg\" class=\"attachment-medium size-medium wp-post-image\" alt=\"\" srcset=\"https:\/\/hispanicsociety.org\/wp-content\/uploads\/2025\/04\/Inwood_Hill-450x299.jpg 450w, https:\/\/hispanicsociety.org\/wp-content\/uploads\/2025\/04\/Inwood_Hill-768x510.jpg 768w, https:\/\/hispanicsociety.org\/wp-content\/uploads\/2025\/04\/Inwood_Hill.jpg 800w\" sizes=\"auto, (max-width: 450px) 100vw, 450px\" \/>                <\/div>\n                <div class=\"content_card_info\">\n                    <div class=\"content_card_title\">\n                        Parque Inwood Hill                    <\/div>\n                    <div class=\"content_card_excerpt\">\n                                            <\/div>\n                <\/div>\n                <a href=\"https:\/\/hispanicsociety.org\/es\/visit\/explore-the-neighborhood\/inward-hill-park\/\" class=\"cta_button small accent\">\n                    Read\n                <\/a>\n            <\/article>\n                    <article class=\"single_content_card\">\n                <div class=\"content_thumbnail\">\n                    <img loading=\"lazy\" decoding=\"async\" width=\"450\" height=\"281\" src=\"https:\/\/hispanicsociety.org\/wp-content\/uploads\/2025\/04\/Sylvan_Terrace-450x281.jpg\" class=\"attachment-medium size-medium wp-post-image\" alt=\"\" srcset=\"https:\/\/hispanicsociety.org\/wp-content\/uploads\/2025\/04\/Sylvan_Terrace-450x281.jpg 450w, https:\/\/hispanicsociety.org\/wp-content\/uploads\/2025\/04\/Sylvan_Terrace-768x479.jpg 768w, https:\/\/hispanicsociety.org\/wp-content\/uploads\/2025\/04\/Sylvan_Terrace.jpg 1200w\" sizes=\"auto, (max-width: 450px) 100vw, 450px\" \/>                <\/div>\n                <div class=\"content_card_info\">\n                    <div class=\"content_card_title\">\n                        Sylvan Terrace                    <\/div>\n                    <div class=\"content_card_excerpt\">\n                                            <\/div>\n                <\/div>\n                <a href=\"https:\/\/hispanicsociety.org\/es\/visit\/explore-the-neighborhood\/sylvan-terrace\/\" class=\"cta_button small accent\">\n                    Read\n                <\/a>\n            <\/article>\n                    <article class=\"single_content_card\">\n                <div class=\"content_thumbnail\">\n                    <img loading=\"lazy\" decoding=\"async\" width=\"450\" height=\"338\" src=\"https:\/\/hispanicsociety.org\/wp-content\/uploads\/2025\/04\/Chez_Messy-450x338.png\" class=\"attachment-medium size-medium wp-post-image\" alt=\"\" srcset=\"https:\/\/hispanicsociety.org\/wp-content\/uploads\/2025\/04\/Chez_Messy-450x338.png 450w, https:\/\/hispanicsociety.org\/wp-content\/uploads\/2025\/04\/Chez_Messy-768x576.png 768w, https:\/\/hispanicsociety.org\/wp-content\/uploads\/2025\/04\/Chez_Messy.png 800w\" sizes=\"auto, (max-width: 450px) 100vw, 450px\" \/>                <\/div>\n                <div class=\"content_card_info\">\n                    <div class=\"content_card_title\">\n                        Chez Messy                    <\/div>\n                    <div class=\"content_card_excerpt\">\n                                            <\/div>\n                <\/div>\n                <a href=\"https:\/\/hispanicsociety.org\/es\/visit\/explore-the-neighborhood\/chez-messy\/\" class=\"cta_button small accent\">\n                    Read\n                <\/a>\n            <\/article>\n            <\/div>\n    <\/div>\r\n","protected":false},"excerpt":{"rendered":"","protected":false},"author":2,"featured_media":723,"parent":1452,"menu_order":0,"comment_status":"closed","ping_status":"closed","template":"","meta":{"_acf_changed":false,"footnotes":""},"class_list":["post-1507","page","type-page","status-publish","has-post-thumbnail","hentry"],"acf":[],"yoast_head":"<!-- This site is optimized with the Yoast SEO plugin v26.9 - https:\/\/yoast.com\/product\/yoast-seo-wordpress\/ -->\n<title>Mansi\u00f3n Morris-Jumel - Hispanic Society Museum and Library<\/title>\n<meta name=\"robots\" content=\"index, follow, max-snippet:-1, max-image-preview:large, max-video-preview:-1\" \/>\n<link rel=\"canonical\" href=\"https:\/\/hispanicsociety.org\/visit\/explore-the-neighborhood\/morris-jumel-mansion\/\" \/>\n<meta property=\"og:locale\" content=\"es_ES\" \/>\n<meta property=\"og:type\" content=\"article\" \/>\n<meta property=\"og:title\" content=\"Mansi\u00f3n Morris-Jumel - Hispanic Society Museum and Library\" \/>\n<meta property=\"og:url\" content=\"https:\/\/hispanicsociety.org\/visit\/explore-the-neighborhood\/morris-jumel-mansion\/\" \/>\n<meta property=\"og:site_name\" content=\"Hispanic Society Museum and Library\" \/>\n<meta property=\"article:publisher\" content=\"https:\/\/www.facebook.com\/hispanicsociety\" \/>\n<meta property=\"article:modified_time\" content=\"2025-05-15T12:22:05+00:00\" \/>\n<meta property=\"og:image\" content=\"https:\/\/hispanicsociety.org\/wp-content\/uploads\/2025\/04\/Morris_Jumel.jpg\" \/>\n\t<meta property=\"og:image:width\" content=\"2048\" \/>\n\t<meta property=\"og:image:height\" content=\"1145\" \/>\n\t<meta property=\"og:image:type\" content=\"image\/jpeg\" \/>\n<meta name=\"twitter:card\" content=\"summary_large_image\" \/>\n<meta name=\"twitter:site\" content=\"@HSAmuseum\" \/>\n<script type=\"application\/ld+json\" class=\"yoast-schema-graph\">{\"@context\":\"https:\/\/schema.org\",\"@graph\":[{\"@type\":\"WebPage\",\"@id\":\"https:\/\/hispanicsociety.org\/visit\/explore-the-neighborhood\/morris-jumel-mansion\/\",\"url\":\"https:\/\/hispanicsociety.org\/visit\/explore-the-neighborhood\/morris-jumel-mansion\/\",\"name\":\"Mansi\u00f3n Morris-Jumel - Hispanic Society Museum and Library\",\"isPartOf\":{\"@id\":\"https:\/\/hispanicsociety.org\/#website\"},\"primaryImageOfPage\":{\"@id\":\"https:\/\/hispanicsociety.org\/visit\/explore-the-neighborhood\/morris-jumel-mansion\/#primaryimage\"},\"image\":{\"@id\":\"https:\/\/hispanicsociety.org\/visit\/explore-the-neighborhood\/morris-jumel-mansion\/#primaryimage\"},\"thumbnailUrl\":\"https:\/\/hispanicsociety.org\/wp-content\/uploads\/2025\/04\/Morris_Jumel.jpg\",\"datePublished\":\"2025-04-24T08:54:25+00:00\",\"dateModified\":\"2025-05-15T12:22:05+00:00\",\"breadcrumb\":{\"@id\":\"https:\/\/hispanicsociety.org\/visit\/explore-the-neighborhood\/morris-jumel-mansion\/#breadcrumb\"},\"inLanguage\":\"es\",\"potentialAction\":[{\"@type\":\"ReadAction\",\"target\":[\"https:\/\/hispanicsociety.org\/visit\/explore-the-neighborhood\/morris-jumel-mansion\/\"]}]},{\"@type\":\"ImageObject\",\"inLanguage\":\"es\",\"@id\":\"https:\/\/hispanicsociety.org\/visit\/explore-the-neighborhood\/morris-jumel-mansion\/#primaryimage\",\"url\":\"https:\/\/hispanicsociety.org\/wp-content\/uploads\/2025\/04\/Morris_Jumel.jpg\",\"contentUrl\":\"https:\/\/hispanicsociety.org\/wp-content\/uploads\/2025\/04\/Morris_Jumel.jpg\",\"width\":2048,\"height\":1145},{\"@type\":\"BreadcrumbList\",\"@id\":\"https:\/\/hispanicsociety.org\/visit\/explore-the-neighborhood\/morris-jumel-mansion\/#breadcrumb\",\"itemListElement\":[{\"@type\":\"ListItem\",\"position\":1,\"name\":\"Home\",\"item\":\"https:\/\/hispanicsociety.org\/\"},{\"@type\":\"ListItem\",\"position\":2,\"name\":\"Visita\",\"item\":\"https:\/\/hispanicsociety.org\/visit\/\"},{\"@type\":\"ListItem\",\"position\":3,\"name\":\"Explora el Barrio\",\"item\":\"https:\/\/hispanicsociety.org\/visit\/explore-the-neighborhood\/\"},{\"@type\":\"ListItem\",\"position\":4,\"name\":\"Mansi\u00f3n Morris-Jumel\"}]},{\"@type\":\"WebSite\",\"@id\":\"https:\/\/hispanicsociety.org\/#website\",\"url\":\"https:\/\/hispanicsociety.org\/\",\"name\":\"Hispanic Society Museum and Library\",\"description\":\"\",\"publisher\":{\"@id\":\"https:\/\/hispanicsociety.org\/#organization\"},\"potentialAction\":[{\"@type\":\"SearchAction\",\"target\":{\"@type\":\"EntryPoint\",\"urlTemplate\":\"https:\/\/hispanicsociety.org\/?s={search_term_string}\"},\"query-input\":{\"@type\":\"PropertyValueSpecification\",\"valueRequired\":true,\"valueName\":\"search_term_string\"}}],\"inLanguage\":\"es\"},{\"@type\":\"Organization\",\"@id\":\"https:\/\/hispanicsociety.org\/#organization\",\"name\":\"Hispanic Society Museum and Library\",\"url\":\"https:\/\/hispanicsociety.org\/\",\"logo\":{\"@type\":\"ImageObject\",\"inLanguage\":\"es\",\"@id\":\"https:\/\/hispanicsociety.org\/#\/schema\/logo\/image\/\",\"url\":\"https:\/\/hispanicsociety.org\/wp-content\/uploads\/2025\/03\/hsa-logo-01.webp\",\"contentUrl\":\"https:\/\/hispanicsociety.org\/wp-content\/uploads\/2025\/03\/hsa-logo-01.webp\",\"width\":273,\"height\":68,\"caption\":\"Hispanic Society Museum and Library\"},\"image\":{\"@id\":\"https:\/\/hispanicsociety.org\/#\/schema\/logo\/image\/\"},\"sameAs\":[\"https:\/\/www.facebook.com\/hispanicsociety\",\"https:\/\/x.com\/HSAmuseum\",\"https:\/\/www.instagram.com\/hispanic_society\/\",\"https:\/\/www.youtube.com\/channel\/UCuEmouWL8wEMm24C-ScZwGg\"]}]}<\/script>\n<!-- \/ Yoast SEO plugin. -->","yoast_head_json":{"title":"Mansi\u00f3n Morris-Jumel - Hispanic Society Museum and Library","robots":{"index":"index","follow":"follow","max-snippet":"max-snippet:-1","max-image-preview":"max-image-preview:large","max-video-preview":"max-video-preview:-1"},"canonical":"https:\/\/hispanicsociety.org\/visit\/explore-the-neighborhood\/morris-jumel-mansion\/","og_locale":"es_ES","og_type":"article","og_title":"Mansi\u00f3n Morris-Jumel - Hispanic Society Museum and Library","og_url":"https:\/\/hispanicsociety.org\/visit\/explore-the-neighborhood\/morris-jumel-mansion\/","og_site_name":"Hispanic Society Museum and Library","article_publisher":"https:\/\/www.facebook.com\/hispanicsociety","article_modified_time":"2025-05-15T12:22:05+00:00","og_image":[{"width":2048,"height":1145,"url":"https:\/\/hispanicsociety.org\/wp-content\/uploads\/2025\/04\/Morris_Jumel.jpg","type":"image\/jpeg"}],"twitter_card":"summary_large_image","twitter_site":"@HSAmuseum","schema":{"@context":"https:\/\/schema.org","@graph":[{"@type":"WebPage","@id":"https:\/\/hispanicsociety.org\/visit\/explore-the-neighborhood\/morris-jumel-mansion\/","url":"https:\/\/hispanicsociety.org\/visit\/explore-the-neighborhood\/morris-jumel-mansion\/","name":"Mansi\u00f3n Morris-Jumel - Hispanic Society Museum and Library","isPartOf":{"@id":"https:\/\/hispanicsociety.org\/#website"},"primaryImageOfPage":{"@id":"https:\/\/hispanicsociety.org\/visit\/explore-the-neighborhood\/morris-jumel-mansion\/#primaryimage"},"image":{"@id":"https:\/\/hispanicsociety.org\/visit\/explore-the-neighborhood\/morris-jumel-mansion\/#primaryimage"},"thumbnailUrl":"https:\/\/hispanicsociety.org\/wp-content\/uploads\/2025\/04\/Morris_Jumel.jpg","datePublished":"2025-04-24T08:54:25+00:00","dateModified":"2025-05-15T12:22:05+00:00","breadcrumb":{"@id":"https:\/\/hispanicsociety.org\/visit\/explore-the-neighborhood\/morris-jumel-mansion\/#breadcrumb"},"inLanguage":"es","potentialAction":[{"@type":"ReadAction","target":["https:\/\/hispanicsociety.org\/visit\/explore-the-neighborhood\/morris-jumel-mansion\/"]}]},{"@type":"ImageObject","inLanguage":"es","@id":"https:\/\/hispanicsociety.org\/visit\/explore-the-neighborhood\/morris-jumel-mansion\/#primaryimage","url":"https:\/\/hispanicsociety.org\/wp-content\/uploads\/2025\/04\/Morris_Jumel.jpg","contentUrl":"https:\/\/hispanicsociety.org\/wp-content\/uploads\/2025\/04\/Morris_Jumel.jpg","width":2048,"height":1145},{"@type":"BreadcrumbList","@id":"https:\/\/hispanicsociety.org\/visit\/explore-the-neighborhood\/morris-jumel-mansion\/#breadcrumb","itemListElement":[{"@type":"ListItem","position":1,"name":"Home","item":"https:\/\/hispanicsociety.org\/"},{"@type":"ListItem","position":2,"name":"Visita","item":"https:\/\/hispanicsociety.org\/visit\/"},{"@type":"ListItem","position":3,"name":"Explora el Barrio","item":"https:\/\/hispanicsociety.org\/visit\/explore-the-neighborhood\/"},{"@type":"ListItem","position":4,"name":"Mansi\u00f3n Morris-Jumel"}]},{"@type":"WebSite","@id":"https:\/\/hispanicsociety.org\/#website","url":"https:\/\/hispanicsociety.org\/","name":"Hispanic Society Museum and Library","description":"","publisher":{"@id":"https:\/\/hispanicsociety.org\/#organization"},"potentialAction":[{"@type":"SearchAction","target":{"@type":"EntryPoint","urlTemplate":"https:\/\/hispanicsociety.org\/?s={search_term_string}"},"query-input":{"@type":"PropertyValueSpecification","valueRequired":true,"valueName":"search_term_string"}}],"inLanguage":"es"},{"@type":"Organization","@id":"https:\/\/hispanicsociety.org\/#organization","name":"Hispanic Society Museum and Library","url":"https:\/\/hispanicsociety.org\/","logo":{"@type":"ImageObject","inLanguage":"es","@id":"https:\/\/hispanicsociety.org\/#\/schema\/logo\/image\/","url":"https:\/\/hispanicsociety.org\/wp-content\/uploads\/2025\/03\/hsa-logo-01.webp","contentUrl":"https:\/\/hispanicsociety.org\/wp-content\/uploads\/2025\/03\/hsa-logo-01.webp","width":273,"height":68,"caption":"Hispanic Society Museum and Library"},"image":{"@id":"https:\/\/hispanicsociety.org\/#\/schema\/logo\/image\/"},"sameAs":["https:\/\/www.facebook.com\/hispanicsociety","https:\/\/x.com\/HSAmuseum","https:\/\/www.instagram.com\/hispanic_society\/","https:\/\/www.youtube.com\/channel\/UCuEmouWL8wEMm24C-ScZwGg"]}]}},"_links":{"self":[{"href":"https:\/\/hispanicsociety.org\/es\/wp-json\/wp\/v2\/pages\/1507","targetHints":{"allow":["GET"]}}],"collection":[{"href":"https:\/\/hispanicsociety.org\/es\/wp-json\/wp\/v2\/pages"}],"about":[{"href":"https:\/\/hispanicsociety.org\/es\/wp-json\/wp\/v2\/types\/page"}],"author":[{"embeddable":true,"href":"https:\/\/hispanicsociety.org\/es\/wp-json\/wp\/v2\/users\/2"}],"replies":[{"embeddable":true,"href":"https:\/\/hispanicsociety.org\/es\/wp-json\/wp\/v2\/comments?post=1507"}],"version-history":[{"count":2,"href":"https:\/\/hispanicsociety.org\/es\/wp-json\/wp\/v2\/pages\/1507\/revisions"}],"predecessor-version":[{"id":1765,"href":"https:\/\/hispanicsociety.org\/es\/wp-json\/wp\/v2\/pages\/1507\/revisions\/1765"}],"up":[{"embeddable":true,"href":"https:\/\/hispanicsociety.org\/es\/wp-json\/wp\/v2\/pages\/1452"}],"wp:featuredmedia":[{"embeddable":true,"href":"https:\/\/hispanicsociety.org\/es\/wp-json\/wp\/v2\/media\/723"}],"wp:attachment":[{"href":"https:\/\/hispanicsociety.org\/es\/wp-json\/wp\/v2\/media?parent=1507"}],"curies":[{"name":"wp","href":"https:\/\/api.w.org\/{rel}","templated":true}]}}