{"id":1513,"date":"2025-04-23T09:15:27","date_gmt":"2025-04-23T09:15:27","guid":{"rendered":"https:\/\/hispanicsociety.org\/modern-library\/"},"modified":"2025-04-28T07:54:15","modified_gmt":"2025-04-28T07:54:15","slug":"modern-library","status":"publish","type":"page","link":"https:\/\/hispanicsociety.org\/es\/collections\/library\/modern-library\/","title":{"rendered":"Biblioteca Moderna"},"content":{"rendered":"\r\n<div id=\"text-sections-block_2050e93747af755c8101c718d4324c24\" class=\"block text-sections\">\r\n            <div class=\"text-section site_width one_cols\">\r\n                            <h2 class=\"section_title\">\r\n                    Biblioteca Moderna                <\/h2>\r\n            \r\n                    <\/div>\r\n    <\/div>\r\n\r\n\n\n\r\n<div id=\"fifty-fifty-block_7556866a47a27bd1c764f03279477bfd\" class=\"block site_width related-content\">\r\n\r\n            \r\n        <div class=\"fifty_fifty_cards_grid\">\r\n            <article class=\"single_content_card image_left\">\r\n                <div class=\"content_thumbnail\">\r\n                    <img loading=\"lazy\" decoding=\"async\" width=\"450\" height=\"300\" src=\"https:\/\/hispanicsociety.org\/wp-content\/uploads\/2025\/04\/reading-room-5-jpg-1-450x300.jpg\" class=\"attachment-medium size-medium\" alt=\"\" srcset=\"https:\/\/hispanicsociety.org\/wp-content\/uploads\/2025\/04\/reading-room-5-jpg-1-450x300.jpg 450w, https:\/\/hispanicsociety.org\/wp-content\/uploads\/2025\/04\/reading-room-5-jpg-1-1200x800.jpg 1200w, https:\/\/hispanicsociety.org\/wp-content\/uploads\/2025\/04\/reading-room-5-jpg-1-768x512.jpg 768w, https:\/\/hispanicsociety.org\/wp-content\/uploads\/2025\/04\/reading-room-5-jpg-1-1536x1023.jpg 1536w, https:\/\/hispanicsociety.org\/wp-content\/uploads\/2025\/04\/reading-room-5-jpg-1.jpg 1900w\" sizes=\"auto, (max-width: 450px) 100vw, 450px\" \/>                <\/div>\r\n                <div class=\"content_card_info\">\r\n                    <div class=\"content_card_excerpt\">\r\n                        <p>En l\u00ednea con la misi\u00f3n de la Hispanic Society, las colecciones de la biblioteca cubren la historia, el arte y la literatura de Espa\u00f1a y Latinoam\u00e9rica, adem\u00e1s de contener abundante material sobre la cultura portuguesa, indoportuguesa y filipina.<\/p>\n<p>La Biblioteca Moderna alberga m\u00e1s de trescientas mil monograf\u00edas impresas con posterioridad a 1830, y en torno a mil quinientos t\u00edtulos de revistas, lo cual la convierte en uno de los centros de investigaci\u00f3n sobre el arte, la historia y la literatura espa\u00f1ola, portuguesa y latinoamericana m\u00e1s importantes en suelo estadounidense. Sus fondos son especialmente ricos en historia y cr\u00edtica del Siglo de Oro espa\u00f1ol, y tambi\u00e9n cuentan con un n\u00famero considerable de ediciones y estudios tanto sobre <em>Don Quixote <\/em>como sobre <em>La Celestina<\/em>. Entre sus tesoros se cuentan ediciones pr\u00edncipe de obras de los siglos xix y xx, especialmente de las Generaciones espa\u00f1olas del 98 y el 27.<\/p>\n<p>Desde que la Hispanic Society abri\u00f3 al p\u00fablico por primera vez all\u00e1 por 1908, el patio central hizo las veces de sala de lectura de la biblioteca hasta 1912, momento en que la sala de lectura se traslad\u00f3 a una estructura provisional de una sola planta construida en 1910 en el ala oeste del edificio principal. A partir de entonces, el patio central pas\u00f3 a dedicarse a la exposici\u00f3n de obras de arte. La sala de lectura permaneci\u00f3 en esa estructura provisional hasta 1914, cuando Charles Pratt Huntington inici\u00f3 la construcci\u00f3n de una estructura permanente concebida para las <em>Visiones de Espa\u00f1a <\/em>del artista Joaqu\u00edn Sorolla. Esta nueva estructura sirvi\u00f3 como sala de lectura hasta 1922, cuando el espacio se consagr\u00f3 en exclusiva a la exposici\u00f3n de las <em>Provincias de Espa\u00f1a<\/em>, tambi\u00e9n de Sorolla, y la sala de lectura se traslad\u00f3 una vez m\u00e1s a una estructura de reciente construcci\u00f3n en el ala este del edificio principal. Desde entonces, la sala de lectura ha servido de centro de investigaci\u00f3n para acad\u00e9micos, estudiantes y p\u00fablico general que desean disponer de acceso inmediato a material relacionado con la cultura de los pueblos hisp\u00e1nicos.<\/p>\n                    <\/div>\r\n                                    <\/div>\r\n            <\/article>\r\n        <\/div>\r\n\r\n    \r\n<\/div>\r\n\n\n\r\n<div id=\"related-content-block_7f4d7e7fe7448c2a90913ecd3bfd7a0a\" class=\"block site_width related-content\">\r\n    <h3 class=\"related-content__heading\">Explorar m\u00e1s<\/h3>    <div class=\"content_cards_grid\">\n                    <article class=\"single_content_card\">\n                <div class=\"content_thumbnail\">\n                    <img loading=\"lazy\" decoding=\"async\" width=\"350\" height=\"450\" src=\"https:\/\/hispanicsociety.org\/wp-content\/uploads\/2025\/04\/hc427-46-zapotec-genealogy-scan-trans-detail-alt0-350x450.jpg\" class=\"attachment-medium size-medium wp-post-image\" alt=\"\" srcset=\"https:\/\/hispanicsociety.org\/wp-content\/uploads\/2025\/04\/hc427-46-zapotec-genealogy-scan-trans-detail-alt0-350x450.jpg 350w, https:\/\/hispanicsociety.org\/wp-content\/uploads\/2025\/04\/hc427-46-zapotec-genealogy-scan-trans-detail-alt0-933x1200.jpg 933w, https:\/\/hispanicsociety.org\/wp-content\/uploads\/2025\/04\/hc427-46-zapotec-genealogy-scan-trans-detail-alt0-768x988.jpg 768w, https:\/\/hispanicsociety.org\/wp-content\/uploads\/2025\/04\/hc427-46-zapotec-genealogy-scan-trans-detail-alt0-1194x1536.jpg 1194w, https:\/\/hispanicsociety.org\/wp-content\/uploads\/2025\/04\/hc427-46-zapotec-genealogy-scan-trans-detail-alt0.jpg 1385w\" sizes=\"auto, (max-width: 350px) 100vw, 350px\" \/>                <\/div>\n                <div class=\"content_card_info\">\n                    <div class=\"content_card_title\">\n                        Manuscritos y Libros Raros de Latinoam\u00e9rica y Filipinas                    <\/div>\n                    <div class=\"content_card_excerpt\">\n                                            <\/div>\n                <\/div>\n                <a href=\"https:\/\/hispanicsociety.org\/es\/collections\/library\/latin-american-philippines-manuscripts-and-rare-books\/\" class=\"cta_button small accent\">\n                    Read\n                <\/a>\n            <\/article>\n                    <article class=\"single_content_card\">\n                <div class=\"content_thumbnail\">\n                    <img loading=\"lazy\" decoding=\"async\" width=\"450\" height=\"301\" src=\"https:\/\/hispanicsociety.org\/wp-content\/uploads\/2025\/04\/6-97r-2-1-450x301.jpg\" class=\"attachment-medium size-medium wp-post-image\" alt=\"\" srcset=\"https:\/\/hispanicsociety.org\/wp-content\/uploads\/2025\/04\/6-97r-2-1-450x301.jpg 450w, https:\/\/hispanicsociety.org\/wp-content\/uploads\/2025\/04\/6-97r-2-1-1200x802.jpg 1200w, https:\/\/hispanicsociety.org\/wp-content\/uploads\/2025\/04\/6-97r-2-1-768x513.jpg 768w, https:\/\/hispanicsociety.org\/wp-content\/uploads\/2025\/04\/6-97r-2-1-1536x1027.jpg 1536w, https:\/\/hispanicsociety.org\/wp-content\/uploads\/2025\/04\/6-97r-2-1.jpg 1729w\" sizes=\"auto, (max-width: 450px) 100vw, 450px\" \/>                <\/div>\n                <div class=\"content_card_info\">\n                    <div class=\"content_card_title\">\n                        Mapas, cartas y atlas                    <\/div>\n                    <div class=\"content_card_excerpt\">\n                                            <\/div>\n                <\/div>\n                <a href=\"https:\/\/hispanicsociety.org\/es\/collections\/library\/maps-charts-atlases\/\" class=\"cta_button small accent\">\n                    Read\n                <\/a>\n            <\/article>\n                    <article class=\"single_content_card\">\n                <div class=\"content_thumbnail\">\n                                    <\/div>\n                <div class=\"content_card_info\">\n                    <div class=\"content_card_title\">\n                        Libros Raros (anteriores a 1830)                    <\/div>\n                    <div class=\"content_card_excerpt\">\n                                            <\/div>\n                <\/div>\n                <a href=\"https:\/\/hispanicsociety.org\/es\/collections\/library\/rare-books-pre-1830\/\" class=\"cta_button small accent\">\n                    Read\n                <\/a>\n            <\/article>\n                    <article class=\"single_content_card\">\n                <div class=\"content_thumbnail\">\n                    <img loading=\"lazy\" decoding=\"async\" width=\"307\" height=\"450\" src=\"https:\/\/hispanicsociety.org\/wp-content\/uploads\/2025\/04\/80-codice-otlazpans-307x450.jpg\" class=\"attachment-medium size-medium wp-post-image\" alt=\"\" srcset=\"https:\/\/hispanicsociety.org\/wp-content\/uploads\/2025\/04\/80-codice-otlazpans-307x450.jpg 307w, https:\/\/hispanicsociety.org\/wp-content\/uploads\/2025\/04\/80-codice-otlazpans.jpg 422w\" sizes=\"auto, (max-width: 307px) 100vw, 307px\" \/>                <\/div>\n                <div class=\"content_card_info\">\n                    <div class=\"content_card_title\">\n                        Manuscritos                    <\/div>\n                    <div class=\"content_card_excerpt\">\n                                            <\/div>\n                <\/div>\n                <a href=\"https:\/\/hispanicsociety.org\/es\/collections\/library\/manuscripts\/\" class=\"cta_button small accent\">\n                    Read\n                <\/a>\n            <\/article>\n            <\/div>\n    <\/div>\r\n","protected":false},"excerpt":{"rendered":"","protected":false},"author":2,"featured_media":1119,"parent":1378,"menu_order":0,"comment_status":"closed","ping_status":"closed","template":"","meta":{"_acf_changed":false,"footnotes":""},"class_list":["post-1513","page","type-page","status-publish","has-post-thumbnail","hentry"],"acf":[],"yoast_head":"<!-- This site is optimized with the Yoast SEO plugin v26.9 - https:\/\/yoast.com\/product\/yoast-seo-wordpress\/ -->\n<title>Biblioteca Moderna - Hispanic Society Museum and Library<\/title>\n<meta name=\"robots\" content=\"index, follow, max-snippet:-1, max-image-preview:large, max-video-preview:-1\" \/>\n<link rel=\"canonical\" href=\"https:\/\/hispanicsociety.org\/collections\/library\/modern-library\/\" \/>\n<meta property=\"og:locale\" content=\"es_ES\" \/>\n<meta property=\"og:type\" content=\"article\" \/>\n<meta property=\"og:title\" content=\"Biblioteca Moderna - Hispanic Society Museum and Library\" \/>\n<meta property=\"og:url\" content=\"https:\/\/hispanicsociety.org\/collections\/library\/modern-library\/\" \/>\n<meta property=\"og:site_name\" content=\"Hispanic Society Museum and Library\" \/>\n<meta property=\"article:publisher\" content=\"https:\/\/www.facebook.com\/hispanicsociety\" \/>\n<meta property=\"article:modified_time\" content=\"2025-04-28T07:54:15+00:00\" \/>\n<meta property=\"og:image\" content=\"https:\/\/hispanicsociety.org\/wp-content\/uploads\/2025\/04\/reading-room-5-jpg-1.jpg\" \/>\n\t<meta property=\"og:image:width\" content=\"1900\" \/>\n\t<meta property=\"og:image:height\" content=\"1266\" \/>\n\t<meta property=\"og:image:type\" content=\"image\/jpeg\" \/>\n<meta name=\"twitter:card\" content=\"summary_large_image\" \/>\n<meta name=\"twitter:site\" content=\"@HSAmuseum\" \/>\n<script type=\"application\/ld+json\" class=\"yoast-schema-graph\">{\"@context\":\"https:\/\/schema.org\",\"@graph\":[{\"@type\":\"WebPage\",\"@id\":\"https:\/\/hispanicsociety.org\/collections\/library\/modern-library\/\",\"url\":\"https:\/\/hispanicsociety.org\/collections\/library\/modern-library\/\",\"name\":\"Biblioteca Moderna - Hispanic Society Museum and Library\",\"isPartOf\":{\"@id\":\"https:\/\/hispanicsociety.org\/#website\"},\"primaryImageOfPage\":{\"@id\":\"https:\/\/hispanicsociety.org\/collections\/library\/modern-library\/#primaryimage\"},\"image\":{\"@id\":\"https:\/\/hispanicsociety.org\/collections\/library\/modern-library\/#primaryimage\"},\"thumbnailUrl\":\"https:\/\/hispanicsociety.org\/wp-content\/uploads\/2025\/04\/reading-room-5-jpg-1.jpg\",\"datePublished\":\"2025-04-23T09:15:27+00:00\",\"dateModified\":\"2025-04-28T07:54:15+00:00\",\"breadcrumb\":{\"@id\":\"https:\/\/hispanicsociety.org\/collections\/library\/modern-library\/#breadcrumb\"},\"inLanguage\":\"es\",\"potentialAction\":[{\"@type\":\"ReadAction\",\"target\":[\"https:\/\/hispanicsociety.org\/collections\/library\/modern-library\/\"]}]},{\"@type\":\"ImageObject\",\"inLanguage\":\"es\",\"@id\":\"https:\/\/hispanicsociety.org\/collections\/library\/modern-library\/#primaryimage\",\"url\":\"https:\/\/hispanicsociety.org\/wp-content\/uploads\/2025\/04\/reading-room-5-jpg-1.jpg\",\"contentUrl\":\"https:\/\/hispanicsociety.org\/wp-content\/uploads\/2025\/04\/reading-room-5-jpg-1.jpg\",\"width\":1900,\"height\":1266},{\"@type\":\"BreadcrumbList\",\"@id\":\"https:\/\/hispanicsociety.org\/collections\/library\/modern-library\/#breadcrumb\",\"itemListElement\":[{\"@type\":\"ListItem\",\"position\":1,\"name\":\"Home\",\"item\":\"https:\/\/hispanicsociety.org\/\"},{\"@type\":\"ListItem\",\"position\":2,\"name\":\"Colecciones\",\"item\":\"https:\/\/hispanicsociety.org\/collections\/\"},{\"@type\":\"ListItem\",\"position\":3,\"name\":\"Biblioteca\",\"item\":\"https:\/\/hispanicsociety.org\/collections\/library\/\"},{\"@type\":\"ListItem\",\"position\":4,\"name\":\"Biblioteca Moderna\"}]},{\"@type\":\"WebSite\",\"@id\":\"https:\/\/hispanicsociety.org\/#website\",\"url\":\"https:\/\/hispanicsociety.org\/\",\"name\":\"Hispanic Society Museum and Library\",\"description\":\"\",\"publisher\":{\"@id\":\"https:\/\/hispanicsociety.org\/#organization\"},\"potentialAction\":[{\"@type\":\"SearchAction\",\"target\":{\"@type\":\"EntryPoint\",\"urlTemplate\":\"https:\/\/hispanicsociety.org\/?s={search_term_string}\"},\"query-input\":{\"@type\":\"PropertyValueSpecification\",\"valueRequired\":true,\"valueName\":\"search_term_string\"}}],\"inLanguage\":\"es\"},{\"@type\":\"Organization\",\"@id\":\"https:\/\/hispanicsociety.org\/#organization\",\"name\":\"Hispanic Society Museum and Library\",\"url\":\"https:\/\/hispanicsociety.org\/\",\"logo\":{\"@type\":\"ImageObject\",\"inLanguage\":\"es\",\"@id\":\"https:\/\/hispanicsociety.org\/#\/schema\/logo\/image\/\",\"url\":\"https:\/\/hispanicsociety.org\/wp-content\/uploads\/2025\/03\/hsa-logo-01.webp\",\"contentUrl\":\"https:\/\/hispanicsociety.org\/wp-content\/uploads\/2025\/03\/hsa-logo-01.webp\",\"width\":273,\"height\":68,\"caption\":\"Hispanic Society Museum and Library\"},\"image\":{\"@id\":\"https:\/\/hispanicsociety.org\/#\/schema\/logo\/image\/\"},\"sameAs\":[\"https:\/\/www.facebook.com\/hispanicsociety\",\"https:\/\/x.com\/HSAmuseum\",\"https:\/\/www.instagram.com\/hispanic_society\/\",\"https:\/\/www.youtube.com\/channel\/UCuEmouWL8wEMm24C-ScZwGg\"]}]}<\/script>\n<!-- \/ Yoast SEO plugin. -->","yoast_head_json":{"title":"Biblioteca Moderna - Hispanic Society Museum and Library","robots":{"index":"index","follow":"follow","max-snippet":"max-snippet:-1","max-image-preview":"max-image-preview:large","max-video-preview":"max-video-preview:-1"},"canonical":"https:\/\/hispanicsociety.org\/collections\/library\/modern-library\/","og_locale":"es_ES","og_type":"article","og_title":"Biblioteca Moderna - Hispanic Society Museum and Library","og_url":"https:\/\/hispanicsociety.org\/collections\/library\/modern-library\/","og_site_name":"Hispanic Society Museum and Library","article_publisher":"https:\/\/www.facebook.com\/hispanicsociety","article_modified_time":"2025-04-28T07:54:15+00:00","og_image":[{"width":1900,"height":1266,"url":"https:\/\/hispanicsociety.org\/wp-content\/uploads\/2025\/04\/reading-room-5-jpg-1.jpg","type":"image\/jpeg"}],"twitter_card":"summary_large_image","twitter_site":"@HSAmuseum","schema":{"@context":"https:\/\/schema.org","@graph":[{"@type":"WebPage","@id":"https:\/\/hispanicsociety.org\/collections\/library\/modern-library\/","url":"https:\/\/hispanicsociety.org\/collections\/library\/modern-library\/","name":"Biblioteca Moderna - Hispanic Society Museum and Library","isPartOf":{"@id":"https:\/\/hispanicsociety.org\/#website"},"primaryImageOfPage":{"@id":"https:\/\/hispanicsociety.org\/collections\/library\/modern-library\/#primaryimage"},"image":{"@id":"https:\/\/hispanicsociety.org\/collections\/library\/modern-library\/#primaryimage"},"thumbnailUrl":"https:\/\/hispanicsociety.org\/wp-content\/uploads\/2025\/04\/reading-room-5-jpg-1.jpg","datePublished":"2025-04-23T09:15:27+00:00","dateModified":"2025-04-28T07:54:15+00:00","breadcrumb":{"@id":"https:\/\/hispanicsociety.org\/collections\/library\/modern-library\/#breadcrumb"},"inLanguage":"es","potentialAction":[{"@type":"ReadAction","target":["https:\/\/hispanicsociety.org\/collections\/library\/modern-library\/"]}]},{"@type":"ImageObject","inLanguage":"es","@id":"https:\/\/hispanicsociety.org\/collections\/library\/modern-library\/#primaryimage","url":"https:\/\/hispanicsociety.org\/wp-content\/uploads\/2025\/04\/reading-room-5-jpg-1.jpg","contentUrl":"https:\/\/hispanicsociety.org\/wp-content\/uploads\/2025\/04\/reading-room-5-jpg-1.jpg","width":1900,"height":1266},{"@type":"BreadcrumbList","@id":"https:\/\/hispanicsociety.org\/collections\/library\/modern-library\/#breadcrumb","itemListElement":[{"@type":"ListItem","position":1,"name":"Home","item":"https:\/\/hispanicsociety.org\/"},{"@type":"ListItem","position":2,"name":"Colecciones","item":"https:\/\/hispanicsociety.org\/collections\/"},{"@type":"ListItem","position":3,"name":"Biblioteca","item":"https:\/\/hispanicsociety.org\/collections\/library\/"},{"@type":"ListItem","position":4,"name":"Biblioteca Moderna"}]},{"@type":"WebSite","@id":"https:\/\/hispanicsociety.org\/#website","url":"https:\/\/hispanicsociety.org\/","name":"Hispanic Society Museum and Library","description":"","publisher":{"@id":"https:\/\/hispanicsociety.org\/#organization"},"potentialAction":[{"@type":"SearchAction","target":{"@type":"EntryPoint","urlTemplate":"https:\/\/hispanicsociety.org\/?s={search_term_string}"},"query-input":{"@type":"PropertyValueSpecification","valueRequired":true,"valueName":"search_term_string"}}],"inLanguage":"es"},{"@type":"Organization","@id":"https:\/\/hispanicsociety.org\/#organization","name":"Hispanic Society Museum and Library","url":"https:\/\/hispanicsociety.org\/","logo":{"@type":"ImageObject","inLanguage":"es","@id":"https:\/\/hispanicsociety.org\/#\/schema\/logo\/image\/","url":"https:\/\/hispanicsociety.org\/wp-content\/uploads\/2025\/03\/hsa-logo-01.webp","contentUrl":"https:\/\/hispanicsociety.org\/wp-content\/uploads\/2025\/03\/hsa-logo-01.webp","width":273,"height":68,"caption":"Hispanic Society Museum and Library"},"image":{"@id":"https:\/\/hispanicsociety.org\/#\/schema\/logo\/image\/"},"sameAs":["https:\/\/www.facebook.com\/hispanicsociety","https:\/\/x.com\/HSAmuseum","https:\/\/www.instagram.com\/hispanic_society\/","https:\/\/www.youtube.com\/channel\/UCuEmouWL8wEMm24C-ScZwGg"]}]}},"_links":{"self":[{"href":"https:\/\/hispanicsociety.org\/es\/wp-json\/wp\/v2\/pages\/1513","targetHints":{"allow":["GET"]}}],"collection":[{"href":"https:\/\/hispanicsociety.org\/es\/wp-json\/wp\/v2\/pages"}],"about":[{"href":"https:\/\/hispanicsociety.org\/es\/wp-json\/wp\/v2\/types\/page"}],"author":[{"embeddable":true,"href":"https:\/\/hispanicsociety.org\/es\/wp-json\/wp\/v2\/users\/2"}],"replies":[{"embeddable":true,"href":"https:\/\/hispanicsociety.org\/es\/wp-json\/wp\/v2\/comments?post=1513"}],"version-history":[{"count":2,"href":"https:\/\/hispanicsociety.org\/es\/wp-json\/wp\/v2\/pages\/1513\/revisions"}],"predecessor-version":[{"id":1516,"href":"https:\/\/hispanicsociety.org\/es\/wp-json\/wp\/v2\/pages\/1513\/revisions\/1516"}],"up":[{"embeddable":true,"href":"https:\/\/hispanicsociety.org\/es\/wp-json\/wp\/v2\/pages\/1378"}],"wp:featuredmedia":[{"embeddable":true,"href":"https:\/\/hispanicsociety.org\/es\/wp-json\/wp\/v2\/media\/1119"}],"wp:attachment":[{"href":"https:\/\/hispanicsociety.org\/es\/wp-json\/wp\/v2\/media?parent=1513"}],"curies":[{"name":"wp","href":"https:\/\/api.w.org\/{rel}","templated":true}]}}