{"id":1522,"date":"2025-04-23T09:02:14","date_gmt":"2025-04-23T09:02:14","guid":{"rendered":"https:\/\/hispanicsociety.org\/maps-charts-atlases\/"},"modified":"2025-04-28T08:07:52","modified_gmt":"2025-04-28T08:07:52","slug":"maps-charts-atlases","status":"publish","type":"page","link":"https:\/\/hispanicsociety.org\/es\/collections\/library\/maps-charts-atlases\/","title":{"rendered":"Mapas, cartas y atlas"},"content":{"rendered":"\r\n<div id=\"text-sections-block_811423a1488e2d342313c64b35f30f71\" class=\"block text-sections\">\r\n            <div class=\"text-section site_width one_cols\">\r\n                            <h2 class=\"section_title\">\r\n                    Mapas, cartas y atlas                <\/h2>\r\n            \r\n                    <\/div>\r\n    <\/div>\r\n\r\n\n\n\r\n<div id=\"fifty-fifty-block_9cb32ba9ae8a0ace45a23d64dac2c01b\" class=\"block site_width related-content\">\r\n\r\n            \r\n        <div class=\"fifty_fifty_cards_grid\">\r\n            <article class=\"single_content_card image_right\">\r\n                <div class=\"content_thumbnail\">\r\n                    <img loading=\"lazy\" decoding=\"async\" width=\"450\" height=\"301\" src=\"https:\/\/hispanicsociety.org\/wp-content\/uploads\/2025\/04\/6-97r-2-1-450x301.jpg\" class=\"attachment-medium size-medium\" alt=\"\" srcset=\"https:\/\/hispanicsociety.org\/wp-content\/uploads\/2025\/04\/6-97r-2-1-450x301.jpg 450w, https:\/\/hispanicsociety.org\/wp-content\/uploads\/2025\/04\/6-97r-2-1-1200x802.jpg 1200w, https:\/\/hispanicsociety.org\/wp-content\/uploads\/2025\/04\/6-97r-2-1-768x513.jpg 768w, https:\/\/hispanicsociety.org\/wp-content\/uploads\/2025\/04\/6-97r-2-1-1536x1027.jpg 1536w, https:\/\/hispanicsociety.org\/wp-content\/uploads\/2025\/04\/6-97r-2-1.jpg 1729w\" sizes=\"auto, (max-width: 450px) 100vw, 450px\" \/>                <\/div>\r\n                <div class=\"content_card_info\">\r\n                    <div class=\"content_card_excerpt\">\r\n                        <p>La colecci\u00f3n que posee la Hispanic Society de m\u00e1s de cuarenta mapas y atlas portulanos \u2013o cartas de navegaci\u00f3n manuscritas\u2013, que datan de los siglos xv al xviii, es una de las m\u00e1s hermosas del Nuevo Mundo. Se trata de una colecci\u00f3n compartida entre la Biblioteca y el Departamento de Grabados y Fotograf\u00edas.<\/p>\n<p>El portulano m\u00e1s antiguo, trazado por Jacobus de Giroldis en 1447 en Venecia, tipifica la cartograf\u00eda bajomedieval por su forma de delinear las costas del Mar Mediterr\u00e1neo, el Mar Negro y el Oc\u00e9ano Atl\u00e1ntico. Otros portulanos del Mediterr\u00e1neo, tambi\u00e9n del siglo xv, incluidos en la colecci\u00f3n son una carta de Petrus Roselli fechada en 1468 en Mallorca, y la de 1470 de Nicolaus de Nicolo del Mediterr\u00e1neo oriental, que hace especial hincapi\u00e9 en las islas del Adri\u00e1tico y la laguna de Venecia y es la \u00fanica obra de este cart\u00f3grafo que ha sobrevivido.<\/p>\n                    <\/div>\r\n                                    <\/div>\r\n            <\/article>\r\n        <\/div>\r\n\r\n    \r\n<\/div>\r\n\n\n\r\n<div id=\"fifty-fifty-block_895691822c080df957a2b58bea13ca88\" class=\"block site_width related-content\">\r\n\r\n            \r\n        <div class=\"fifty_fifty_cards_grid\">\r\n            <article class=\"single_content_card image_left\">\r\n                <div class=\"content_thumbnail\">\r\n                    <img loading=\"lazy\" decoding=\"async\" width=\"450\" height=\"233\" src=\"https:\/\/hispanicsociety.org\/wp-content\/uploads\/2025\/04\/horizontal2-450x233.jpg\" class=\"attachment-medium size-medium\" alt=\"\" srcset=\"https:\/\/hispanicsociety.org\/wp-content\/uploads\/2025\/04\/horizontal2-450x233.jpg 450w, https:\/\/hispanicsociety.org\/wp-content\/uploads\/2025\/04\/horizontal2-1200x621.jpg 1200w, https:\/\/hispanicsociety.org\/wp-content\/uploads\/2025\/04\/horizontal2-768x397.jpg 768w, https:\/\/hispanicsociety.org\/wp-content\/uploads\/2025\/04\/horizontal2-1536x795.jpg 1536w, https:\/\/hispanicsociety.org\/wp-content\/uploads\/2025\/04\/horizontal2-2048x1060.jpg 2048w, https:\/\/hispanicsociety.org\/wp-content\/uploads\/2025\/04\/horizontal2-1920x993.jpg 1920w\" sizes=\"auto, (max-width: 450px) 100vw, 450px\" \/>                <\/div>\r\n                <div class=\"content_card_info\">\r\n                    <div class=\"content_card_excerpt\">\r\n                        <p>Las cartas m\u00e1s c\u00e9lebres de la colecci\u00f3n datan de la Era de los Descubrimientos, como el famoso mapamundi creado en Sevilla en 1526 por Juan Vespucio, sobrino de Am\u00e9rico. Tambi\u00e9n encontramos importantes mapas del Nuevo Mundo en un atlas de Giovanni Battista Agnese producido en Venecia en torno a 1550; un atlas de Joan Martines firmado y datado en Mesina en 1562; y un excepcional atlas de alrededor de 1585 elaborado por un cart\u00f3grafo portugu\u00e9s an\u00f3nimo de la escuela de Lu\u00eds Teixeira. Este atlas se distingue porque incluye una de las primeras representaciones de las ricas minas de plata de Potos\u00ed, en Bolivia. Un lugar prominente entre las obras m\u00e1s tard\u00edas ocupan dos atlas de cartas costeras de Brasil fechados en 1670 y 1675, ambos del cart\u00f3grafo portugu\u00e9s Jo\u00e3o Teixeira Albernaz II; y una gu\u00eda de navegaci\u00f3n ilustrada an\u00f3nima, el <em>Derrotero general del Mar del Sur <\/em>(Panam\u00e1, 1684), que muestra la costa del Pac\u00edfico del continente americano. La Hispanic Society tambi\u00e9n posee un mapa de las provincias septentrionales de Nueva Espa\u00f1a \u2013el actual norte de M\u00e9xico y la zona de Estados Unidos al oeste del Misisipi\u2013 creado en M\u00e9xico en 1728 por Francisco \u00c1lvarez Barreiro, que constituye el primer mapa de Texas y el suroeste de Estados Unidos basado en las observaciones directas de un cart\u00f3grafo experto.<\/p>\n                    <\/div>\r\n                                    <\/div>\r\n            <\/article>\r\n        <\/div>\r\n\r\n    \r\n<\/div>\r\n\n\n\r\n<div id=\"related-content-block_f59760f510456c9d44375807bcf911e6\" class=\"block site_width related-content\">\r\n    <h3 class=\"related-content__heading\">Explorar m\u00e1s<\/h3>    <div class=\"content_cards_grid\">\n                    <article class=\"single_content_card\">\n                <div class=\"content_thumbnail\">\n                                    <\/div>\n                <div class=\"content_card_info\">\n                    <div class=\"content_card_title\">\n                        Libros Raros (anteriores a 1830)                    <\/div>\n                    <div class=\"content_card_excerpt\">\n                                            <\/div>\n                <\/div>\n                <a href=\"https:\/\/hispanicsociety.org\/es\/collections\/library\/rare-books-pre-1830\/\" class=\"cta_button small accent\">\n                    Read\n                <\/a>\n            <\/article>\n                    <article class=\"single_content_card\">\n                <div class=\"content_thumbnail\">\n                    <img loading=\"lazy\" decoding=\"async\" width=\"350\" height=\"450\" src=\"https:\/\/hispanicsociety.org\/wp-content\/uploads\/2025\/04\/hc427-46-zapotec-genealogy-scan-trans-detail-alt0-350x450.jpg\" class=\"attachment-medium size-medium wp-post-image\" alt=\"\" srcset=\"https:\/\/hispanicsociety.org\/wp-content\/uploads\/2025\/04\/hc427-46-zapotec-genealogy-scan-trans-detail-alt0-350x450.jpg 350w, https:\/\/hispanicsociety.org\/wp-content\/uploads\/2025\/04\/hc427-46-zapotec-genealogy-scan-trans-detail-alt0-933x1200.jpg 933w, https:\/\/hispanicsociety.org\/wp-content\/uploads\/2025\/04\/hc427-46-zapotec-genealogy-scan-trans-detail-alt0-768x988.jpg 768w, https:\/\/hispanicsociety.org\/wp-content\/uploads\/2025\/04\/hc427-46-zapotec-genealogy-scan-trans-detail-alt0-1194x1536.jpg 1194w, https:\/\/hispanicsociety.org\/wp-content\/uploads\/2025\/04\/hc427-46-zapotec-genealogy-scan-trans-detail-alt0.jpg 1385w\" sizes=\"auto, (max-width: 350px) 100vw, 350px\" \/>                <\/div>\n                <div class=\"content_card_info\">\n                    <div class=\"content_card_title\">\n                        Manuscritos y Libros Raros de Latinoam\u00e9rica y Filipinas                    <\/div>\n                    <div class=\"content_card_excerpt\">\n                                            <\/div>\n                <\/div>\n                <a href=\"https:\/\/hispanicsociety.org\/es\/collections\/library\/latin-american-philippines-manuscripts-and-rare-books\/\" class=\"cta_button small accent\">\n                    Read\n                <\/a>\n            <\/article>\n                    <article class=\"single_content_card\">\n                <div class=\"content_thumbnail\">\n                    <img loading=\"lazy\" decoding=\"async\" width=\"450\" height=\"300\" src=\"https:\/\/hispanicsociety.org\/wp-content\/uploads\/2025\/04\/reading-room-5-jpg-1-450x300.jpg\" class=\"attachment-medium size-medium wp-post-image\" alt=\"\" srcset=\"https:\/\/hispanicsociety.org\/wp-content\/uploads\/2025\/04\/reading-room-5-jpg-1-450x300.jpg 450w, https:\/\/hispanicsociety.org\/wp-content\/uploads\/2025\/04\/reading-room-5-jpg-1-1200x800.jpg 1200w, https:\/\/hispanicsociety.org\/wp-content\/uploads\/2025\/04\/reading-room-5-jpg-1-768x512.jpg 768w, https:\/\/hispanicsociety.org\/wp-content\/uploads\/2025\/04\/reading-room-5-jpg-1-1536x1023.jpg 1536w, https:\/\/hispanicsociety.org\/wp-content\/uploads\/2025\/04\/reading-room-5-jpg-1.jpg 1900w\" sizes=\"auto, (max-width: 450px) 100vw, 450px\" \/>                <\/div>\n                <div class=\"content_card_info\">\n                    <div class=\"content_card_title\">\n                        Biblioteca Moderna                    <\/div>\n                    <div class=\"content_card_excerpt\">\n                                            <\/div>\n                <\/div>\n                <a href=\"https:\/\/hispanicsociety.org\/es\/collections\/library\/modern-library\/\" class=\"cta_button small accent\">\n                    Read\n                <\/a>\n            <\/article>\n                    <article class=\"single_content_card\">\n                <div class=\"content_thumbnail\">\n                    <img loading=\"lazy\" decoding=\"async\" width=\"307\" height=\"450\" src=\"https:\/\/hispanicsociety.org\/wp-content\/uploads\/2025\/04\/80-codice-otlazpans-307x450.jpg\" class=\"attachment-medium size-medium wp-post-image\" alt=\"\" srcset=\"https:\/\/hispanicsociety.org\/wp-content\/uploads\/2025\/04\/80-codice-otlazpans-307x450.jpg 307w, https:\/\/hispanicsociety.org\/wp-content\/uploads\/2025\/04\/80-codice-otlazpans.jpg 422w\" sizes=\"auto, (max-width: 307px) 100vw, 307px\" \/>                <\/div>\n                <div class=\"content_card_info\">\n                    <div class=\"content_card_title\">\n                        Manuscritos                    <\/div>\n                    <div class=\"content_card_excerpt\">\n                                            <\/div>\n                <\/div>\n                <a href=\"https:\/\/hispanicsociety.org\/es\/collections\/library\/manuscripts\/\" class=\"cta_button small accent\">\n                    Read\n                <\/a>\n            <\/article>\n            <\/div>\n    <\/div>\r\n","protected":false},"excerpt":{"rendered":"","protected":false},"author":2,"featured_media":1115,"parent":1378,"menu_order":0,"comment_status":"closed","ping_status":"closed","template":"","meta":{"_acf_changed":false,"footnotes":""},"class_list":["post-1522","page","type-page","status-publish","has-post-thumbnail","hentry"],"acf":[],"yoast_head":"<!-- This site is optimized with the Yoast SEO plugin v26.9 - https:\/\/yoast.com\/product\/yoast-seo-wordpress\/ -->\n<title>Mapas, cartas y atlas - Hispanic Society Museum and Library<\/title>\n<meta name=\"robots\" content=\"index, follow, max-snippet:-1, max-image-preview:large, max-video-preview:-1\" \/>\n<link rel=\"canonical\" href=\"https:\/\/hispanicsociety.org\/collections\/library\/maps-charts-atlases\/\" \/>\n<meta property=\"og:locale\" content=\"es_ES\" \/>\n<meta property=\"og:type\" content=\"article\" \/>\n<meta property=\"og:title\" content=\"Mapas, cartas y atlas - Hispanic Society Museum and Library\" \/>\n<meta property=\"og:url\" content=\"https:\/\/hispanicsociety.org\/collections\/library\/maps-charts-atlases\/\" \/>\n<meta property=\"og:site_name\" content=\"Hispanic Society Museum and Library\" \/>\n<meta property=\"article:publisher\" content=\"https:\/\/www.facebook.com\/hispanicsociety\" \/>\n<meta property=\"article:modified_time\" content=\"2025-04-28T08:07:52+00:00\" \/>\n<meta property=\"og:image\" content=\"https:\/\/hispanicsociety.org\/wp-content\/uploads\/2025\/04\/6-97r-2-1.jpg\" \/>\n\t<meta property=\"og:image:width\" content=\"1729\" \/>\n\t<meta property=\"og:image:height\" content=\"1156\" \/>\n\t<meta property=\"og:image:type\" content=\"image\/jpeg\" \/>\n<meta name=\"twitter:card\" content=\"summary_large_image\" \/>\n<meta name=\"twitter:site\" content=\"@HSAmuseum\" \/>\n<script type=\"application\/ld+json\" class=\"yoast-schema-graph\">{\"@context\":\"https:\/\/schema.org\",\"@graph\":[{\"@type\":\"WebPage\",\"@id\":\"https:\/\/hispanicsociety.org\/collections\/library\/maps-charts-atlases\/\",\"url\":\"https:\/\/hispanicsociety.org\/collections\/library\/maps-charts-atlases\/\",\"name\":\"Mapas, cartas y atlas - Hispanic Society Museum and Library\",\"isPartOf\":{\"@id\":\"https:\/\/hispanicsociety.org\/#website\"},\"primaryImageOfPage\":{\"@id\":\"https:\/\/hispanicsociety.org\/collections\/library\/maps-charts-atlases\/#primaryimage\"},\"image\":{\"@id\":\"https:\/\/hispanicsociety.org\/collections\/library\/maps-charts-atlases\/#primaryimage\"},\"thumbnailUrl\":\"https:\/\/hispanicsociety.org\/wp-content\/uploads\/2025\/04\/6-97r-2-1.jpg\",\"datePublished\":\"2025-04-23T09:02:14+00:00\",\"dateModified\":\"2025-04-28T08:07:52+00:00\",\"breadcrumb\":{\"@id\":\"https:\/\/hispanicsociety.org\/collections\/library\/maps-charts-atlases\/#breadcrumb\"},\"inLanguage\":\"es\",\"potentialAction\":[{\"@type\":\"ReadAction\",\"target\":[\"https:\/\/hispanicsociety.org\/collections\/library\/maps-charts-atlases\/\"]}]},{\"@type\":\"ImageObject\",\"inLanguage\":\"es\",\"@id\":\"https:\/\/hispanicsociety.org\/collections\/library\/maps-charts-atlases\/#primaryimage\",\"url\":\"https:\/\/hispanicsociety.org\/wp-content\/uploads\/2025\/04\/6-97r-2-1.jpg\",\"contentUrl\":\"https:\/\/hispanicsociety.org\/wp-content\/uploads\/2025\/04\/6-97r-2-1.jpg\",\"width\":1729,\"height\":1156},{\"@type\":\"BreadcrumbList\",\"@id\":\"https:\/\/hispanicsociety.org\/collections\/library\/maps-charts-atlases\/#breadcrumb\",\"itemListElement\":[{\"@type\":\"ListItem\",\"position\":1,\"name\":\"Home\",\"item\":\"https:\/\/hispanicsociety.org\/\"},{\"@type\":\"ListItem\",\"position\":2,\"name\":\"Colecciones\",\"item\":\"https:\/\/hispanicsociety.org\/collections\/\"},{\"@type\":\"ListItem\",\"position\":3,\"name\":\"Biblioteca\",\"item\":\"https:\/\/hispanicsociety.org\/collections\/library\/\"},{\"@type\":\"ListItem\",\"position\":4,\"name\":\"Mapas, cartas y atlas\"}]},{\"@type\":\"WebSite\",\"@id\":\"https:\/\/hispanicsociety.org\/#website\",\"url\":\"https:\/\/hispanicsociety.org\/\",\"name\":\"Hispanic Society Museum and Library\",\"description\":\"\",\"publisher\":{\"@id\":\"https:\/\/hispanicsociety.org\/#organization\"},\"potentialAction\":[{\"@type\":\"SearchAction\",\"target\":{\"@type\":\"EntryPoint\",\"urlTemplate\":\"https:\/\/hispanicsociety.org\/?s={search_term_string}\"},\"query-input\":{\"@type\":\"PropertyValueSpecification\",\"valueRequired\":true,\"valueName\":\"search_term_string\"}}],\"inLanguage\":\"es\"},{\"@type\":\"Organization\",\"@id\":\"https:\/\/hispanicsociety.org\/#organization\",\"name\":\"Hispanic Society Museum and Library\",\"url\":\"https:\/\/hispanicsociety.org\/\",\"logo\":{\"@type\":\"ImageObject\",\"inLanguage\":\"es\",\"@id\":\"https:\/\/hispanicsociety.org\/#\/schema\/logo\/image\/\",\"url\":\"https:\/\/hispanicsociety.org\/wp-content\/uploads\/2025\/03\/hsa-logo-01.webp\",\"contentUrl\":\"https:\/\/hispanicsociety.org\/wp-content\/uploads\/2025\/03\/hsa-logo-01.webp\",\"width\":273,\"height\":68,\"caption\":\"Hispanic Society Museum and Library\"},\"image\":{\"@id\":\"https:\/\/hispanicsociety.org\/#\/schema\/logo\/image\/\"},\"sameAs\":[\"https:\/\/www.facebook.com\/hispanicsociety\",\"https:\/\/x.com\/HSAmuseum\",\"https:\/\/www.instagram.com\/hispanic_society\/\",\"https:\/\/www.youtube.com\/channel\/UCuEmouWL8wEMm24C-ScZwGg\"]}]}<\/script>\n<!-- \/ Yoast SEO plugin. -->","yoast_head_json":{"title":"Mapas, cartas y atlas - Hispanic Society Museum and Library","robots":{"index":"index","follow":"follow","max-snippet":"max-snippet:-1","max-image-preview":"max-image-preview:large","max-video-preview":"max-video-preview:-1"},"canonical":"https:\/\/hispanicsociety.org\/collections\/library\/maps-charts-atlases\/","og_locale":"es_ES","og_type":"article","og_title":"Mapas, cartas y atlas - Hispanic Society Museum and Library","og_url":"https:\/\/hispanicsociety.org\/collections\/library\/maps-charts-atlases\/","og_site_name":"Hispanic Society Museum and Library","article_publisher":"https:\/\/www.facebook.com\/hispanicsociety","article_modified_time":"2025-04-28T08:07:52+00:00","og_image":[{"width":1729,"height":1156,"url":"https:\/\/hispanicsociety.org\/wp-content\/uploads\/2025\/04\/6-97r-2-1.jpg","type":"image\/jpeg"}],"twitter_card":"summary_large_image","twitter_site":"@HSAmuseum","schema":{"@context":"https:\/\/schema.org","@graph":[{"@type":"WebPage","@id":"https:\/\/hispanicsociety.org\/collections\/library\/maps-charts-atlases\/","url":"https:\/\/hispanicsociety.org\/collections\/library\/maps-charts-atlases\/","name":"Mapas, cartas y atlas - Hispanic Society Museum and Library","isPartOf":{"@id":"https:\/\/hispanicsociety.org\/#website"},"primaryImageOfPage":{"@id":"https:\/\/hispanicsociety.org\/collections\/library\/maps-charts-atlases\/#primaryimage"},"image":{"@id":"https:\/\/hispanicsociety.org\/collections\/library\/maps-charts-atlases\/#primaryimage"},"thumbnailUrl":"https:\/\/hispanicsociety.org\/wp-content\/uploads\/2025\/04\/6-97r-2-1.jpg","datePublished":"2025-04-23T09:02:14+00:00","dateModified":"2025-04-28T08:07:52+00:00","breadcrumb":{"@id":"https:\/\/hispanicsociety.org\/collections\/library\/maps-charts-atlases\/#breadcrumb"},"inLanguage":"es","potentialAction":[{"@type":"ReadAction","target":["https:\/\/hispanicsociety.org\/collections\/library\/maps-charts-atlases\/"]}]},{"@type":"ImageObject","inLanguage":"es","@id":"https:\/\/hispanicsociety.org\/collections\/library\/maps-charts-atlases\/#primaryimage","url":"https:\/\/hispanicsociety.org\/wp-content\/uploads\/2025\/04\/6-97r-2-1.jpg","contentUrl":"https:\/\/hispanicsociety.org\/wp-content\/uploads\/2025\/04\/6-97r-2-1.jpg","width":1729,"height":1156},{"@type":"BreadcrumbList","@id":"https:\/\/hispanicsociety.org\/collections\/library\/maps-charts-atlases\/#breadcrumb","itemListElement":[{"@type":"ListItem","position":1,"name":"Home","item":"https:\/\/hispanicsociety.org\/"},{"@type":"ListItem","position":2,"name":"Colecciones","item":"https:\/\/hispanicsociety.org\/collections\/"},{"@type":"ListItem","position":3,"name":"Biblioteca","item":"https:\/\/hispanicsociety.org\/collections\/library\/"},{"@type":"ListItem","position":4,"name":"Mapas, cartas y atlas"}]},{"@type":"WebSite","@id":"https:\/\/hispanicsociety.org\/#website","url":"https:\/\/hispanicsociety.org\/","name":"Hispanic Society Museum and Library","description":"","publisher":{"@id":"https:\/\/hispanicsociety.org\/#organization"},"potentialAction":[{"@type":"SearchAction","target":{"@type":"EntryPoint","urlTemplate":"https:\/\/hispanicsociety.org\/?s={search_term_string}"},"query-input":{"@type":"PropertyValueSpecification","valueRequired":true,"valueName":"search_term_string"}}],"inLanguage":"es"},{"@type":"Organization","@id":"https:\/\/hispanicsociety.org\/#organization","name":"Hispanic Society Museum and Library","url":"https:\/\/hispanicsociety.org\/","logo":{"@type":"ImageObject","inLanguage":"es","@id":"https:\/\/hispanicsociety.org\/#\/schema\/logo\/image\/","url":"https:\/\/hispanicsociety.org\/wp-content\/uploads\/2025\/03\/hsa-logo-01.webp","contentUrl":"https:\/\/hispanicsociety.org\/wp-content\/uploads\/2025\/03\/hsa-logo-01.webp","width":273,"height":68,"caption":"Hispanic Society Museum and Library"},"image":{"@id":"https:\/\/hispanicsociety.org\/#\/schema\/logo\/image\/"},"sameAs":["https:\/\/www.facebook.com\/hispanicsociety","https:\/\/x.com\/HSAmuseum","https:\/\/www.instagram.com\/hispanic_society\/","https:\/\/www.youtube.com\/channel\/UCuEmouWL8wEMm24C-ScZwGg"]}]}},"_links":{"self":[{"href":"https:\/\/hispanicsociety.org\/es\/wp-json\/wp\/v2\/pages\/1522","targetHints":{"allow":["GET"]}}],"collection":[{"href":"https:\/\/hispanicsociety.org\/es\/wp-json\/wp\/v2\/pages"}],"about":[{"href":"https:\/\/hispanicsociety.org\/es\/wp-json\/wp\/v2\/types\/page"}],"author":[{"embeddable":true,"href":"https:\/\/hispanicsociety.org\/es\/wp-json\/wp\/v2\/users\/2"}],"replies":[{"embeddable":true,"href":"https:\/\/hispanicsociety.org\/es\/wp-json\/wp\/v2\/comments?post=1522"}],"version-history":[{"count":1,"href":"https:\/\/hispanicsociety.org\/es\/wp-json\/wp\/v2\/pages\/1522\/revisions"}],"predecessor-version":[{"id":1524,"href":"https:\/\/hispanicsociety.org\/es\/wp-json\/wp\/v2\/pages\/1522\/revisions\/1524"}],"up":[{"embeddable":true,"href":"https:\/\/hispanicsociety.org\/es\/wp-json\/wp\/v2\/pages\/1378"}],"wp:featuredmedia":[{"embeddable":true,"href":"https:\/\/hispanicsociety.org\/es\/wp-json\/wp\/v2\/media\/1115"}],"wp:attachment":[{"href":"https:\/\/hispanicsociety.org\/es\/wp-json\/wp\/v2\/media?parent=1522"}],"curies":[{"name":"wp","href":"https:\/\/api.w.org\/{rel}","templated":true}]}}