{"id":1543,"date":"2025-03-23T09:13:46","date_gmt":"2025-03-23T09:13:46","guid":{"rendered":"https:\/\/hispanicsociety.org\/support-us\/our-supporters\/"},"modified":"2025-04-28T08:37:22","modified_gmt":"2025-04-28T08:37:22","slug":"our-supporters","status":"publish","type":"page","link":"https:\/\/hispanicsociety.org\/es\/support-us\/our-supporters\/","title":{"rendered":"Nuestros Patrocinadores"},"content":{"rendered":"\r\n<div id=\"full-width-image-block_f94c50af37a20e7d04159e6865bf1141\" class=\"block full-width-image height_half\">\r\n            <div class=\"image_container\">\r\n            <figure class=\"\">\r\n                <img loading=\"lazy\" decoding=\"async\" width=\"600\" height=\"360\" src=\"https:\/\/hispanicsociety.org\/wp-content\/uploads\/2025\/04\/a1805_sorolla_vision_valencia.jpg\" class=\"\" alt=\"\" srcset=\"https:\/\/hispanicsociety.org\/wp-content\/uploads\/2025\/04\/a1805_sorolla_vision_valencia.jpg 600w, https:\/\/hispanicsociety.org\/wp-content\/uploads\/2025\/04\/a1805_sorolla_vision_valencia-450x270.jpg 450w\" sizes=\"auto, (max-width: 600px) 100vw, 600px\" \/>            <\/figure>\r\n                            <figcaption class=\"\">\r\n                    VISI\u00d3N DE ESPA\u00d1A, VALENCIA LAS GRUPAS, 1916 Joaqu\u00edn Sorolla                <\/figcaption>\r\n                    <\/div>\r\n    <\/div>\r\n\n\n\r\n<div id=\"text-sections-block_164cec5330e451bb23e3b9883ed127dc\" class=\"block text-sections\">\r\n            <div class=\"text-section site_width one_cols\">\r\n                            <h2 class=\"section_title\">\r\n                    Nuestros Patrocinadores                <\/h2>\r\n            \r\n                            <div class=\"text_content\">\r\n                    <p>Estamos profundamente agradecidos por su generosidad a las personas, fundaciones y sociedades que nos ayudan a llevar a cabo nuestra misi\u00f3n de cuidar las extraordinarias colecciones de la Hispanic Society, y ofrecer exposiciones y programas gratuitos de primera calidad que atraigan al p\u00fablico por la creatividad, los conocimientos y las ideas sobre el arte, la literatura y la cultura del mundo hisp\u00e1nico. Las siguientes donaciones y subvenciones de 500\u00a0$ o superiores a lo largo del ejercicio fiscal 2016 (1 de octubre de 2015 \u2013 20 de septiembre de 2016) y las aportaciones realizadas a la Gala Anual 2016 han contribuido al funcionamiento general de la instituci\u00f3n; a los programas educativos y p\u00fablicos; a la investigaci\u00f3n; la conservaci\u00f3n; al cuidado, estudio y exhibici\u00f3n de nuestra colecci\u00f3n; as\u00ed como al Plan Maestro de Mejora.<\/p>\n<p>&nbsp;<\/p>\n<h3>Patrocinadores Corporativos<\/h3>\n                <\/div>\r\n                    <\/div>\r\n    <\/div>\r\n\r\n\n\n<div class=\"wp-block-image\">\n<figure class=\"aligncenter size-large\"><img loading=\"lazy\" decoding=\"async\" width=\"1200\" height=\"376\" src=\"https:\/\/hispanicsociety.org\/wp-content\/uploads\/2025\/04\/bloomberg-philanthropies-logo-1200x376.png\" alt=\"\" class=\"wp-image-1051\" srcset=\"https:\/\/hispanicsociety.org\/wp-content\/uploads\/2025\/04\/bloomberg-philanthropies-logo-1200x376.png 1200w, https:\/\/hispanicsociety.org\/wp-content\/uploads\/2025\/04\/bloomberg-philanthropies-logo-450x141.png 450w, https:\/\/hispanicsociety.org\/wp-content\/uploads\/2025\/04\/bloomberg-philanthropies-logo-768x240.png 768w, https:\/\/hispanicsociety.org\/wp-content\/uploads\/2025\/04\/bloomberg-philanthropies-logo.png 1441w\" sizes=\"auto, (max-width: 1200px) 100vw, 1200px\" \/><\/figure>\n<\/div>\n\n<div class=\"wp-block-image\">\n<figure class=\"aligncenter size-large\"><img loading=\"lazy\" decoding=\"async\" width=\"1200\" height=\"524\" src=\"https:\/\/hispanicsociety.org\/wp-content\/uploads\/2025\/04\/kering-logo-1200x524.png\" alt=\"\" class=\"wp-image-1053\" srcset=\"https:\/\/hispanicsociety.org\/wp-content\/uploads\/2025\/04\/kering-logo-1200x524.png 1200w, https:\/\/hispanicsociety.org\/wp-content\/uploads\/2025\/04\/kering-logo-450x196.png 450w, https:\/\/hispanicsociety.org\/wp-content\/uploads\/2025\/04\/kering-logo-768x335.png 768w, https:\/\/hispanicsociety.org\/wp-content\/uploads\/2025\/04\/kering-logo.png 1450w\" sizes=\"auto, (max-width: 1200px) 100vw, 1200px\" \/><\/figure>\n<\/div>\n\n<div class=\"wp-block-image\">\n<figure class=\"aligncenter size-large\"><img loading=\"lazy\" decoding=\"async\" width=\"1200\" height=\"304\" src=\"https:\/\/hispanicsociety.org\/wp-content\/uploads\/2025\/04\/columbia-u-logo-jpeg-1200x304.jpeg\" alt=\"\" class=\"wp-image-1055\" srcset=\"https:\/\/hispanicsociety.org\/wp-content\/uploads\/2025\/04\/columbia-u-logo-jpeg-1200x304.jpeg 1200w, https:\/\/hispanicsociety.org\/wp-content\/uploads\/2025\/04\/columbia-u-logo-jpeg-450x114.jpeg 450w, https:\/\/hispanicsociety.org\/wp-content\/uploads\/2025\/04\/columbia-u-logo-jpeg-768x194.jpeg 768w, https:\/\/hispanicsociety.org\/wp-content\/uploads\/2025\/04\/columbia-u-logo-jpeg.jpeg 1402w\" sizes=\"auto, (max-width: 1200px) 100vw, 1200px\" \/><\/figure>\n<\/div>\n\n<div class=\"wp-block-image\">\n<figure class=\"aligncenter size-large\"><img loading=\"lazy\" decoding=\"async\" width=\"1200\" height=\"394\" src=\"https:\/\/hispanicsociety.org\/wp-content\/uploads\/2025\/04\/logo-perez-llorca-1200x394.jpg\" alt=\"\" class=\"wp-image-1057\" srcset=\"https:\/\/hispanicsociety.org\/wp-content\/uploads\/2025\/04\/logo-perez-llorca-1200x394.jpg 1200w, https:\/\/hispanicsociety.org\/wp-content\/uploads\/2025\/04\/logo-perez-llorca-450x148.jpg 450w, https:\/\/hispanicsociety.org\/wp-content\/uploads\/2025\/04\/logo-perez-llorca-768x252.jpg 768w, https:\/\/hispanicsociety.org\/wp-content\/uploads\/2025\/04\/logo-perez-llorca-1536x505.jpg 1536w, https:\/\/hispanicsociety.org\/wp-content\/uploads\/2025\/04\/logo-perez-llorca.jpg 1787w\" sizes=\"auto, (max-width: 1200px) 100vw, 1200px\" \/><\/figure>\n<\/div>\n\n<div class=\"wp-block-image\">\n<figure class=\"aligncenter size-large\"><img loading=\"lazy\" decoding=\"async\" width=\"1200\" height=\"433\" src=\"https:\/\/hispanicsociety.org\/wp-content\/uploads\/2025\/04\/nar_logo-jpeg-scaled-1-1200x433.jpeg\" alt=\"\" class=\"wp-image-1059\" srcset=\"https:\/\/hispanicsociety.org\/wp-content\/uploads\/2025\/04\/nar_logo-jpeg-scaled-1-1200x433.jpeg 1200w, https:\/\/hispanicsociety.org\/wp-content\/uploads\/2025\/04\/nar_logo-jpeg-scaled-1-450x162.jpeg 450w, https:\/\/hispanicsociety.org\/wp-content\/uploads\/2025\/04\/nar_logo-jpeg-scaled-1-768x277.jpeg 768w, https:\/\/hispanicsociety.org\/wp-content\/uploads\/2025\/04\/nar_logo-jpeg-scaled-1-1536x554.jpeg 1536w, https:\/\/hispanicsociety.org\/wp-content\/uploads\/2025\/04\/nar_logo-jpeg-scaled-1-2048x738.jpeg 2048w, https:\/\/hispanicsociety.org\/wp-content\/uploads\/2025\/04\/nar_logo-jpeg-scaled-1-1920x692.jpeg 1920w\" sizes=\"auto, (max-width: 1200px) 100vw, 1200px\" \/><\/figure>\n<\/div>\n\n<div class=\"wp-block-image\">\n<figure class=\"aligncenter size-full\"><img loading=\"lazy\" decoding=\"async\" width=\"678\" height=\"267\" src=\"https:\/\/hispanicsociety.org\/wp-content\/uploads\/2025\/04\/blancoblack.png\" alt=\"\" class=\"wp-image-1061\" srcset=\"https:\/\/hispanicsociety.org\/wp-content\/uploads\/2025\/04\/blancoblack.png 678w, https:\/\/hispanicsociety.org\/wp-content\/uploads\/2025\/04\/blancoblack-450x177.png 450w\" sizes=\"auto, (max-width: 678px) 100vw, 678px\" \/><\/figure>\n<\/div>\n\n\r\n<div id=\"text-sections-block_8b328af09063625d8b32569f594805d7\" class=\"block text-sections\">\r\n            <div class=\"text-section site_width one_cols\">\r\n            \r\n                            <div class=\"text_content\">\r\n                    <p><em>La Hispanic Society of America hace todo lo posible por garantizar la exactitud de su relaci\u00f3n de patrocinadores. Para comunicar un error u omisi\u00f3n en esta lista, p\u00f3ngase en contacto con la Oficina de Desarrollo en el n\u00famero (212) 926-2234, extensi\u00f3n 247, o en la direcci\u00f3n <a href=\"mailto:development@wordpress-1222768-4350958.cloudwaysapps.com\">development@wordpress-1222768-4350958.cloudwaysapps.com.<\/a> Le ofrecemos nuestras m\u00e1s sinceras disculpas por cualesquiera imprecisiones.<\/em><\/p>\n                <\/div>\r\n                    <\/div>\r\n    <\/div>\r\n\r\n\n\n\r\n<div id=\"related-content-block_25f39f93a834bff5e26c6663db8cb6f3\" class=\"block site_width related-content\">\r\n    <h3 class=\"related-content__heading\">Explorar m\u00e1s<\/h3>    <div class=\"content_cards_grid\">\n                    <article class=\"single_content_card\">\n                <div class=\"content_thumbnail\">\n                    <img loading=\"lazy\" decoding=\"async\" width=\"450\" height=\"300\" src=\"https:\/\/hispanicsociety.org\/wp-content\/uploads\/2025\/04\/annualfund_dsc0805-2-1-450x300.jpg\" class=\"attachment-medium size-medium wp-post-image\" alt=\"\" srcset=\"https:\/\/hispanicsociety.org\/wp-content\/uploads\/2025\/04\/annualfund_dsc0805-2-1-450x300.jpg 450w, https:\/\/hispanicsociety.org\/wp-content\/uploads\/2025\/04\/annualfund_dsc0805-2-1-1200x800.jpg 1200w, https:\/\/hispanicsociety.org\/wp-content\/uploads\/2025\/04\/annualfund_dsc0805-2-1-768x512.jpg 768w, https:\/\/hispanicsociety.org\/wp-content\/uploads\/2025\/04\/annualfund_dsc0805-2-1-1536x1024.jpg 1536w, https:\/\/hispanicsociety.org\/wp-content\/uploads\/2025\/04\/annualfund_dsc0805-2-1-2048x1365.jpg 2048w, https:\/\/hispanicsociety.org\/wp-content\/uploads\/2025\/04\/annualfund_dsc0805-2-1-1920x1280.jpg 1920w\" sizes=\"auto, (max-width: 450px) 100vw, 450px\" \/>                <\/div>\n                <div class=\"content_card_info\">\n                    <div class=\"content_card_title\">\n                        Hacer un Regalo                    <\/div>\n                    <div class=\"content_card_excerpt\">\n                                            <\/div>\n                <\/div>\n                <a href=\"https:\/\/hispanicsociety.org\/es\/support-us\/make-a-gift\/\" class=\"cta_button small accent\">\n                    Read\n                <\/a>\n            <\/article>\n                    <article class=\"single_content_card\">\n                <div class=\"content_thumbnail\">\n                    <img loading=\"lazy\" decoding=\"async\" width=\"450\" height=\"300\" src=\"https:\/\/hispanicsociety.org\/wp-content\/uploads\/2025\/04\/corporateandprivate_sala-bancaja-450x300.jpg\" class=\"attachment-medium size-medium wp-post-image\" alt=\"\" srcset=\"https:\/\/hispanicsociety.org\/wp-content\/uploads\/2025\/04\/corporateandprivate_sala-bancaja-450x300.jpg 450w, https:\/\/hispanicsociety.org\/wp-content\/uploads\/2025\/04\/corporateandprivate_sala-bancaja-1200x800.jpg 1200w, https:\/\/hispanicsociety.org\/wp-content\/uploads\/2025\/04\/corporateandprivate_sala-bancaja-768x512.jpg 768w, https:\/\/hispanicsociety.org\/wp-content\/uploads\/2025\/04\/corporateandprivate_sala-bancaja-1536x1024.jpg 1536w, https:\/\/hispanicsociety.org\/wp-content\/uploads\/2025\/04\/corporateandprivate_sala-bancaja-2048x1365.jpg 2048w, https:\/\/hispanicsociety.org\/wp-content\/uploads\/2025\/04\/corporateandprivate_sala-bancaja-1920x1280.jpg 1920w\" sizes=\"auto, (max-width: 450px) 100vw, 450px\" \/>                <\/div>\n                <div class=\"content_card_info\">\n                    <div class=\"content_card_title\">\n                        Entretenimiento en la HSML                    <\/div>\n                    <div class=\"content_card_excerpt\">\n                                            <\/div>\n                <\/div>\n                <a href=\"https:\/\/hispanicsociety.org\/es\/support-us\/entertaining-at-hsml\/\" class=\"cta_button small accent\">\n                    Read\n                <\/a>\n            <\/article>\n                    <article class=\"single_content_card\">\n                <div class=\"content_thumbnail\">\n                    <img loading=\"lazy\" decoding=\"async\" width=\"450\" height=\"300\" src=\"https:\/\/hispanicsociety.org\/wp-content\/uploads\/2025\/05\/GalaHSA280-450x300.jpg\" class=\"attachment-medium size-medium wp-post-image\" alt=\"\" srcset=\"https:\/\/hispanicsociety.org\/wp-content\/uploads\/2025\/05\/GalaHSA280-450x300.jpg 450w, https:\/\/hispanicsociety.org\/wp-content\/uploads\/2025\/05\/GalaHSA280-1200x800.jpg 1200w, https:\/\/hispanicsociety.org\/wp-content\/uploads\/2025\/05\/GalaHSA280-768x512.jpg 768w, https:\/\/hispanicsociety.org\/wp-content\/uploads\/2025\/05\/GalaHSA280-1536x1025.jpg 1536w, https:\/\/hispanicsociety.org\/wp-content\/uploads\/2025\/05\/GalaHSA280-2048x1366.jpg 2048w, https:\/\/hispanicsociety.org\/wp-content\/uploads\/2025\/05\/GalaHSA280-1920x1281.jpg 1920w\" sizes=\"auto, (max-width: 450px) 100vw, 450px\" \/>                <\/div>\n                <div class=\"content_card_info\">\n                    <div class=\"content_card_title\">\n                        Gala                    <\/div>\n                    <div class=\"content_card_excerpt\">\n                                            <\/div>\n                <\/div>\n                <a href=\"https:\/\/hispanicsociety.org\/es\/support-us\/gala\/\" class=\"cta_button small accent\">\n                    Read\n                <\/a>\n            <\/article>\n                    <article class=\"single_content_card\">\n                <div class=\"content_thumbnail\">\n                    <img loading=\"lazy\" decoding=\"async\" width=\"450\" height=\"319\" src=\"https:\/\/hispanicsociety.org\/wp-content\/uploads\/2025\/04\/a295_anglada-girls-of-burriana-450x319.jpg\" class=\"attachment-medium size-medium wp-post-image\" alt=\"\" srcset=\"https:\/\/hispanicsociety.org\/wp-content\/uploads\/2025\/04\/a295_anglada-girls-of-burriana-450x319.jpg 450w, https:\/\/hispanicsociety.org\/wp-content\/uploads\/2025\/04\/a295_anglada-girls-of-burriana-768x545.jpg 768w, https:\/\/hispanicsociety.org\/wp-content\/uploads\/2025\/04\/a295_anglada-girls-of-burriana.jpg 1100w\" sizes=\"auto, (max-width: 450px) 100vw, 450px\" \/>                <\/div>\n                <div class=\"content_card_info\">\n                    <div class=\"content_card_title\">\n                        Otras formas de apoyar a la HSA                    <\/div>\n                    <div class=\"content_card_excerpt\">\n                                            <\/div>\n                <\/div>\n                <a href=\"https:\/\/hispanicsociety.org\/es\/support-us\/other-ways-to-give\/\" class=\"cta_button small accent\">\n                    Read\n                <\/a>\n            <\/article>\n            <\/div>\n    <\/div>\r\n","protected":false},"excerpt":{"rendered":"","protected":false},"author":1,"featured_media":1030,"parent":1416,"menu_order":0,"comment_status":"closed","ping_status":"closed","template":"","meta":{"_acf_changed":false,"footnotes":""},"class_list":["post-1543","page","type-page","status-publish","has-post-thumbnail","hentry"],"acf":[],"yoast_head":"<!-- This site is optimized with the Yoast SEO plugin v26.9 - https:\/\/yoast.com\/product\/yoast-seo-wordpress\/ -->\n<title>Nuestros Patrocinadores - Hispanic Society Museum and Library<\/title>\n<meta name=\"robots\" content=\"index, follow, max-snippet:-1, max-image-preview:large, max-video-preview:-1\" \/>\n<link rel=\"canonical\" href=\"https:\/\/hispanicsociety.org\/support-us\/our-supporters\/\" \/>\n<meta property=\"og:locale\" content=\"es_ES\" \/>\n<meta property=\"og:type\" content=\"article\" \/>\n<meta property=\"og:title\" content=\"Nuestros Patrocinadores - Hispanic Society Museum and Library\" \/>\n<meta property=\"og:url\" content=\"https:\/\/hispanicsociety.org\/support-us\/our-supporters\/\" \/>\n<meta property=\"og:site_name\" content=\"Hispanic Society Museum and Library\" \/>\n<meta property=\"article:publisher\" content=\"https:\/\/www.facebook.com\/hispanicsociety\" \/>\n<meta property=\"article:modified_time\" content=\"2025-04-28T08:37:22+00:00\" \/>\n<meta property=\"og:image\" content=\"https:\/\/hispanicsociety.org\/wp-content\/uploads\/2025\/04\/a1805_sorolla_vision_valencia.jpg\" \/>\n\t<meta property=\"og:image:width\" content=\"600\" \/>\n\t<meta property=\"og:image:height\" content=\"360\" \/>\n\t<meta property=\"og:image:type\" content=\"image\/jpeg\" \/>\n<meta name=\"twitter:card\" content=\"summary_large_image\" \/>\n<meta name=\"twitter:site\" content=\"@HSAmuseum\" \/>\n<script type=\"application\/ld+json\" class=\"yoast-schema-graph\">{\"@context\":\"https:\/\/schema.org\",\"@graph\":[{\"@type\":\"WebPage\",\"@id\":\"https:\/\/hispanicsociety.org\/support-us\/our-supporters\/\",\"url\":\"https:\/\/hispanicsociety.org\/support-us\/our-supporters\/\",\"name\":\"Nuestros Patrocinadores - Hispanic Society Museum and Library\",\"isPartOf\":{\"@id\":\"https:\/\/hispanicsociety.org\/#website\"},\"primaryImageOfPage\":{\"@id\":\"https:\/\/hispanicsociety.org\/support-us\/our-supporters\/#primaryimage\"},\"image\":{\"@id\":\"https:\/\/hispanicsociety.org\/support-us\/our-supporters\/#primaryimage\"},\"thumbnailUrl\":\"https:\/\/hispanicsociety.org\/wp-content\/uploads\/2025\/04\/a1805_sorolla_vision_valencia.jpg\",\"datePublished\":\"2025-03-23T09:13:46+00:00\",\"dateModified\":\"2025-04-28T08:37:22+00:00\",\"breadcrumb\":{\"@id\":\"https:\/\/hispanicsociety.org\/support-us\/our-supporters\/#breadcrumb\"},\"inLanguage\":\"es\",\"potentialAction\":[{\"@type\":\"ReadAction\",\"target\":[\"https:\/\/hispanicsociety.org\/support-us\/our-supporters\/\"]}]},{\"@type\":\"ImageObject\",\"inLanguage\":\"es\",\"@id\":\"https:\/\/hispanicsociety.org\/support-us\/our-supporters\/#primaryimage\",\"url\":\"https:\/\/hispanicsociety.org\/wp-content\/uploads\/2025\/04\/a1805_sorolla_vision_valencia.jpg\",\"contentUrl\":\"https:\/\/hispanicsociety.org\/wp-content\/uploads\/2025\/04\/a1805_sorolla_vision_valencia.jpg\",\"width\":600,\"height\":360},{\"@type\":\"BreadcrumbList\",\"@id\":\"https:\/\/hispanicsociety.org\/support-us\/our-supporters\/#breadcrumb\",\"itemListElement\":[{\"@type\":\"ListItem\",\"position\":1,\"name\":\"Home\",\"item\":\"https:\/\/hispanicsociety.org\/\"},{\"@type\":\"ListItem\",\"position\":2,\"name\":\"Ap\u00f3yanos\",\"item\":\"https:\/\/hispanicsociety.org\/support-us\/\"},{\"@type\":\"ListItem\",\"position\":3,\"name\":\"Nuestros Patrocinadores\"}]},{\"@type\":\"WebSite\",\"@id\":\"https:\/\/hispanicsociety.org\/#website\",\"url\":\"https:\/\/hispanicsociety.org\/\",\"name\":\"Hispanic Society Museum and Library\",\"description\":\"\",\"publisher\":{\"@id\":\"https:\/\/hispanicsociety.org\/#organization\"},\"potentialAction\":[{\"@type\":\"SearchAction\",\"target\":{\"@type\":\"EntryPoint\",\"urlTemplate\":\"https:\/\/hispanicsociety.org\/?s={search_term_string}\"},\"query-input\":{\"@type\":\"PropertyValueSpecification\",\"valueRequired\":true,\"valueName\":\"search_term_string\"}}],\"inLanguage\":\"es\"},{\"@type\":\"Organization\",\"@id\":\"https:\/\/hispanicsociety.org\/#organization\",\"name\":\"Hispanic Society Museum and Library\",\"url\":\"https:\/\/hispanicsociety.org\/\",\"logo\":{\"@type\":\"ImageObject\",\"inLanguage\":\"es\",\"@id\":\"https:\/\/hispanicsociety.org\/#\/schema\/logo\/image\/\",\"url\":\"https:\/\/hispanicsociety.org\/wp-content\/uploads\/2025\/03\/hsa-logo-01.webp\",\"contentUrl\":\"https:\/\/hispanicsociety.org\/wp-content\/uploads\/2025\/03\/hsa-logo-01.webp\",\"width\":273,\"height\":68,\"caption\":\"Hispanic Society Museum and Library\"},\"image\":{\"@id\":\"https:\/\/hispanicsociety.org\/#\/schema\/logo\/image\/\"},\"sameAs\":[\"https:\/\/www.facebook.com\/hispanicsociety\",\"https:\/\/x.com\/HSAmuseum\",\"https:\/\/www.instagram.com\/hispanic_society\/\",\"https:\/\/www.youtube.com\/channel\/UCuEmouWL8wEMm24C-ScZwGg\"]}]}<\/script>\n<!-- \/ Yoast SEO plugin. -->","yoast_head_json":{"title":"Nuestros Patrocinadores - Hispanic Society Museum and Library","robots":{"index":"index","follow":"follow","max-snippet":"max-snippet:-1","max-image-preview":"max-image-preview:large","max-video-preview":"max-video-preview:-1"},"canonical":"https:\/\/hispanicsociety.org\/support-us\/our-supporters\/","og_locale":"es_ES","og_type":"article","og_title":"Nuestros Patrocinadores - Hispanic Society Museum and Library","og_url":"https:\/\/hispanicsociety.org\/support-us\/our-supporters\/","og_site_name":"Hispanic Society Museum and Library","article_publisher":"https:\/\/www.facebook.com\/hispanicsociety","article_modified_time":"2025-04-28T08:37:22+00:00","og_image":[{"width":600,"height":360,"url":"https:\/\/hispanicsociety.org\/wp-content\/uploads\/2025\/04\/a1805_sorolla_vision_valencia.jpg","type":"image\/jpeg"}],"twitter_card":"summary_large_image","twitter_site":"@HSAmuseum","schema":{"@context":"https:\/\/schema.org","@graph":[{"@type":"WebPage","@id":"https:\/\/hispanicsociety.org\/support-us\/our-supporters\/","url":"https:\/\/hispanicsociety.org\/support-us\/our-supporters\/","name":"Nuestros Patrocinadores - Hispanic Society Museum and Library","isPartOf":{"@id":"https:\/\/hispanicsociety.org\/#website"},"primaryImageOfPage":{"@id":"https:\/\/hispanicsociety.org\/support-us\/our-supporters\/#primaryimage"},"image":{"@id":"https:\/\/hispanicsociety.org\/support-us\/our-supporters\/#primaryimage"},"thumbnailUrl":"https:\/\/hispanicsociety.org\/wp-content\/uploads\/2025\/04\/a1805_sorolla_vision_valencia.jpg","datePublished":"2025-03-23T09:13:46+00:00","dateModified":"2025-04-28T08:37:22+00:00","breadcrumb":{"@id":"https:\/\/hispanicsociety.org\/support-us\/our-supporters\/#breadcrumb"},"inLanguage":"es","potentialAction":[{"@type":"ReadAction","target":["https:\/\/hispanicsociety.org\/support-us\/our-supporters\/"]}]},{"@type":"ImageObject","inLanguage":"es","@id":"https:\/\/hispanicsociety.org\/support-us\/our-supporters\/#primaryimage","url":"https:\/\/hispanicsociety.org\/wp-content\/uploads\/2025\/04\/a1805_sorolla_vision_valencia.jpg","contentUrl":"https:\/\/hispanicsociety.org\/wp-content\/uploads\/2025\/04\/a1805_sorolla_vision_valencia.jpg","width":600,"height":360},{"@type":"BreadcrumbList","@id":"https:\/\/hispanicsociety.org\/support-us\/our-supporters\/#breadcrumb","itemListElement":[{"@type":"ListItem","position":1,"name":"Home","item":"https:\/\/hispanicsociety.org\/"},{"@type":"ListItem","position":2,"name":"Ap\u00f3yanos","item":"https:\/\/hispanicsociety.org\/support-us\/"},{"@type":"ListItem","position":3,"name":"Nuestros Patrocinadores"}]},{"@type":"WebSite","@id":"https:\/\/hispanicsociety.org\/#website","url":"https:\/\/hispanicsociety.org\/","name":"Hispanic Society Museum and Library","description":"","publisher":{"@id":"https:\/\/hispanicsociety.org\/#organization"},"potentialAction":[{"@type":"SearchAction","target":{"@type":"EntryPoint","urlTemplate":"https:\/\/hispanicsociety.org\/?s={search_term_string}"},"query-input":{"@type":"PropertyValueSpecification","valueRequired":true,"valueName":"search_term_string"}}],"inLanguage":"es"},{"@type":"Organization","@id":"https:\/\/hispanicsociety.org\/#organization","name":"Hispanic Society Museum and Library","url":"https:\/\/hispanicsociety.org\/","logo":{"@type":"ImageObject","inLanguage":"es","@id":"https:\/\/hispanicsociety.org\/#\/schema\/logo\/image\/","url":"https:\/\/hispanicsociety.org\/wp-content\/uploads\/2025\/03\/hsa-logo-01.webp","contentUrl":"https:\/\/hispanicsociety.org\/wp-content\/uploads\/2025\/03\/hsa-logo-01.webp","width":273,"height":68,"caption":"Hispanic Society Museum and Library"},"image":{"@id":"https:\/\/hispanicsociety.org\/#\/schema\/logo\/image\/"},"sameAs":["https:\/\/www.facebook.com\/hispanicsociety","https:\/\/x.com\/HSAmuseum","https:\/\/www.instagram.com\/hispanic_society\/","https:\/\/www.youtube.com\/channel\/UCuEmouWL8wEMm24C-ScZwGg"]}]}},"_links":{"self":[{"href":"https:\/\/hispanicsociety.org\/es\/wp-json\/wp\/v2\/pages\/1543","targetHints":{"allow":["GET"]}}],"collection":[{"href":"https:\/\/hispanicsociety.org\/es\/wp-json\/wp\/v2\/pages"}],"about":[{"href":"https:\/\/hispanicsociety.org\/es\/wp-json\/wp\/v2\/types\/page"}],"author":[{"embeddable":true,"href":"https:\/\/hispanicsociety.org\/es\/wp-json\/wp\/v2\/users\/1"}],"replies":[{"embeddable":true,"href":"https:\/\/hispanicsociety.org\/es\/wp-json\/wp\/v2\/comments?post=1543"}],"version-history":[{"count":1,"href":"https:\/\/hispanicsociety.org\/es\/wp-json\/wp\/v2\/pages\/1543\/revisions"}],"predecessor-version":[{"id":1545,"href":"https:\/\/hispanicsociety.org\/es\/wp-json\/wp\/v2\/pages\/1543\/revisions\/1545"}],"up":[{"embeddable":true,"href":"https:\/\/hispanicsociety.org\/es\/wp-json\/wp\/v2\/pages\/1416"}],"wp:featuredmedia":[{"embeddable":true,"href":"https:\/\/hispanicsociety.org\/es\/wp-json\/wp\/v2\/media\/1030"}],"wp:attachment":[{"href":"https:\/\/hispanicsociety.org\/es\/wp-json\/wp\/v2\/media?parent=1543"}],"curies":[{"name":"wp","href":"https:\/\/api.w.org\/{rel}","templated":true}]}}