{"id":313,"date":"2025-03-04T11:54:34","date_gmt":"2025-03-04T11:54:34","guid":{"rendered":"https:\/\/hispanicsociety.org\/group-visits\/"},"modified":"2025-04-27T14:18:58","modified_gmt":"2025-04-27T14:18:58","slug":"visitas-en-grupo","status":"publish","type":"page","link":"https:\/\/hispanicsociety.org\/es\/visit\/visitas-en-grupo\/","title":{"rendered":"Visitas en grupo"},"content":{"rendered":"\r\n<div id=\"full-width-image-block_6315f65312b66267212eb82dc7cedd2b\" class=\"block full-width-image height_half\">\r\n            <div class=\"image_container\">\r\n            <figure class=\"\">\r\n                <img loading=\"lazy\" decoding=\"async\" width=\"1803\" height=\"1200\" src=\"https:\/\/hispanicsociety.org\/wp-content\/uploads\/2025\/03\/group_visits_cover.jpg\" class=\"\" alt=\"\" srcset=\"https:\/\/hispanicsociety.org\/wp-content\/uploads\/2025\/03\/group_visits_cover.jpg 1803w, https:\/\/hispanicsociety.org\/wp-content\/uploads\/2025\/03\/group_visits_cover-450x300.jpg 450w, https:\/\/hispanicsociety.org\/wp-content\/uploads\/2025\/03\/group_visits_cover-1200x799.jpg 1200w, https:\/\/hispanicsociety.org\/wp-content\/uploads\/2025\/03\/group_visits_cover-768x511.jpg 768w, https:\/\/hispanicsociety.org\/wp-content\/uploads\/2025\/03\/group_visits_cover-1536x1022.jpg 1536w\" sizes=\"auto, (max-width: 1803px) 100vw, 1803px\" \/>            <\/figure>\r\n                            <figcaption class=\"\">\r\n                    Galer\u00eda del edificio norte                <\/figcaption>\r\n                    <\/div>\r\n    <\/div>\r\n\n\n\r\n<div id=\"text-sections-block_67763e245edfbe8a569cb50eac34fa8b\" class=\"block text-sections\">\r\n            <div class=\"text-section site_width one_cols\">\r\n                            <h1 class=\"section_title\">\r\n                    Visitas en grupo                <\/h1>\r\n            \r\n                            <div class=\"text_content\">\r\n                    <p>La Hispanic Society of America ofrece visitas guiadas gratuitas para grupos escolares. Para obtener informaci\u00f3n sobre la organizaci\u00f3n de visitas para grupos no escolares, p\u00f3ngase en contacto con nosotros utilizando el formulario que figura a continuaci\u00f3n.<\/p>\n<p>Las visitas se ofrecen tanto en ingl\u00e9s como en espa\u00f1ol.<\/p>\n<p><em><u>No se permitir\u00e1n visitas en grupo sin una confirmaci\u00f3n<\/u> <\/em>del Departamento de Educaci\u00f3n. A su llegada a las instalaciones, se le pedir\u00e1 que presente la confirmaci\u00f3n de la visita en grupo.<\/p>\n<p>Para resevar su visita lo puede hacer: e<a href=\"mailto:ducation@wordpress-1222768-4350958.cloudwaysapps.com\">ducation@wordpress-1222768-4350958.cloudwaysapps.com<\/a><\/p>\n<p><strong>PARA ORGANIZAR VISITAS<\/strong><\/p>\n<p><em><u>No se permitir\u00e1n visitas en grupo sin una confirmaci\u00f3n<\/u> <\/em>del Departamento de Educaci\u00f3n. A su llegada a las instalaciones, se le pedir\u00e1 que presente la confirmaci\u00f3n de la visita en grupo.<\/p>\n<p><strong>Directrices para las visitas de grupos escolares<\/strong><\/p>\n<p>Se ofrecen visitas para grupos de 10 a 20 personas, incluidos profesores y acompa\u00f1antes. Los grupos de m\u00e1s de 20 personas podr\u00e1n dividirse en secciones con el fin de cumplir las normas del Cuerpo de Bomberos de la Ciudad de Nueva York.<\/p>\n<p>Las<strong> reservas <\/strong>deber\u00e1n realizarse con, al menos, cuatro semanas de antelaci\u00f3n y estar\u00e1n sujetas a disponibilidad. Se enviar\u00e1 una confirmaci\u00f3n por correo electr\u00f3nico que deber\u00e1 presentarse a su llegada a la Sociedad.<\/p>\n<p>Las<strong> cancelaciones <\/strong>deber\u00e1n notificarse con 48 horas de antelaci\u00f3n.<\/p>\n<p><em><u>Ser\u00e1 necesaria la supervisi\u00f3n de un adulto por cada diez alumnos<\/u><\/em>. Para grupos de alumnos de los cursos tercero a quinto, ser\u00e1 necesario un adulto por cada cinco alumnos. Los profesores y acompa\u00f1antes estar\u00e1n obligados a permanecer con el grupo en todo momento, y ser\u00e1n responsables de la conducta y el comportamiento de los alumnos.<\/p>\n<p>Calcule un total de 60 a 90 minutos para las visitas en grupo.<\/p>\n<p>Adem\u00e1s, las visitas en grupo deber\u00e1n respetar todas las directrices para los visitantes.<\/p>\n<p>&nbsp;<\/p>\n                <\/div>\r\n                    <\/div>\r\n            <div class=\"text-section site_width one_cols\">\r\n                            <h2 class=\"section_title\">\r\n                    Gu\u00eda del visitante                <\/h2>\r\n            \r\n                            <div class=\"text_content\">\r\n                    <p>NO SE PERMITEN FOTOGRAF\u00cdAS CON FLASH. Est\u00e1n prohibidos los dispositivos de grabaci\u00f3n y reproducci\u00f3n de m\u00fasica. Los visitantes no pueden tocar ninguno de los objetos en exhibici\u00f3n, incluidos los muebles. No se permiten art\u00edculos de gran tama\u00f1o como equipaje o mochilas en las galer\u00edas. Est\u00e1n prohibidos los alimentos (incluidos chicles y dulces) y las bebidas en las galer\u00edas. No se permite fumar. No se permiten animales que no sean de servicio, scooters, patinetas, patines ni bicicletas el\u00e9ctricas.<\/p>\n                <\/div>\r\n                    <\/div>\r\n    <\/div>\r\n\r\n\n\n\r\n<div id=\"related-content-block_0ed323538e5db50d7513a7964f97e1cc\" class=\"block site_width related-content\">\r\n    <h3 class=\"related-content__heading\">Explorar m\u00e1s<\/h3>    <div class=\"content_cards_grid\">\n                    <article class=\"single_content_card\">\n                <div class=\"content_thumbnail\">\n                    <img loading=\"lazy\" decoding=\"async\" width=\"450\" height=\"270\" src=\"https:\/\/hispanicsociety.org\/wp-content\/uploads\/2025\/04\/a297_sorolla-leonese-peasants-450x270.jpg\" class=\"attachment-medium size-medium wp-post-image\" alt=\"\" srcset=\"https:\/\/hispanicsociety.org\/wp-content\/uploads\/2025\/04\/a297_sorolla-leonese-peasants-450x270.jpg 450w, https:\/\/hispanicsociety.org\/wp-content\/uploads\/2025\/04\/a297_sorolla-leonese-peasants-768x461.jpg 768w, https:\/\/hispanicsociety.org\/wp-content\/uploads\/2025\/04\/a297_sorolla-leonese-peasants.jpg 1200w\" sizes=\"auto, (max-width: 450px) 100vw, 450px\" \/>                <\/div>\n                <div class=\"content_card_info\">\n                    <div class=\"content_card_title\">\n                        Pol\u00edticas para visitantes                    <\/div>\n                    <div class=\"content_card_excerpt\">\n                        Recording devices and music playing devices are prohibited. Visitors may not touch any of the objects on display, including furniture. No oversized items such as luggage or&#8230;                    <\/div>\n                <\/div>\n                <a href=\"https:\/\/hispanicsociety.org\/es\/visit\/visitor-policies\/\" class=\"cta_button small accent\">\n                    Read\n                <\/a>\n            <\/article>\n                    <article class=\"single_content_card\">\n                <div class=\"content_thumbnail\">\n                    <img loading=\"lazy\" decoding=\"async\" width=\"450\" height=\"255\" src=\"https:\/\/hispanicsociety.org\/wp-content\/uploads\/2025\/03\/home_monet_to__matisse_gardens-450x255.jpg\" class=\"attachment-medium size-medium wp-post-image\" alt=\"\" srcset=\"https:\/\/hispanicsociety.org\/wp-content\/uploads\/2025\/03\/home_monet_to__matisse_gardens-450x255.jpg 450w, https:\/\/hispanicsociety.org\/wp-content\/uploads\/2025\/03\/home_monet_to__matisse_gardens-1200x680.jpg 1200w, https:\/\/hispanicsociety.org\/wp-content\/uploads\/2025\/03\/home_monet_to__matisse_gardens-768x435.jpg 768w, https:\/\/hispanicsociety.org\/wp-content\/uploads\/2025\/03\/home_monet_to__matisse_gardens-1536x870.jpg 1536w, https:\/\/hispanicsociety.org\/wp-content\/uploads\/2025\/03\/home_monet_to__matisse_gardens-2048x1161.jpg 2048w, https:\/\/hispanicsociety.org\/wp-content\/uploads\/2025\/03\/home_monet_to__matisse_gardens-1920x1088.jpg 1920w\" sizes=\"auto, (max-width: 450px) 100vw, 450px\" \/>                <\/div>\n                <div class=\"content_card_info\">\n                    <div class=\"content_card_title\">\n                        Horarios y Ubicaciones                    <\/div>\n                    <div class=\"content_card_excerpt\">\n                        The Museum and Library Reading Room are closed on all major holidays. Please consult the list of closures, below, before planning your visit.                    <\/div>\n                <\/div>\n                <a href=\"https:\/\/hispanicsociety.org\/es\/visit\/hours-and-locations\/\" class=\"cta_button small accent\">\n                    Read\n                <\/a>\n            <\/article>\n                    <article class=\"single_content_card\">\n                <div class=\"content_thumbnail\">\n                    <img loading=\"lazy\" decoding=\"async\" width=\"450\" height=\"205\" src=\"https:\/\/hispanicsociety.org\/wp-content\/uploads\/2025\/04\/WH2-450x205.jpg\" class=\"attachment-medium size-medium wp-post-image\" alt=\"\" srcset=\"https:\/\/hispanicsociety.org\/wp-content\/uploads\/2025\/04\/WH2-450x205.jpg 450w, https:\/\/hispanicsociety.org\/wp-content\/uploads\/2025\/04\/WH2-768x350.jpg 768w, https:\/\/hispanicsociety.org\/wp-content\/uploads\/2025\/04\/WH2.jpg 1140w\" sizes=\"auto, (max-width: 450px) 100vw, 450px\" \/>                <\/div>\n                <div class=\"content_card_info\">\n                    <div class=\"content_card_title\">\n                        Explora el Barrio                    <\/div>\n                    <div class=\"content_card_excerpt\">\n                                            <\/div>\n                <\/div>\n                <a href=\"https:\/\/hispanicsociety.org\/es\/visit\/explore-the-neighborhood\/\" class=\"cta_button small accent\">\n                    Read\n                <\/a>\n            <\/article>\n                    <article class=\"single_content_card\">\n                <div class=\"content_thumbnail\">\n                    <img loading=\"lazy\" decoding=\"async\" width=\"450\" height=\"300\" src=\"https:\/\/hispanicsociety.org\/wp-content\/uploads\/2025\/03\/hispanic-society-2014-0441-2-450x300.jpg\" class=\"attachment-medium size-medium wp-post-image\" alt=\"\" srcset=\"https:\/\/hispanicsociety.org\/wp-content\/uploads\/2025\/03\/hispanic-society-2014-0441-2-450x300.jpg 450w, https:\/\/hispanicsociety.org\/wp-content\/uploads\/2025\/03\/hispanic-society-2014-0441-2-1200x800.jpg 1200w, https:\/\/hispanicsociety.org\/wp-content\/uploads\/2025\/03\/hispanic-society-2014-0441-2-768x512.jpg 768w, https:\/\/hispanicsociety.org\/wp-content\/uploads\/2025\/03\/hispanic-society-2014-0441-2-1536x1024.jpg 1536w, https:\/\/hispanicsociety.org\/wp-content\/uploads\/2025\/03\/hispanic-society-2014-0441-2-2048x1366.jpg 2048w, https:\/\/hispanicsociety.org\/wp-content\/uploads\/2025\/03\/hispanic-society-2014-0441-2-1920x1280.jpg 1920w\" sizes=\"auto, (max-width: 450px) 100vw, 450px\" \/>                <\/div>\n                <div class=\"content_card_info\">\n                    <div class=\"content_card_title\">\n                        Galer\u00edas                    <\/div>\n                    <div class=\"content_card_excerpt\">\n                        Explore highlights of Hispanic Society\u2019s history, works on view, special exhibitions, and the Audubon Terrace variety of tours with Museum educators                    <\/div>\n                <\/div>\n                <a href=\"https:\/\/hispanicsociety.org\/es\/visit\/galleries\/\" class=\"cta_button small accent\">\n                    Read\n                <\/a>\n            <\/article>\n            <\/div>\n    <\/div>\r\n","protected":false},"excerpt":{"rendered":"<p>Explore highlights of Hispanic Society\u2019s history, works on view, special exhibitions, and the Audubon Terrace variety of tours with Museum educators every\u00a0\u00a0Friday and Saturday\u00a0 at 2:00 p.m. Space is limited.\u00a0<\/p>\n<p>The supervision of\u00a0one adult is required for every ten students. Teachers and chaperones are required to stay with their group at all times and are responsible for the students\u2019 conduct and behavior.\u00a0<\/p>\n","protected":false},"author":1,"featured_media":298,"parent":1479,"menu_order":0,"comment_status":"closed","ping_status":"closed","template":"","meta":{"_acf_changed":false,"footnotes":""},"class_list":["post-313","page","type-page","status-publish","has-post-thumbnail","hentry"],"acf":[],"yoast_head":"<!-- This site is optimized with the Yoast SEO plugin v26.9 - https:\/\/yoast.com\/product\/yoast-seo-wordpress\/ -->\n<title>Visitas en grupo - Hispanic Society Museum and Library<\/title>\n<meta name=\"robots\" content=\"index, follow, max-snippet:-1, max-image-preview:large, max-video-preview:-1\" \/>\n<link rel=\"canonical\" href=\"https:\/\/hispanicsociety.org\/visit\/group-visits\/\" \/>\n<meta property=\"og:locale\" content=\"es_ES\" \/>\n<meta property=\"og:type\" content=\"article\" \/>\n<meta property=\"og:title\" content=\"Visitas en grupo - Hispanic Society Museum and Library\" \/>\n<meta property=\"og:description\" content=\"Explore highlights of Hispanic Society\u2019s history, works on view, special exhibitions, and the Audubon Terrace variety of tours with Museum educators every\u00a0\u00a0Friday and Saturday\u00a0 at 2:00 p.m. Space is limited.\u00a0 The supervision of\u00a0one adult is required for every ten students. Teachers and chaperones are required to stay with their group at all times and are responsible for the students\u2019 conduct and behavior.\u00a0\" \/>\n<meta property=\"og:url\" content=\"https:\/\/hispanicsociety.org\/visit\/group-visits\/\" \/>\n<meta property=\"og:site_name\" content=\"Hispanic Society Museum and Library\" \/>\n<meta property=\"article:publisher\" content=\"https:\/\/www.facebook.com\/hispanicsociety\" \/>\n<meta property=\"article:modified_time\" content=\"2025-04-27T14:18:58+00:00\" \/>\n<meta property=\"og:image\" content=\"https:\/\/hispanicsociety.org\/wp-content\/uploads\/2025\/03\/group_visits_cover.jpg\" \/>\n\t<meta property=\"og:image:width\" content=\"1803\" \/>\n\t<meta property=\"og:image:height\" content=\"1200\" \/>\n\t<meta property=\"og:image:type\" content=\"image\/jpeg\" \/>\n<meta name=\"twitter:card\" content=\"summary_large_image\" \/>\n<meta name=\"twitter:site\" content=\"@HSAmuseum\" \/>\n<script type=\"application\/ld+json\" class=\"yoast-schema-graph\">{\"@context\":\"https:\/\/schema.org\",\"@graph\":[{\"@type\":\"WebPage\",\"@id\":\"https:\/\/hispanicsociety.org\/visit\/group-visits\/\",\"url\":\"https:\/\/hispanicsociety.org\/visit\/group-visits\/\",\"name\":\"Visitas en grupo - Hispanic Society Museum and Library\",\"isPartOf\":{\"@id\":\"https:\/\/hispanicsociety.org\/#website\"},\"primaryImageOfPage\":{\"@id\":\"https:\/\/hispanicsociety.org\/visit\/group-visits\/#primaryimage\"},\"image\":{\"@id\":\"https:\/\/hispanicsociety.org\/visit\/group-visits\/#primaryimage\"},\"thumbnailUrl\":\"https:\/\/hispanicsociety.org\/wp-content\/uploads\/2025\/03\/group_visits_cover.jpg\",\"datePublished\":\"2025-03-04T11:54:34+00:00\",\"dateModified\":\"2025-04-27T14:18:58+00:00\",\"breadcrumb\":{\"@id\":\"https:\/\/hispanicsociety.org\/visit\/group-visits\/#breadcrumb\"},\"inLanguage\":\"es\",\"potentialAction\":[{\"@type\":\"ReadAction\",\"target\":[\"https:\/\/hispanicsociety.org\/visit\/group-visits\/\"]}]},{\"@type\":\"ImageObject\",\"inLanguage\":\"es\",\"@id\":\"https:\/\/hispanicsociety.org\/visit\/group-visits\/#primaryimage\",\"url\":\"https:\/\/hispanicsociety.org\/wp-content\/uploads\/2025\/03\/group_visits_cover.jpg\",\"contentUrl\":\"https:\/\/hispanicsociety.org\/wp-content\/uploads\/2025\/03\/group_visits_cover.jpg\",\"width\":1803,\"height\":1200,\"caption\":\"A group visit enjoying a lecture\"},{\"@type\":\"BreadcrumbList\",\"@id\":\"https:\/\/hispanicsociety.org\/visit\/group-visits\/#breadcrumb\",\"itemListElement\":[{\"@type\":\"ListItem\",\"position\":1,\"name\":\"Home\",\"item\":\"https:\/\/hispanicsociety.org\/\"},{\"@type\":\"ListItem\",\"position\":2,\"name\":\"Visita\",\"item\":\"https:\/\/hispanicsociety.org\/visit\/\"},{\"@type\":\"ListItem\",\"position\":3,\"name\":\"Visitas en grupo\"}]},{\"@type\":\"WebSite\",\"@id\":\"https:\/\/hispanicsociety.org\/#website\",\"url\":\"https:\/\/hispanicsociety.org\/\",\"name\":\"Hispanic Society Museum and Library\",\"description\":\"\",\"publisher\":{\"@id\":\"https:\/\/hispanicsociety.org\/#organization\"},\"potentialAction\":[{\"@type\":\"SearchAction\",\"target\":{\"@type\":\"EntryPoint\",\"urlTemplate\":\"https:\/\/hispanicsociety.org\/?s={search_term_string}\"},\"query-input\":{\"@type\":\"PropertyValueSpecification\",\"valueRequired\":true,\"valueName\":\"search_term_string\"}}],\"inLanguage\":\"es\"},{\"@type\":\"Organization\",\"@id\":\"https:\/\/hispanicsociety.org\/#organization\",\"name\":\"Hispanic Society Museum and Library\",\"url\":\"https:\/\/hispanicsociety.org\/\",\"logo\":{\"@type\":\"ImageObject\",\"inLanguage\":\"es\",\"@id\":\"https:\/\/hispanicsociety.org\/#\/schema\/logo\/image\/\",\"url\":\"https:\/\/hispanicsociety.org\/wp-content\/uploads\/2025\/03\/hsa-logo-01.webp\",\"contentUrl\":\"https:\/\/hispanicsociety.org\/wp-content\/uploads\/2025\/03\/hsa-logo-01.webp\",\"width\":273,\"height\":68,\"caption\":\"Hispanic Society Museum and Library\"},\"image\":{\"@id\":\"https:\/\/hispanicsociety.org\/#\/schema\/logo\/image\/\"},\"sameAs\":[\"https:\/\/www.facebook.com\/hispanicsociety\",\"https:\/\/x.com\/HSAmuseum\",\"https:\/\/www.instagram.com\/hispanic_society\/\",\"https:\/\/www.youtube.com\/channel\/UCuEmouWL8wEMm24C-ScZwGg\"]}]}<\/script>\n<!-- \/ Yoast SEO plugin. -->","yoast_head_json":{"title":"Visitas en grupo - Hispanic Society Museum and Library","robots":{"index":"index","follow":"follow","max-snippet":"max-snippet:-1","max-image-preview":"max-image-preview:large","max-video-preview":"max-video-preview:-1"},"canonical":"https:\/\/hispanicsociety.org\/visit\/group-visits\/","og_locale":"es_ES","og_type":"article","og_title":"Visitas en grupo - Hispanic Society Museum and Library","og_description":"Explore highlights of Hispanic Society\u2019s history, works on view, special exhibitions, and the Audubon Terrace variety of tours with Museum educators every\u00a0\u00a0Friday and Saturday\u00a0 at 2:00 p.m. Space is limited.\u00a0 The supervision of\u00a0one adult is required for every ten students. Teachers and chaperones are required to stay with their group at all times and are responsible for the students\u2019 conduct and behavior.\u00a0","og_url":"https:\/\/hispanicsociety.org\/visit\/group-visits\/","og_site_name":"Hispanic Society Museum and Library","article_publisher":"https:\/\/www.facebook.com\/hispanicsociety","article_modified_time":"2025-04-27T14:18:58+00:00","og_image":[{"width":1803,"height":1200,"url":"https:\/\/hispanicsociety.org\/wp-content\/uploads\/2025\/03\/group_visits_cover.jpg","type":"image\/jpeg"}],"twitter_card":"summary_large_image","twitter_site":"@HSAmuseum","schema":{"@context":"https:\/\/schema.org","@graph":[{"@type":"WebPage","@id":"https:\/\/hispanicsociety.org\/visit\/group-visits\/","url":"https:\/\/hispanicsociety.org\/visit\/group-visits\/","name":"Visitas en grupo - Hispanic Society Museum and Library","isPartOf":{"@id":"https:\/\/hispanicsociety.org\/#website"},"primaryImageOfPage":{"@id":"https:\/\/hispanicsociety.org\/visit\/group-visits\/#primaryimage"},"image":{"@id":"https:\/\/hispanicsociety.org\/visit\/group-visits\/#primaryimage"},"thumbnailUrl":"https:\/\/hispanicsociety.org\/wp-content\/uploads\/2025\/03\/group_visits_cover.jpg","datePublished":"2025-03-04T11:54:34+00:00","dateModified":"2025-04-27T14:18:58+00:00","breadcrumb":{"@id":"https:\/\/hispanicsociety.org\/visit\/group-visits\/#breadcrumb"},"inLanguage":"es","potentialAction":[{"@type":"ReadAction","target":["https:\/\/hispanicsociety.org\/visit\/group-visits\/"]}]},{"@type":"ImageObject","inLanguage":"es","@id":"https:\/\/hispanicsociety.org\/visit\/group-visits\/#primaryimage","url":"https:\/\/hispanicsociety.org\/wp-content\/uploads\/2025\/03\/group_visits_cover.jpg","contentUrl":"https:\/\/hispanicsociety.org\/wp-content\/uploads\/2025\/03\/group_visits_cover.jpg","width":1803,"height":1200,"caption":"A group visit enjoying a lecture"},{"@type":"BreadcrumbList","@id":"https:\/\/hispanicsociety.org\/visit\/group-visits\/#breadcrumb","itemListElement":[{"@type":"ListItem","position":1,"name":"Home","item":"https:\/\/hispanicsociety.org\/"},{"@type":"ListItem","position":2,"name":"Visita","item":"https:\/\/hispanicsociety.org\/visit\/"},{"@type":"ListItem","position":3,"name":"Visitas en grupo"}]},{"@type":"WebSite","@id":"https:\/\/hispanicsociety.org\/#website","url":"https:\/\/hispanicsociety.org\/","name":"Hispanic Society Museum and Library","description":"","publisher":{"@id":"https:\/\/hispanicsociety.org\/#organization"},"potentialAction":[{"@type":"SearchAction","target":{"@type":"EntryPoint","urlTemplate":"https:\/\/hispanicsociety.org\/?s={search_term_string}"},"query-input":{"@type":"PropertyValueSpecification","valueRequired":true,"valueName":"search_term_string"}}],"inLanguage":"es"},{"@type":"Organization","@id":"https:\/\/hispanicsociety.org\/#organization","name":"Hispanic Society Museum and Library","url":"https:\/\/hispanicsociety.org\/","logo":{"@type":"ImageObject","inLanguage":"es","@id":"https:\/\/hispanicsociety.org\/#\/schema\/logo\/image\/","url":"https:\/\/hispanicsociety.org\/wp-content\/uploads\/2025\/03\/hsa-logo-01.webp","contentUrl":"https:\/\/hispanicsociety.org\/wp-content\/uploads\/2025\/03\/hsa-logo-01.webp","width":273,"height":68,"caption":"Hispanic Society Museum and Library"},"image":{"@id":"https:\/\/hispanicsociety.org\/#\/schema\/logo\/image\/"},"sameAs":["https:\/\/www.facebook.com\/hispanicsociety","https:\/\/x.com\/HSAmuseum","https:\/\/www.instagram.com\/hispanic_society\/","https:\/\/www.youtube.com\/channel\/UCuEmouWL8wEMm24C-ScZwGg"]}]}},"_links":{"self":[{"href":"https:\/\/hispanicsociety.org\/es\/wp-json\/wp\/v2\/pages\/313","targetHints":{"allow":["GET"]}}],"collection":[{"href":"https:\/\/hispanicsociety.org\/es\/wp-json\/wp\/v2\/pages"}],"about":[{"href":"https:\/\/hispanicsociety.org\/es\/wp-json\/wp\/v2\/types\/page"}],"author":[{"embeddable":true,"href":"https:\/\/hispanicsociety.org\/es\/wp-json\/wp\/v2\/users\/1"}],"replies":[{"embeddable":true,"href":"https:\/\/hispanicsociety.org\/es\/wp-json\/wp\/v2\/comments?post=313"}],"version-history":[{"count":3,"href":"https:\/\/hispanicsociety.org\/es\/wp-json\/wp\/v2\/pages\/313\/revisions"}],"predecessor-version":[{"id":1460,"href":"https:\/\/hispanicsociety.org\/es\/wp-json\/wp\/v2\/pages\/313\/revisions\/1460"}],"up":[{"embeddable":true,"href":"https:\/\/hispanicsociety.org\/es\/wp-json\/wp\/v2\/pages\/1479"}],"wp:featuredmedia":[{"embeddable":true,"href":"https:\/\/hispanicsociety.org\/es\/wp-json\/wp\/v2\/media\/298"}],"wp:attachment":[{"href":"https:\/\/hispanicsociety.org\/es\/wp-json\/wp\/v2\/media?parent=313"}],"curies":[{"name":"wp","href":"https:\/\/api.w.org\/{rel}","templated":true}]}}